{"id":741284,"date":"2025-08-28T00:46:19","date_gmt":"2025-08-27T21:46:19","guid":{"rendered":"https:\/\/roveyayinevi.com.tr\/index.php\/urun\/benim-super-bedenim\/"},"modified":"2026-04-16T02:52:35","modified_gmt":"2026-04-15T23:52:35","slug":"benim-super-bedenim","status":"publish","type":"product","link":"https:\/\/roveyayinevi.com.tr\/index.php\/urun\/benim-super-bedenim\/","title":{"rendered":"Benim S\u00fcper Bedenim"},"content":{"rendered":"<p>\u0130nsanlar \u00e7e\u015fit \u00e7e\u015fit, herkes ne kadar farkl\u0131!   Benim S\u00fcper Bedenim bedenimizi tan\u0131t\u0131rken herkesin farkl\u0131 fiziksel \u00f6zelliklere sahip oldu\u011funu yal\u0131nl\u0131kla anlat\u0131yor. \u00dcstelik farkl\u0131l\u0131klar\u0131m\u0131z\u0131n ola\u011fan\u00fcst\u00fc oldu\u011funu, hayatta istedi\u011fimiz her \u015feyi yapmak i\u00e7in ihtiya\u00e7 duydu\u011fumuz ger\u00e7ek s\u00fcper g\u00fcc\u00fcnse i\u00e7imizde oldu\u011funu vurguluyor.   Ger\u00e7ek S\u00fcper G\u00fc\u00e7 kitab\u0131n\u0131n sevilen yazar\u0131 Ninka Reittu\u2019dan harika bir fark\u0131ndal\u0131k hik\u00e2yesi\u2026 <\/p>\n","protected":false},"excerpt":{"rendered":"<p>\u0130nsanlar \u00e7e\u015fit \u00e7e\u015fit, herkes ne kadar farkl\u0131! Benim S\u00fcper Bedenim bedenimizi tan\u0131t\u0131rken herkesin farkl\u0131 fiziksel \u00f6zelliklere sahip oldu\u011funu yal\u0131nl\u0131kla anlat\u0131yor. \u00dcstelik farkl\u0131l\u0131klar\u0131m\u0131z\u0131n ola\u011fan\u00fcst\u00fc oldu\u011funu, hayatta istedi\u011fimiz<span class=\"excerpt-hellip\"> [\u2026]<\/span><\/p>\n","protected":false},"featured_media":0,"template":"","meta":{"_monsterinsights_skip_tracking":false,"_monsterinsights_sitenote_active":false,"_monsterinsights_sitenote_note":"","_monsterinsights_sitenote_category":0},"product_brand":[],"product_cat":[12913,12274],"product_tag":[],"class_list":{"0":"post-741284","1":"product","2":"type-product","3":"status-publish","5":"product_cat-3-6-yas-kitaplari","6":"product_cat-cocuk-ve-genclik-kitaplari","7":"pa_cilt-ciltsiz","8":"pa_tur-kitap","9":"pa_yayinevi-yapi-kredi-yayinlari","10":"pa_yazar-ninka-reittu","12":"first","13":"instock","14":"sale","15":"shipping-taxable","16":"purchasable","17":"product-type-simple"},"_links":{"self":[{"href":"https:\/\/roveyayinevi.com.tr\/index.php\/wp-json\/wp\/v2\/product\/741284","targetHints":{"allow":["GET"]}}],"collection":[{"href":"https:\/\/roveyayinevi.com.tr\/index.php\/wp-json\/wp\/v2\/product"}],"about":[{"href":"https:\/\/roveyayinevi.com.tr\/index.php\/wp-json\/wp\/v2\/types\/product"}],"wp:attachment":[{"href":"https:\/\/roveyayinevi.com.tr\/index.php\/wp-json\/wp\/v2\/media?parent=741284"}],"wp:term":[{"taxonomy":"product_brand","embeddable":true,"href":"https:\/\/roveyayinevi.com.tr\/index.php\/wp-json\/wp\/v2\/product_brand?post=741284"},{"taxonomy":"product_cat","embeddable":true,"href":"https:\/\/roveyayinevi.com.tr\/index.php\/wp-json\/wp\/v2\/product_cat?post=741284"},{"taxonomy":"product_tag","embeddable":true,"href":"https:\/\/roveyayinevi.com.tr\/index.php\/wp-json\/wp\/v2\/product_tag?post=741284"}],"curies":[{"name":"wp","href":"https:\/\/api.w.org\/{rel}","templated":true}]}}