{"id":741280,"date":"2025-08-28T00:46:13","date_gmt":"2025-08-27T21:46:13","guid":{"rendered":"https:\/\/roveyayinevi.com.tr\/index.php\/urun\/guzel-sozcuk-koleksiyonu\/"},"modified":"2026-04-16T02:52:34","modified_gmt":"2026-04-15T23:52:34","slug":"guzel-sozcuk-koleksiyonu","status":"publish","type":"product","link":"https:\/\/roveyayinevi.com.tr\/index.php\/urun\/guzel-sozcuk-koleksiyonu\/","title":{"rendered":"G\u00fczel S\u00f6zc\u00fck Koleksiyonu"},"content":{"rendered":"<p>S\u00f6zc\u00fckler\u2026 Bazen kalp k\u0131rar, bazen d\u00fcnyay\u0131 g\u00fczelle\u015ftirir.   \u201cS\u00f6zc\u00fckler binlerce; de\u011fi\u015fir, d\u00f6n\u00fc\u015f\u00fcr ve hi\u00e7 t\u00fckenmezler! Her ihtiyac\u0131m\u0131z oldu\u011funda imdad\u0131m\u0131za yeti\u015firler. Ne kadar \u00e7ok okursan o kadar s\u00f6zc\u00fck girer s\u00f6zl\u00fc\u011f\u00fcne Ve g\u00fczel konu\u015fmak i\u00e7in ihtiyac\u0131n var y\u00fczlercesine!\u201d   <\/p>\n","protected":false},"excerpt":{"rendered":"<p>S\u00f6zc\u00fckler\u2026 Bazen kalp k\u0131rar, bazen d\u00fcnyay\u0131 g\u00fczelle\u015ftirir. \u201cS\u00f6zc\u00fckler binlerce; de\u011fi\u015fir, d\u00f6n\u00fc\u015f\u00fcr ve hi\u00e7 t\u00fckenmezler! Her ihtiyac\u0131m\u0131z oldu\u011funda imdad\u0131m\u0131za yeti\u015firler. Ne kadar \u00e7ok okursan o kadar s\u00f6zc\u00fck<span class=\"excerpt-hellip\"> [\u2026]<\/span><\/p>\n","protected":false},"featured_media":0,"template":"","meta":{"_monsterinsights_skip_tracking":false,"_monsterinsights_sitenote_active":false,"_monsterinsights_sitenote_note":"","_monsterinsights_sitenote_category":0},"product_brand":[],"product_cat":[12913,12274],"product_tag":[],"class_list":{"0":"post-741280","1":"product","2":"type-product","3":"status-publish","5":"product_cat-3-6-yas-kitaplari","6":"product_cat-cocuk-ve-genclik-kitaplari","7":"pa_cilt-ciltsiz","8":"pa_tur-kitap","9":"pa_yayinevi-yapi-kredi-yayinlari","10":"pa_yazar-nergis-seli","12":"first","13":"instock","14":"sale","15":"shipping-taxable","16":"purchasable","17":"product-type-simple"},"_links":{"self":[{"href":"https:\/\/roveyayinevi.com.tr\/index.php\/wp-json\/wp\/v2\/product\/741280","targetHints":{"allow":["GET"]}}],"collection":[{"href":"https:\/\/roveyayinevi.com.tr\/index.php\/wp-json\/wp\/v2\/product"}],"about":[{"href":"https:\/\/roveyayinevi.com.tr\/index.php\/wp-json\/wp\/v2\/types\/product"}],"wp:attachment":[{"href":"https:\/\/roveyayinevi.com.tr\/index.php\/wp-json\/wp\/v2\/media?parent=741280"}],"wp:term":[{"taxonomy":"product_brand","embeddable":true,"href":"https:\/\/roveyayinevi.com.tr\/index.php\/wp-json\/wp\/v2\/product_brand?post=741280"},{"taxonomy":"product_cat","embeddable":true,"href":"https:\/\/roveyayinevi.com.tr\/index.php\/wp-json\/wp\/v2\/product_cat?post=741280"},{"taxonomy":"product_tag","embeddable":true,"href":"https:\/\/roveyayinevi.com.tr\/index.php\/wp-json\/wp\/v2\/product_tag?post=741280"}],"curies":[{"name":"wp","href":"https:\/\/api.w.org\/{rel}","templated":true}]}}