{"id":741278,"date":"2025-08-28T00:46:10","date_gmt":"2025-08-27T21:46:10","guid":{"rendered":"https:\/\/roveyayinevi.com.tr\/index.php\/urun\/yuzyil-savaslari\/"},"modified":"2026-04-12T02:56:43","modified_gmt":"2026-04-11T23:56:43","slug":"yuzyil-savaslari","status":"publish","type":"product","link":"https:\/\/roveyayinevi.com.tr\/index.php\/urun\/yuzyil-savaslari\/","title":{"rendered":"Y\u00fczy\u0131l Sava\u015flar\u0131"},"content":{"rendered":"<p>Sava\u015f her \u015feyin babas\u0131d\u0131r demi\u015f Desiderius Erasmus. Bu durum XII. y\u00fczy\u0131ldan sonra bir\u00e7ok kez birbirleriyle sava\u015fan Fransa ve \u0130ngiltere i\u00e7in de ge\u00e7erli olmu\u015ftur. Fakat onlar a\u00e7\u0131s\u0131ndan as\u0131l \u00f6nemli geli\u015fme 1337&#8217;ye gelindi\u011finde ba\u015flam\u0131\u015ft\u0131r. Bir veraset konusundan dolay\u0131 ba\u015flayan Y\u00fczy\u0131l Sava\u015flar\u0131yla birlikte iki \u00fclke aras\u0131nda \u00e7ok daha \u015fiddetli m\u00fccadelelerin ya\u015fand\u0131\u011f\u0131 bir d\u00f6neme girilmi\u015ftir. Akabinde bu olay, her iki toplumu derinden sarsacak neticeler ortaya \u00e7\u0131karm\u0131\u015ft\u0131r. Bu durum \u00f6yle bir nefrete yol a\u00e7m\u0131\u015ft\u0131r ki taraflar aras\u0131ndaki sava\u015f hali XIX. y\u00fczy\u0131l ba\u015flar\u0131na kadar s\u00fcrm\u00fc\u015ft\u00fcr. Hatta Fransa&#8217;n\u0131n kraliyet armas\u0131, 1932 y\u0131l\u0131na kadar Times gazetesinin logosunda yer alm\u0131\u015ft\u0131r.Sava\u015f her ne kadar veraset mevzusundan ba\u015flam\u0131\u015fsa da asl\u0131nda bu olay\u0131n feodal bir ayr\u0131l\u0131k s\u00fcreci oldu\u011funu ve bunun sanc\u0131s\u0131n\u0131n Y\u00fczy\u0131l Sava\u015flar\u0131 \u015feklinde tezah\u00fcr etti\u011fini s\u00f6yleyebiliriz. O d\u00f6neme kadar \u0130ngiltere, Fransa&#8217;n\u0131n vasal\u0131 olmas\u0131n\u0131n yan\u0131 s\u0131ra k\u00fclt\u00fcrel hegemonyas\u0131 alt\u0131ndayken, bu sava\u015f\u0131n getirdi\u011fi kar\u015f\u0131l\u0131kl\u0131 kin ve nefretle birlikte aralar\u0131ndaki farkl\u0131l\u0131klar daha da belirginle\u015fmi\u015ftir. B\u00f6ylece, \u201cFrans\u0131z\u201d ve \u201c\u0130ngiliz\u201d uluslar\u0131n\u0131n ilk n\u00fcvelerinin olu\u015fmaya ba\u015fland\u0131\u011f\u0131 ifade edilmektedir.\u0130\u015fte; Kara Prens Edward, Bertrand du Guesclin, Jeanne d&#8217;Arc, k\u00f6yl\u00fc isyanlar\u0131, deri y\u00fcz\u00fcc\u00fcler, d\u00fczenli ordu ve topun kullan\u0131m\u0131 gibi nice akt\u00f6r ve \u00f6nemli olaylar\u0131yla birlikte Y\u00fczy\u0131l Sava\u015flar\u0131\u2026<\/p>\n","protected":false},"excerpt":{"rendered":"<p>Sava\u015f her \u015feyin babas\u0131d\u0131r demi\u015f Desiderius Erasmus. Bu durum XII. y\u00fczy\u0131ldan sonra bir\u00e7ok kez birbirleriyle sava\u015fan Fransa ve \u0130ngiltere i\u00e7in de ge\u00e7erli olmu\u015ftur. Fakat onlar a\u00e7\u0131s\u0131ndan<span class=\"excerpt-hellip\"> [\u2026]<\/span><\/p>\n","protected":false},"featured_media":0,"template":"","meta":{"_monsterinsights_skip_tracking":false,"_monsterinsights_sitenote_active":false,"_monsterinsights_sitenote_note":"","_monsterinsights_sitenote_category":0},"product_brand":[],"product_cat":[20085,12337],"product_tag":[],"class_list":{"0":"post-741278","1":"product","2":"type-product","3":"status-publish","5":"product_cat-islam-ortadogu","6":"product_cat-politika-siyaset","7":"pa_cilt-ciltsiz","8":"pa_tur-kitap","9":"pa_yayinevi-yeditepe-yayinevi","10":"pa_yazar-halil-yavas","12":"first","13":"instock","14":"sale","15":"shipping-taxable","16":"purchasable","17":"product-type-simple"},"_links":{"self":[{"href":"https:\/\/roveyayinevi.com.tr\/index.php\/wp-json\/wp\/v2\/product\/741278","targetHints":{"allow":["GET"]}}],"collection":[{"href":"https:\/\/roveyayinevi.com.tr\/index.php\/wp-json\/wp\/v2\/product"}],"about":[{"href":"https:\/\/roveyayinevi.com.tr\/index.php\/wp-json\/wp\/v2\/types\/product"}],"wp:attachment":[{"href":"https:\/\/roveyayinevi.com.tr\/index.php\/wp-json\/wp\/v2\/media?parent=741278"}],"wp:term":[{"taxonomy":"product_brand","embeddable":true,"href":"https:\/\/roveyayinevi.com.tr\/index.php\/wp-json\/wp\/v2\/product_brand?post=741278"},{"taxonomy":"product_cat","embeddable":true,"href":"https:\/\/roveyayinevi.com.tr\/index.php\/wp-json\/wp\/v2\/product_cat?post=741278"},{"taxonomy":"product_tag","embeddable":true,"href":"https:\/\/roveyayinevi.com.tr\/index.php\/wp-json\/wp\/v2\/product_tag?post=741278"}],"curies":[{"name":"wp","href":"https:\/\/api.w.org\/{rel}","templated":true}]}}