{"id":741277,"date":"2025-08-28T00:46:10","date_gmt":"2025-08-27T21:46:10","guid":{"rendered":"https:\/\/roveyayinevi.com.tr\/index.php\/urun\/utanc-ve-sucluluk\/"},"modified":"2026-04-16T02:52:34","modified_gmt":"2026-04-15T23:52:34","slug":"utanc-ve-sucluluk","status":"publish","type":"product","link":"https:\/\/roveyayinevi.com.tr\/index.php\/urun\/utanc-ve-sucluluk\/","title":{"rendered":"Utan\u00e7 ve Su\u00e7luluk"},"content":{"rendered":"<p>Bu sekizinci say\u0131n\u0131n konusu Utan\u00e7 ve Su\u00e7luluk. Yay\u0131na haz\u0131rlayan ise \u015eeyda Postac\u0131.    Psikanalizde utan\u00e7 ve su\u00e7luluk \u00fcstbenlikle ba\u011flant\u0131l\u0131d\u0131r. Dolay\u0131s\u0131yla bu say\u0131da T\u00fcrk ve yabanc\u0131 psikanalistlerin \u00e7ocukta \u00fcstbenli\u011fin geli\u015fimi, i\u015flevi, ruhsall\u0131ktaki yeri, ergenlikte utan\u00e7 ve bedenle ili\u015fkisi, \u00f6zel gereksinimli \u00e7ocuklar\u0131n utan\u00e7la ili\u015fkisi gibi hayli kapsaml\u0131 konular\u0131 ele ald\u0131klar\u0131 yaz\u0131lar var.  <\/p>\n","protected":false},"excerpt":{"rendered":"<p>Bu sekizinci say\u0131n\u0131n konusu Utan\u00e7 ve Su\u00e7luluk. Yay\u0131na haz\u0131rlayan ise \u015eeyda Postac\u0131. Psikanalizde utan\u00e7 ve su\u00e7luluk \u00fcstbenlikle ba\u011flant\u0131l\u0131d\u0131r. Dolay\u0131s\u0131yla bu say\u0131da T\u00fcrk ve yabanc\u0131 psikanalistlerin \u00e7ocukta<span class=\"excerpt-hellip\"> [\u2026]<\/span><\/p>\n","protected":false},"featured_media":0,"template":"","meta":{"_monsterinsights_skip_tracking":false,"_monsterinsights_sitenote_active":false,"_monsterinsights_sitenote_note":"","_monsterinsights_sitenote_category":0},"product_brand":[],"product_cat":[30023,13527],"product_tag":[],"class_list":{"0":"post-741277","1":"product","2":"type-product","3":"status-publish","5":"product_cat-edebiyat-sureli-yayinlar","6":"product_cat-sureli-yayinlar","7":"pa_cilt-ciltsiz","8":"pa_tur-kitap","9":"pa_yayinevi-yapi-kredi-yayinlari","10":"pa_yazar-kolektif","12":"first","13":"instock","14":"sale","15":"shipping-taxable","16":"purchasable","17":"product-type-simple"},"_links":{"self":[{"href":"https:\/\/roveyayinevi.com.tr\/index.php\/wp-json\/wp\/v2\/product\/741277","targetHints":{"allow":["GET"]}}],"collection":[{"href":"https:\/\/roveyayinevi.com.tr\/index.php\/wp-json\/wp\/v2\/product"}],"about":[{"href":"https:\/\/roveyayinevi.com.tr\/index.php\/wp-json\/wp\/v2\/types\/product"}],"wp:attachment":[{"href":"https:\/\/roveyayinevi.com.tr\/index.php\/wp-json\/wp\/v2\/media?parent=741277"}],"wp:term":[{"taxonomy":"product_brand","embeddable":true,"href":"https:\/\/roveyayinevi.com.tr\/index.php\/wp-json\/wp\/v2\/product_brand?post=741277"},{"taxonomy":"product_cat","embeddable":true,"href":"https:\/\/roveyayinevi.com.tr\/index.php\/wp-json\/wp\/v2\/product_cat?post=741277"},{"taxonomy":"product_tag","embeddable":true,"href":"https:\/\/roveyayinevi.com.tr\/index.php\/wp-json\/wp\/v2\/product_tag?post=741277"}],"curies":[{"name":"wp","href":"https:\/\/api.w.org\/{rel}","templated":true}]}}