{"id":741276,"date":"2025-08-28T00:46:08","date_gmt":"2025-08-27T21:46:08","guid":{"rendered":"https:\/\/roveyayinevi.com.tr\/index.php\/urun\/iskandil-gunlukler-1968-1969\/"},"modified":"2026-04-16T02:52:34","modified_gmt":"2026-04-15T23:52:34","slug":"iskandil-gunlukler-1968-1969","status":"publish","type":"product","link":"https:\/\/roveyayinevi.com.tr\/index.php\/urun\/iskandil-gunlukler-1968-1969\/","title":{"rendered":"\u0130skandil \u2013 G\u00fcnl\u00fckler (1968-1969)"},"content":{"rendered":"<p>Hulki Aktun\u00e7\u2019un \u201cHer g\u00fcnl\u00fck bir iskandil, her g\u00fcnl\u00fck \u00e7ok iskandil\u201d s\u00f6z\u00fcne uyarak g\u00fcnl\u00fcklerin bu cildine \u0130skandil ad\u0131n\u0131 verdik. 1968-1969 y\u0131llar\u0131 aras\u0131nda tutulan g\u00fcnl\u00fcklerde \u00f6yk\u00fcyle, resimle, sinemayla, \u00fclke sorunlar\u0131yla dolu g\u00fcnlerin izleri, \u00fcniversiteli bir gencin aray\u0131\u015flar\u0131 var. An\u0131lar, \u00f6yk\u00fcler, \u015fiirler, desenler ve elbette politik olaylarla y\u00fckl\u00fc bir kitap \u0130skandil. D\u00f6nemin edebiyat ve sanat \u00e7evrelerinin \u00e7eki\u015fmeleri, yay\u0131n d\u00fcnyas\u0131ndaki olaylar, 68 Ku\u015fa\u011f\u0131 \u00f6nderlerinin \u0130stanbul \u00dcniversitesi \u00e7evresindeki eylemleri kitaba ayr\u0131 bir \u00f6zellik kat\u0131yor.   G\u00fcnl\u00fckleri haz\u0131rlayan Do\u011fan Yar\u0131c\u0131 \u00f6ns\u00f6z\u00fcnde \u201ciyi ki yazmaktan geri durmam\u0131\u015f,\u201d diyor, \u201cd\u00f6nemin g\u00fcndelik ya\u015fam\u0131n\u0131, gazete man\u015fetlerini, o y\u0131l yay\u0131mlanan b\u00fct\u00fcn edebiyat dergilerini, okudu\u011fu b\u00fct\u00fcn kitaplar\u0131, kafaya takt\u0131\u011f\u0131 \u015fair ve yazarlar\u0131, izledi\u011fi filmleri, dinledi\u011fi m\u00fczikleri, toplumsal ve siyasi olaylar\u0131, ki\u015fisel sorunlar\u0131n\u0131, dostluklar\u0131n\u0131, hayal k\u0131r\u0131kl\u0131klar\u0131n\u0131, a\u00e7mazlar\u0131n\u0131, mutluluklar\u0131n\u0131, titizlikle ve ayr\u0131nt\u0131lar\u0131yla. G\u00fcn g\u00fcn nas\u0131l ayd\u0131nland\u0131\u011f\u0131na hayranl\u0131kla tan\u0131k oluyorsunuz bu gencin, ya\u015fad\u0131\u011f\u0131 d\u00fcnyan\u0131n, \u00e7ok sevdi\u011fi \u00fclkesinin nas\u0131l de\u011fi\u015fti\u011fine, insanlar\u0131n\u0131n, edebiyat\u0131n\u0131n, sanat\u0131n\u0131n, m\u00fczi\u011finin, havas\u0131n\u0131n suyunun nereden nereye geldi\u011fine.\u201d   \u201cHer g\u00fcnl\u00fck bir iskandil, her g\u00fcnl\u00fck \u00e7ok iskandil\u201d <\/p>\n","protected":false},"excerpt":{"rendered":"<p>Hulki Aktun\u00e7\u2019un \u201cHer g\u00fcnl\u00fck bir iskandil, her g\u00fcnl\u00fck \u00e7ok iskandil\u201d s\u00f6z\u00fcne uyarak g\u00fcnl\u00fcklerin bu cildine \u0130skandil ad\u0131n\u0131 verdik. 1968-1969 y\u0131llar\u0131 aras\u0131nda tutulan g\u00fcnl\u00fcklerde \u00f6yk\u00fcyle, resimle, sinemayla,<span class=\"excerpt-hellip\"> [\u2026]<\/span><\/p>\n","protected":false},"featured_media":0,"template":"","meta":{"_monsterinsights_skip_tracking":false,"_monsterinsights_sitenote_active":false,"_monsterinsights_sitenote_note":"","_monsterinsights_sitenote_category":0},"product_brand":[],"product_cat":[18545,12291],"product_tag":[],"class_list":{"0":"post-741276","1":"product","2":"type-product","3":"status-publish","5":"product_cat-anlati","6":"product_cat-edebiyat","7":"pa_cilt-ciltsiz","8":"pa_tur-kitap","9":"pa_yayinevi-yapi-kredi-yayinlari","10":"pa_yazar-hulki-aktunc","12":"first","13":"instock","14":"sale","15":"shipping-taxable","16":"purchasable","17":"product-type-simple"},"_links":{"self":[{"href":"https:\/\/roveyayinevi.com.tr\/index.php\/wp-json\/wp\/v2\/product\/741276","targetHints":{"allow":["GET"]}}],"collection":[{"href":"https:\/\/roveyayinevi.com.tr\/index.php\/wp-json\/wp\/v2\/product"}],"about":[{"href":"https:\/\/roveyayinevi.com.tr\/index.php\/wp-json\/wp\/v2\/types\/product"}],"wp:attachment":[{"href":"https:\/\/roveyayinevi.com.tr\/index.php\/wp-json\/wp\/v2\/media?parent=741276"}],"wp:term":[{"taxonomy":"product_brand","embeddable":true,"href":"https:\/\/roveyayinevi.com.tr\/index.php\/wp-json\/wp\/v2\/product_brand?post=741276"},{"taxonomy":"product_cat","embeddable":true,"href":"https:\/\/roveyayinevi.com.tr\/index.php\/wp-json\/wp\/v2\/product_cat?post=741276"},{"taxonomy":"product_tag","embeddable":true,"href":"https:\/\/roveyayinevi.com.tr\/index.php\/wp-json\/wp\/v2\/product_tag?post=741276"}],"curies":[{"name":"wp","href":"https:\/\/api.w.org\/{rel}","templated":true}]}}