{"id":741275,"date":"2025-08-28T00:46:06","date_gmt":"2025-08-27T21:46:06","guid":{"rendered":"https:\/\/roveyayinevi.com.tr\/index.php\/urun\/ay-ve-delilik-toplu-oykuler-3\/"},"modified":"2026-04-16T02:52:34","modified_gmt":"2026-04-15T23:52:34","slug":"ay-ve-delilik-toplu-oykuler-3","status":"publish","type":"product","link":"https:\/\/roveyayinevi.com.tr\/index.php\/urun\/ay-ve-delilik-toplu-oykuler-3\/","title":{"rendered":"Ay ve Delilik \u2013 Toplu \u00d6yk\u00fcler 3"},"content":{"rendered":"<p>Yidi\u015f dilinin en b\u00fcy\u00fck yazar\u0131, Nobel Edebiyat \u00d6d\u00fcl\u00fc sahibi Isaac Bashevis Singer\u2019\u0131n toplu \u00f6yk\u00fcleri \u00fc\u00e7 ciltte bir araya geliyor. Bu ciltte, Do\u011fu Avrupa\u2019daki pogromlardan veya Holokost\u2019tan kurtulan Yahudilerin yeni bir hayat kurma \u00e7abalar\u0131n\u0131n a\u011f\u0131rl\u0131kl\u0131 yer tuttu\u011fu \u00f6yk\u00fcler bulunuyor. Ba\u015froldeyse tarihsel ve ki\u015fisel felaketlerden sa\u011f \u00e7\u0131kmay\u0131 ba\u015farm\u0131\u015f, yeni yurtlar\u0131nda \u2013Amerika, Bat\u0131 Avrupa veya \u0130srail\u2013 hi\u00e7 ummad\u0131klar\u0131 bir anda eski dostlarla ve ge\u00e7mi\u015fin hayaletleriyle y\u00fcz y\u00fcze gelen, ya\u015famaya devam edebilmek i\u00e7in hik\u00e2yelere ve geldikleri co\u011frafyaya \u00f6zg\u00fc bir kara mizaha tutunan karakterler var.   \u00d6yk\u00fc t\u00fcr\u00fcn\u00fcn b\u00fcy\u00fck ustalar\u0131ndan Singer\u2019\u0131n ger\u00e7ek\u00e7ilikle ola\u011fan\u00fcst\u00fcy\u00fc, yerelle evrenseli i\u00e7 i\u00e7e ge\u00e7iren bu k\u00fc\u00e7\u00fck ba\u015fyap\u0131tlar\u0131nda, yok edilmi\u015f bir k\u00fclt\u00fcr b\u00fct\u00fcn zenginli\u011fiyle ya\u015famaya devam ediyor.   \u201cIsaac Bashevis Singer\u2019\u0131n par\u0131lt\u0131l\u0131, muhte\u015fem \u00f6yk\u00fcleri hayret duygusuyla, minnettarl\u0131kla, mizahla, ironiyle ve hem tenin hem de ruhun hazlar\u0131n\u0131 y\u00fcceltmeyi ba\u015faran alayc\u0131 bir erotizmle doludur.\u201d   Jonathan Yardley, The Washington Post Book World   \u201cYirminci y\u00fczy\u0131l\u0131n en yarat\u0131c\u0131 ve b\u00fcy\u00fcleyici seslerinden biri.\u201d   Jeff Simon, The Buffalo News <\/p>\n","protected":false},"excerpt":{"rendered":"<p>Yidi\u015f dilinin en b\u00fcy\u00fck yazar\u0131, Nobel Edebiyat \u00d6d\u00fcl\u00fc sahibi Isaac Bashevis Singer\u2019\u0131n toplu \u00f6yk\u00fcleri \u00fc\u00e7 ciltte bir araya geliyor. Bu ciltte, Do\u011fu Avrupa\u2019daki pogromlardan veya Holokost\u2019tan<span class=\"excerpt-hellip\"> [\u2026]<\/span><\/p>\n","protected":false},"featured_media":0,"template":"","meta":{"_monsterinsights_skip_tracking":false,"_monsterinsights_sitenote_active":false,"_monsterinsights_sitenote_note":"","_monsterinsights_sitenote_category":0},"product_brand":[],"product_cat":[12291,12711],"product_tag":[],"class_list":{"0":"post-741275","1":"product","2":"type-product","3":"status-publish","5":"product_cat-edebiyat","6":"product_cat-roman-oyku","7":"pa_cilt-ciltsiz","8":"pa_tur-kitap","9":"pa_yayinevi-yapi-kredi-yayinlari","10":"pa_yazar-isaac-bashevis-singer","12":"first","13":"instock","14":"sale","15":"shipping-taxable","16":"purchasable","17":"product-type-simple"},"_links":{"self":[{"href":"https:\/\/roveyayinevi.com.tr\/index.php\/wp-json\/wp\/v2\/product\/741275","targetHints":{"allow":["GET"]}}],"collection":[{"href":"https:\/\/roveyayinevi.com.tr\/index.php\/wp-json\/wp\/v2\/product"}],"about":[{"href":"https:\/\/roveyayinevi.com.tr\/index.php\/wp-json\/wp\/v2\/types\/product"}],"wp:attachment":[{"href":"https:\/\/roveyayinevi.com.tr\/index.php\/wp-json\/wp\/v2\/media?parent=741275"}],"wp:term":[{"taxonomy":"product_brand","embeddable":true,"href":"https:\/\/roveyayinevi.com.tr\/index.php\/wp-json\/wp\/v2\/product_brand?post=741275"},{"taxonomy":"product_cat","embeddable":true,"href":"https:\/\/roveyayinevi.com.tr\/index.php\/wp-json\/wp\/v2\/product_cat?post=741275"},{"taxonomy":"product_tag","embeddable":true,"href":"https:\/\/roveyayinevi.com.tr\/index.php\/wp-json\/wp\/v2\/product_tag?post=741275"}],"curies":[{"name":"wp","href":"https:\/\/api.w.org\/{rel}","templated":true}]}}