{"id":741274,"date":"2025-08-28T00:46:04","date_gmt":"2025-08-27T21:46:04","guid":{"rendered":"https:\/\/roveyayinevi.com.tr\/index.php\/urun\/aktivitelerle-dikkat-gelisimi-dusunsel-etkinlikler\/"},"modified":"2026-04-16T02:52:34","modified_gmt":"2026-04-15T23:52:34","slug":"aktivitelerle-dikkat-gelisimi-dusunsel-etkinlikler","status":"publish","type":"product","link":"https:\/\/roveyayinevi.com.tr\/index.php\/urun\/aktivitelerle-dikkat-gelisimi-dusunsel-etkinlikler\/","title":{"rendered":"Aktivitelerle Dikkat Geli\u015fimi &#8211; D\u00fc\u015f\u00fcnsel Etkinlikler"},"content":{"rendered":"<p>Etkinlik kitab\u0131, pedagog taraf\u0131ndan haz\u0131rlanm\u0131\u015f olup \u201cAktivitelerle Dikkat Geli\u015fimi Serisi\u201dndendir.Okul \u00f6ncesinde \u00e7ocuklar\u0131n renkli, e\u011flenceli sayfalar e\u015fli\u011finde s\u0131k\u0131lmadan hem g\u00f6rsel\/i\u015fitsel alg\u0131 becerilerini hem de dikkatlerini art\u0131racak \u00f6\u011fretici aktivitelerin yer ald\u0131\u011f\u0131 bu kitap; MEB Okul \u00d6ncesi E\u011fitim Program\u0131 kazan\u0131mlar\u0131na uygun olarak, ulusal ve uluslararas\u0131 geli\u015fim ve zek\u00e2 envanterleri dikkate al\u0131narak Pedagog Ay\u015fen Oy taraf\u0131ndan haz\u0131rlanm\u0131\u015ft\u0131r.\u0130\u00e7eri\u011findeki zengin aktiviteleri \u00e7ocu\u011funuzla birlikte yaparken hem e\u011flenecek hem de \u00e7ocu\u011funuzun akademik becerilerinin artmas\u0131na yard\u0131mc\u0131 olaca\u011f\u0131n\u0131z Aktivitelerle Dikkat Geli\u015fimi &#8211; D\u00fc\u015f\u00fcnsel Etkinlikler kitab\u0131n\u0131n miniklerimize kazand\u0131raca\u011f\u0131 yetiler:\u2022 G\u00f6rsel alg\u0131\u2022 \u0130\u015fitsel alg\u0131\u2022 El-g\u00f6z koordinasyonu\u2022 Benzerlikleri bulma\u2022 Farkl\u0131l\u0131klar\u0131 bulma\u2022 Z\u0131t kavramlar\u2022 Par\u00e7a-b\u00fct\u00fcn ili\u015fkisi\u2022 Gruplama\u2022 S\u0131ralama\u2022 \u0130nce el kaslar\u0131n\u0131 geli\u015ftirme\u2022 Yorumlama yetisi\u2022 E\u015fle\u015ftirme becerisi\u2022 Matematiksel yeti\u2022 S\u00f6zel yeti\u2022 Uzaysal ve mek\u00e2nsal yeti<\/p>\n","protected":false},"excerpt":{"rendered":"<p>Etkinlik kitab\u0131, pedagog taraf\u0131ndan haz\u0131rlanm\u0131\u015f olup \u201cAktivitelerle Dikkat Geli\u015fimi Serisi\u201dndendir.Okul \u00f6ncesinde \u00e7ocuklar\u0131n renkli, e\u011flenceli sayfalar e\u015fli\u011finde s\u0131k\u0131lmadan hem g\u00f6rsel\/i\u015fitsel alg\u0131 becerilerini hem de dikkatlerini art\u0131racak \u00f6\u011fretici<span class=\"excerpt-hellip\"> [\u2026]<\/span><\/p>\n","protected":false},"featured_media":0,"template":"","meta":{"_monsterinsights_skip_tracking":false,"_monsterinsights_sitenote_active":false,"_monsterinsights_sitenote_note":"","_monsterinsights_sitenote_category":0},"product_brand":[],"product_cat":[12275,12274],"product_tag":[],"class_list":{"0":"post-741274","1":"product","2":"type-product","3":"status-publish","5":"product_cat-6-12-yas-kitaplari","6":"product_cat-cocuk-ve-genclik-kitaplari","7":"pa_cilt-ciltsiz","8":"pa_tur-kitap","9":"pa_yayinevi-floki-yayinlari","10":"pa_yazar-aysen-oy","12":"first","13":"instock","14":"sale","15":"shipping-taxable","16":"purchasable","17":"product-type-simple"},"_links":{"self":[{"href":"https:\/\/roveyayinevi.com.tr\/index.php\/wp-json\/wp\/v2\/product\/741274","targetHints":{"allow":["GET"]}}],"collection":[{"href":"https:\/\/roveyayinevi.com.tr\/index.php\/wp-json\/wp\/v2\/product"}],"about":[{"href":"https:\/\/roveyayinevi.com.tr\/index.php\/wp-json\/wp\/v2\/types\/product"}],"wp:attachment":[{"href":"https:\/\/roveyayinevi.com.tr\/index.php\/wp-json\/wp\/v2\/media?parent=741274"}],"wp:term":[{"taxonomy":"product_brand","embeddable":true,"href":"https:\/\/roveyayinevi.com.tr\/index.php\/wp-json\/wp\/v2\/product_brand?post=741274"},{"taxonomy":"product_cat","embeddable":true,"href":"https:\/\/roveyayinevi.com.tr\/index.php\/wp-json\/wp\/v2\/product_cat?post=741274"},{"taxonomy":"product_tag","embeddable":true,"href":"https:\/\/roveyayinevi.com.tr\/index.php\/wp-json\/wp\/v2\/product_tag?post=741274"}],"curies":[{"name":"wp","href":"https:\/\/api.w.org\/{rel}","templated":true}]}}