{"id":741273,"date":"2025-08-28T00:46:02","date_gmt":"2025-08-27T21:46:02","guid":{"rendered":"https:\/\/roveyayinevi.com.tr\/index.php\/urun\/enstantaneler\/"},"modified":"2026-04-16T02:52:34","modified_gmt":"2026-04-15T23:52:34","slug":"enstantaneler","status":"publish","type":"product","link":"https:\/\/roveyayinevi.com.tr\/index.php\/urun\/enstantaneler\/","title":{"rendered":"Enstantaneler"},"content":{"rendered":"<p>\u201cBazen asla iki ki\u015fiyken oldu\u011fun kadar yaln\u0131z de\u011filsindir. Cennetten s\u00fcrg\u00fcn\u00fcn k\u00fc\u00e7\u00fck bir kutsal temsili.\u201d   Claudio Magris Enstantaneler\u2019de 1999-2016 y\u0131llar\u0131 aras\u0131nda yazd\u0131\u011f\u0131 bir anl\u0131k g\u00f6r\u00fcnt\u00fcler koleksiyonu olu\u015fturuyor. G\u00fcnl\u00fck, siyasi ve \u00f6zel hayata irili ufakl\u0131 kesikler at\u0131yor. Anlams\u0131zl\u0131k ve y\u00fczeysellik u\u00e7urumlar\u0131n\u0131 gizleyen yanl\u0131\u015f inan\u00e7lar\u0131, deyimleri ve davran\u0131\u015flar\u0131 damgal\u0131yor; insan ruhunun enginli\u011fini ortaya \u00e7\u0131karan k\u00fc\u00e7\u00fck, gizli davran\u0131\u015flar\u0131n alt\u0131n\u0131 \u00e7iziyor. Bu \u00f6zg\u00fcn ahlak\u00e7\u0131, bize asla nas\u0131l olmam\u0131z veya ya\u015famam\u0131z gerekti\u011fini s\u00f6ylemiyor. Ancak bizi, kendimize titizlikle ve hassasiyetle bakmaya davet ediyor. Sonunda da bizi bir davetle selaml\u0131yor: \u201cOtuz y\u0131ldan fazla bir s\u00fcre \u00f6nce Linz Katedrali\u2019nin kap\u0131s\u0131nda okudu\u011fum bir yaz\u0131t, ancak yeniden g\u00fclebildi\u011fin zaman, ger\u00e7ekten affedilmi\u015f olursun, diyordu.\u201d <\/p>\n","protected":false},"excerpt":{"rendered":"<p>\u201cBazen asla iki ki\u015fiyken oldu\u011fun kadar yaln\u0131z de\u011filsindir. Cennetten s\u00fcrg\u00fcn\u00fcn k\u00fc\u00e7\u00fck bir kutsal temsili.\u201d Claudio Magris Enstantaneler\u2019de 1999-2016 y\u0131llar\u0131 aras\u0131nda yazd\u0131\u011f\u0131 bir anl\u0131k g\u00f6r\u00fcnt\u00fcler koleksiyonu olu\u015fturuyor.<span class=\"excerpt-hellip\"> [\u2026]<\/span><\/p>\n","protected":false},"featured_media":0,"template":"","meta":{"_monsterinsights_skip_tracking":false,"_monsterinsights_sitenote_active":false,"_monsterinsights_sitenote_note":"","_monsterinsights_sitenote_category":0},"product_brand":[],"product_cat":[12777,12291],"product_tag":[],"class_list":{"0":"post-741273","1":"product","2":"type-product","3":"status-publish","5":"product_cat-deneme","6":"product_cat-edebiyat","7":"pa_cilt-ciltsiz","8":"pa_tur-kitap","9":"pa_yayinevi-yapi-kredi-yayinlari","10":"pa_yazar-claudio-magris","12":"first","13":"instock","14":"sale","15":"shipping-taxable","16":"purchasable","17":"product-type-simple"},"_links":{"self":[{"href":"https:\/\/roveyayinevi.com.tr\/index.php\/wp-json\/wp\/v2\/product\/741273","targetHints":{"allow":["GET"]}}],"collection":[{"href":"https:\/\/roveyayinevi.com.tr\/index.php\/wp-json\/wp\/v2\/product"}],"about":[{"href":"https:\/\/roveyayinevi.com.tr\/index.php\/wp-json\/wp\/v2\/types\/product"}],"wp:attachment":[{"href":"https:\/\/roveyayinevi.com.tr\/index.php\/wp-json\/wp\/v2\/media?parent=741273"}],"wp:term":[{"taxonomy":"product_brand","embeddable":true,"href":"https:\/\/roveyayinevi.com.tr\/index.php\/wp-json\/wp\/v2\/product_brand?post=741273"},{"taxonomy":"product_cat","embeddable":true,"href":"https:\/\/roveyayinevi.com.tr\/index.php\/wp-json\/wp\/v2\/product_cat?post=741273"},{"taxonomy":"product_tag","embeddable":true,"href":"https:\/\/roveyayinevi.com.tr\/index.php\/wp-json\/wp\/v2\/product_tag?post=741273"}],"curies":[{"name":"wp","href":"https:\/\/api.w.org\/{rel}","templated":true}]}}