{"id":741266,"date":"2025-08-28T00:45:50","date_gmt":"2025-08-27T21:45:50","guid":{"rendered":"https:\/\/roveyayinevi.com.tr\/index.php\/urun\/harry-potter-ve-felsefe-tasi-20-yil-hufflepuff-ozel-baskisi\/"},"modified":"2026-04-16T02:52:19","modified_gmt":"2026-04-15T23:52:19","slug":"harry-potter-ve-felsefe-tasi-20-yil-hufflepuff-ozel-baskisi","status":"publish","type":"product","link":"https:\/\/roveyayinevi.com.tr\/index.php\/urun\/harry-potter-ve-felsefe-tasi-20-yil-hufflepuff-ozel-baskisi\/","title":{"rendered":"Harry Potter Ve Felsefe Ta\u015f\u0131  20. Y\u0131l Hufflepuff \u00d6zel Bask\u0131s\u0131"},"content":{"rendered":"<p>B\u0130NA RENKLER\u0130N\u0130Z\u0130 GURURLA TA\u015eIYIN Bu Hufflepuff bask\u0131s\u0131 Harry Potter ve Felsefe Ta\u015f\u0131\u2019n\u0131n ilk kez yay\u0131mlanmas\u0131n\u0131n \u00fczerinden 20 y\u0131l ge\u00e7mesinin onuruna yay\u0131mlanmaktad\u0131r.   Hogwarts\u2019taki en arkada\u015f canl\u0131s\u0131 binaya ho\u015f geldiniz. Hufflepuff\u2019lar kendi ba\u015far\u0131lar\u0131 ya da me\u015fhur mezunlar\u0131n\u0131n ba\u015far\u0131lar\u0131yla b\u00f6b\u00fcrlenmekten ho\u015flanmasalar da binalar\u0131 tarihin \u00f6nde gelen pek \u00e7ok cad\u0131s\u0131na ve b\u00fcy\u00fcc\u00fcs\u00fcne yuva olmu\u015ftur. Fedak\u00e2rl\u0131klar\u0131, sab\u0131rlar\u0131 ve sadakatleriyle tan\u0131nan \u00fcnl\u00fc Hufflepuff\u2019lar aras\u0131nda Cedric Diggory, Nymphadora Tonks ve Newt Scamander say\u0131labilir.   Harry Potter ve Felsefe Ta\u015f\u0131 Hufflepuff \u00f6zel bask\u0131s\u0131 binan\u0131n tarihine, \u00f6zelliklerine, \u00f6\u011frencilerine dair ilgin\u00e7 bilgiler, \u015fa\u015f\u0131rt\u0131c\u0131 detaylar ve Hogwarts Testi\u2019ni i\u00e7eriyor. <\/p>\n","protected":false},"excerpt":{"rendered":"<p>B\u0130NA RENKLER\u0130N\u0130Z\u0130 GURURLA TA\u015eIYIN Bu Hufflepuff bask\u0131s\u0131 Harry Potter ve Felsefe Ta\u015f\u0131\u2019n\u0131n ilk kez yay\u0131mlanmas\u0131n\u0131n \u00fczerinden 20 y\u0131l ge\u00e7mesinin onuruna yay\u0131mlanmaktad\u0131r. Hogwarts\u2019taki en arkada\u015f canl\u0131s\u0131 binaya<span class=\"excerpt-hellip\"> [\u2026]<\/span><\/p>\n","protected":false},"featured_media":0,"template":"","meta":{"_monsterinsights_skip_tracking":false,"_monsterinsights_sitenote_active":false,"_monsterinsights_sitenote_note":"","_monsterinsights_sitenote_category":0},"product_brand":[],"product_cat":[12291,12711],"product_tag":[],"class_list":{"0":"post-741266","1":"product","2":"type-product","3":"status-publish","5":"product_cat-edebiyat","6":"product_cat-roman-oyku","7":"pa_cilt-ciltsiz","8":"pa_tur-kitap","9":"pa_yayinevi-yapi-kredi-yayinlari","10":"pa_yazar-j-k-rowling","12":"first","13":"instock","14":"sale","15":"shipping-taxable","16":"purchasable","17":"product-type-simple"},"_links":{"self":[{"href":"https:\/\/roveyayinevi.com.tr\/index.php\/wp-json\/wp\/v2\/product\/741266","targetHints":{"allow":["GET"]}}],"collection":[{"href":"https:\/\/roveyayinevi.com.tr\/index.php\/wp-json\/wp\/v2\/product"}],"about":[{"href":"https:\/\/roveyayinevi.com.tr\/index.php\/wp-json\/wp\/v2\/types\/product"}],"wp:attachment":[{"href":"https:\/\/roveyayinevi.com.tr\/index.php\/wp-json\/wp\/v2\/media?parent=741266"}],"wp:term":[{"taxonomy":"product_brand","embeddable":true,"href":"https:\/\/roveyayinevi.com.tr\/index.php\/wp-json\/wp\/v2\/product_brand?post=741266"},{"taxonomy":"product_cat","embeddable":true,"href":"https:\/\/roveyayinevi.com.tr\/index.php\/wp-json\/wp\/v2\/product_cat?post=741266"},{"taxonomy":"product_tag","embeddable":true,"href":"https:\/\/roveyayinevi.com.tr\/index.php\/wp-json\/wp\/v2\/product_tag?post=741266"}],"curies":[{"name":"wp","href":"https:\/\/api.w.org\/{rel}","templated":true}]}}