{"id":741261,"date":"2025-08-28T00:45:43","date_gmt":"2025-08-27T21:45:43","guid":{"rendered":"https:\/\/roveyayinevi.com.tr\/index.php\/urun\/serab-i-omrum\/"},"modified":"2026-04-16T02:52:18","modified_gmt":"2026-04-15T23:52:18","slug":"serab-i-omrum","status":"publish","type":"product","link":"https:\/\/roveyayinevi.com.tr\/index.php\/urun\/serab-i-omrum\/","title":{"rendered":"Serab-\u0131  \u00d6mr\u00fcm"},"content":{"rendered":"<p>R\u0131za Tevfik B\u00f6l\u00fckba\u015f\u0131\u2026 \u015eair, k\u00fclt\u00fcr ve siyaset adam\u0131. Estetik\u00e7i. Feylesof lakab\u0131yla \u00fcnlenmi\u015f belki de ilk aktivistlerimizden. Ki\u015fili\u011fi kadar zengin bir hayat\u0131 oldu. Osmanl\u0131\u2019n\u0131n son d\u00f6nemi ile Cumhuriyet\u2019in kurulu\u015f y\u0131llar\u0131n\u0131 i\u00e7eriden ya\u015fad\u0131. \u015eairdi. Lirizmle atba\u015f\u0131 giden co\u015fkulu duyu\u015flar\u0131, Halk ve Tekke \u015eiiri\u2019nin kaynaklar\u0131na kadar uzand\u0131. Spora d\u00fc\u015fk\u00fcnd\u00fc ayr\u0131ca. Durulmaz bir zihin yap\u0131s\u0131 vard\u0131. Ve, Ser\u00e2b-\u0131 \u00d6mr\u00fcm\u2026 R\u0131za Tevfik\u2019in sevilen \u015fiirlerinin toplam\u0131. Yetmedi, hemen hemen yazd\u0131\u011f\u0131 di\u011fer b\u00fct\u00fcn \u015fiirleri\u2026 \u015eiir ve hasret \u2026 Bug\u00fcn ve ge\u00e7mi\u015f. \u00d6fke ve hiciv. Zek\u00e2n\u0131n uzak yoklay\u0131\u015flar\u0131yla \u00f6r\u00fclm\u00fc\u015f bir \u015fiir evreni. Varl\u0131k ve yokluk aray\u0131\u015flar\u0131n\u0131n kalp \u00e7arp\u0131nt\u0131s\u0131yla dile duru\u015fu. A\u015fk kadar tabiat\u0131n da co\u015ftu\u011fu \u00e7arp\u0131c\u0131 bir dil ak\u0131\u015fkanl\u0131\u011f\u0131. \u015eiirimizin d\u00fcnden bug\u00fcne ge\u00e7irdi\u011fi merhaleleri izlemek i\u00e7in e\u015fsiz bir kaynak. \u00d6mr\u00fcn\u00fc R\u0131za Tevfik B\u00f6l\u00fckba\u015f\u0131\u2019n\u0131n hayat ve eserini anlamaya adam\u0131\u015f Abdullah U\u00e7man imzas\u0131yla\u2026 \u201cU\u00e7un ku\u015flar u\u00e7un! Do\u011fdu\u011fum yere; \/ \u015eimdi da\u011flar\u0131nda mor s\u00fcnb\u00fcl vard\u0131r. \/ Ormanlar koynunda, bir serin dere, \/ Dikenler i\u00e7inde sar\u0131 g\u00fcl vard\u0131r\u2026\u201d<\/p>\n","protected":false},"excerpt":{"rendered":"<p>R\u0131za Tevfik B\u00f6l\u00fckba\u015f\u0131\u2026 \u015eair, k\u00fclt\u00fcr ve siyaset adam\u0131. Estetik\u00e7i. Feylesof lakab\u0131yla \u00fcnlenmi\u015f belki de ilk aktivistlerimizden. Ki\u015fili\u011fi kadar zengin bir hayat\u0131 oldu. Osmanl\u0131\u2019n\u0131n son d\u00f6nemi ile<span class=\"excerpt-hellip\"> [\u2026]<\/span><\/p>\n","protected":false},"featured_media":0,"template":"","meta":{"_monsterinsights_skip_tracking":false,"_monsterinsights_sitenote_active":false,"_monsterinsights_sitenote_note":"","_monsterinsights_sitenote_category":0},"product_brand":[],"product_cat":[12291,12509],"product_tag":[],"class_list":{"0":"post-741261","1":"product","2":"type-product","3":"status-publish","5":"product_cat-edebiyat","6":"product_cat-siir","7":"pa_cilt-ciltsiz","8":"pa_tur-kitap","9":"pa_yayinevi-kapi-yayinlari","10":"pa_yazar-riza-tevfik-bolukbasi","12":"first","13":"instock","14":"sale","15":"shipping-taxable","16":"purchasable","17":"product-type-simple"},"_links":{"self":[{"href":"https:\/\/roveyayinevi.com.tr\/index.php\/wp-json\/wp\/v2\/product\/741261","targetHints":{"allow":["GET"]}}],"collection":[{"href":"https:\/\/roveyayinevi.com.tr\/index.php\/wp-json\/wp\/v2\/product"}],"about":[{"href":"https:\/\/roveyayinevi.com.tr\/index.php\/wp-json\/wp\/v2\/types\/product"}],"wp:attachment":[{"href":"https:\/\/roveyayinevi.com.tr\/index.php\/wp-json\/wp\/v2\/media?parent=741261"}],"wp:term":[{"taxonomy":"product_brand","embeddable":true,"href":"https:\/\/roveyayinevi.com.tr\/index.php\/wp-json\/wp\/v2\/product_brand?post=741261"},{"taxonomy":"product_cat","embeddable":true,"href":"https:\/\/roveyayinevi.com.tr\/index.php\/wp-json\/wp\/v2\/product_cat?post=741261"},{"taxonomy":"product_tag","embeddable":true,"href":"https:\/\/roveyayinevi.com.tr\/index.php\/wp-json\/wp\/v2\/product_tag?post=741261"}],"curies":[{"name":"wp","href":"https:\/\/api.w.org\/{rel}","templated":true}]}}