{"id":741259,"date":"2025-08-28T00:45:40","date_gmt":"2025-08-27T21:45:40","guid":{"rendered":"https:\/\/roveyayinevi.com.tr\/index.php\/urun\/bezelye-corbasi-dedektiflik-takimi\/"},"modified":"2026-04-16T02:52:18","modified_gmt":"2026-04-15T23:52:18","slug":"bezelye-corbasi-dedektiflik-takimi","status":"publish","type":"product","link":"https:\/\/roveyayinevi.com.tr\/index.php\/urun\/bezelye-corbasi-dedektiflik-takimi\/","title":{"rendered":"Bezelye \u00c7orbas\u0131 Dedektiflik Tak\u0131m\u0131"},"content":{"rendered":"<p>\u00d6\u011fretmeni taraf\u0131ndan \u201cuyumlu\u201d olarak nitelendirilen Nils, yan\u0131na oturan Evi\u2019nin s\u0131ras\u0131n\u0131 i\u015fgal etmesine de sesini \u00e7\u0131karamaz. \u00dcstelik birlikte tak\u0131m kurmaktan ba\u015fka se\u00e7ene\u011fi de yoktur. S\u0131n\u0131fa yeni gelen Lina\u2019n\u0131n aralar\u0131na kat\u0131lmas\u0131yla kurduklar\u0131 tak\u0131m\u0131n g\u00f6revi de belli olur: Lina\u2019ya dillerini \u00f6\u011fretecek ve entegrasyonu i\u00e7in yard\u0131mc\u0131 olacaklard\u0131r. Ama i\u015fler planlad\u0131klar\u0131 gibi gitmez. Nils\u2019in dedesiyle b\u00fcy\u00fckannesi son zamanlarda tuhaf \u015feyler yapmaktad\u0131r: Lezzetli yemeklerin yerini yanm\u0131\u015f patatesler alm\u0131\u015f ve evin her k\u00f6\u015fesine bezelye \u00e7orbas\u0131 konserveleri y\u0131\u011f\u0131lm\u0131\u015ft\u0131r. Bezelye \u00c7orbas\u0131 Dedektiflik Tak\u0131m\u0131\u2019n\u0131n yeni g\u00f6revi Nils\u2019in b\u00fcy\u00fckannesinin s\u0131rr\u0131n\u0131 \u00e7\u00f6zmektir. Hem de az\u0131l\u0131 rakipleri 22 Soru \u0130\u015fareti Tak\u0131m\u0131\u2019na ra\u011fmen! Arkada\u015fl\u0131\u011f\u0131n koruyucu g\u00fcc\u00fc hakk\u0131nda zekice kurgulanm\u0131\u015f derinlikli bir roman!   <\/p>\n","protected":false},"excerpt":{"rendered":"<p>\u00d6\u011fretmeni taraf\u0131ndan \u201cuyumlu\u201d olarak nitelendirilen Nils, yan\u0131na oturan Evi\u2019nin s\u0131ras\u0131n\u0131 i\u015fgal etmesine de sesini \u00e7\u0131karamaz. \u00dcstelik birlikte tak\u0131m kurmaktan ba\u015fka se\u00e7ene\u011fi de yoktur. S\u0131n\u0131fa yeni gelen<span class=\"excerpt-hellip\"> [\u2026]<\/span><\/p>\n","protected":false},"featured_media":0,"template":"","meta":{"_monsterinsights_skip_tracking":false,"_monsterinsights_sitenote_active":false,"_monsterinsights_sitenote_note":"","_monsterinsights_sitenote_category":0},"product_brand":[],"product_cat":[12274,12284],"product_tag":[],"class_list":{"0":"post-741259","1":"product","2":"type-product","3":"status-publish","5":"product_cat-cocuk-ve-genclik-kitaplari","6":"product_cat-hikayeler","7":"pa_cilt-ciltsiz","8":"pa_tur-kitap","9":"pa_yayinevi-kirmizi-kedi-yayinevi","10":"pa_yazar-rieke-patwardhan","12":"first","13":"instock","14":"sale","15":"shipping-taxable","16":"purchasable","17":"product-type-simple"},"_links":{"self":[{"href":"https:\/\/roveyayinevi.com.tr\/index.php\/wp-json\/wp\/v2\/product\/741259","targetHints":{"allow":["GET"]}}],"collection":[{"href":"https:\/\/roveyayinevi.com.tr\/index.php\/wp-json\/wp\/v2\/product"}],"about":[{"href":"https:\/\/roveyayinevi.com.tr\/index.php\/wp-json\/wp\/v2\/types\/product"}],"wp:attachment":[{"href":"https:\/\/roveyayinevi.com.tr\/index.php\/wp-json\/wp\/v2\/media?parent=741259"}],"wp:term":[{"taxonomy":"product_brand","embeddable":true,"href":"https:\/\/roveyayinevi.com.tr\/index.php\/wp-json\/wp\/v2\/product_brand?post=741259"},{"taxonomy":"product_cat","embeddable":true,"href":"https:\/\/roveyayinevi.com.tr\/index.php\/wp-json\/wp\/v2\/product_cat?post=741259"},{"taxonomy":"product_tag","embeddable":true,"href":"https:\/\/roveyayinevi.com.tr\/index.php\/wp-json\/wp\/v2\/product_tag?post=741259"}],"curies":[{"name":"wp","href":"https:\/\/api.w.org\/{rel}","templated":true}]}}