{"id":741251,"date":"2025-08-28T00:45:30","date_gmt":"2025-08-27T21:45:30","guid":{"rendered":"https:\/\/roveyayinevi.com.tr\/index.php\/urun\/pierre-loti-konstantiniyyede\/"},"modified":"2026-04-16T02:52:18","modified_gmt":"2026-04-15T23:52:18","slug":"pierre-loti-konstantiniyyede","status":"publish","type":"product","link":"https:\/\/roveyayinevi.com.tr\/index.php\/urun\/pierre-loti-konstantiniyyede\/","title":{"rendered":"Pierre Loti Konstantiniyye\u2019de"},"content":{"rendered":"<p>Kandilli\u2019deki me\u015fhur Ostrorog yal\u0131s\u0131n\u0131n ev sahibesi Kontes Ostrorog, ki\u015fili\u011fine ve eserlerine hayran oldu\u011fu dostu Pierre Loti\u2019yi yal\u0131s\u0131nda a\u011f\u0131rlamak \u015ferefine eri\u015fir (1910). Daha sonraysa, bu kez Kontes Loti\u2019nin Rochefort\u2019daki, Osmanl\u0131\u2019dan uzak Asya\u2019ya b\u00fct\u00fcn Do\u011fu d\u00fcnyas\u0131n\u0131n izlerini ta\u015f\u0131yan b\u00fcy\u00fcleyici evinde misafir olur. Ayr\u0131 kald\u0131klar\u0131 d\u00f6nemlerde de d\u00fczenli olarak yaz\u0131\u015f\u0131rlar. Loti 1913\u2019teki, devlet erk\u00e2n\u0131 ve halk taraf\u0131ndan co\u015fkuyla kar\u015f\u0131land\u0131\u011f\u0131 son \u0130stanbul ziyaretinde de yal\u0131n\u0131n misafiridir. Kontes, T\u00fcrklerin Balkan Sava\u015flar\u0131yla birlikte i\u00e7ine d\u00fc\u015ft\u00fc\u011f\u00fc ac\u0131l\u0131 s\u00fcrecin ve Loti\u2019nin neredeyse b\u00fct\u00fcn Bat\u0131 d\u00fcnyas\u0131n\u0131 kar\u015f\u0131s\u0131na alarak T\u00fcrk davas\u0131n\u0131 nas\u0131l cansiperane savundu\u011funun yak\u0131ndan \u015fahididir. Pierre Loti Konstantiniyye\u2019de bu dostlu\u011fun ve birlikte ge\u00e7irilen zaman\u0131n hat\u0131ralar\u0131ndan do\u011far. T\u00fcrk dostu ve deniz subay\u0131 kimli\u011fiyle bilinen Loti\u2019nin kedi sevgisi, \u0130stanbul\u2019un gizi k\u00f6\u015felerindeki m\u00fctevaz\u0131 zevkleri, Kontes\u2019le birlikte yapt\u0131klar\u0131 \u0130stanbul gezintileri, her kesimden T\u00fcrklerle kurdu\u011fu s\u0131cak ili\u015fkiler, dostlar aras\u0131nda d\u00fczenledi\u011fi g\u00f6steri\u015fli ve e\u011flenceli geceler mahrem bir tan\u0131kl\u0131\u011f\u0131n kaleminden aktar\u0131l\u0131yor. <\/p>\n","protected":false},"excerpt":{"rendered":"<p>Kandilli\u2019deki me\u015fhur Ostrorog yal\u0131s\u0131n\u0131n ev sahibesi Kontes Ostrorog, ki\u015fili\u011fine ve eserlerine hayran oldu\u011fu dostu Pierre Loti\u2019yi yal\u0131s\u0131nda a\u011f\u0131rlamak \u015ferefine eri\u015fir (1910). Daha sonraysa, bu kez Kontes<span class=\"excerpt-hellip\"> [\u2026]<\/span><\/p>\n","protected":false},"featured_media":0,"template":"","meta":{"_monsterinsights_skip_tracking":false,"_monsterinsights_sitenote_active":false,"_monsterinsights_sitenote_note":"","_monsterinsights_sitenote_category":0},"product_brand":[],"product_cat":[12370,12304],"product_tag":[],"class_list":{"0":"post-741251","1":"product","2":"type-product","3":"status-publish","5":"product_cat-arastirma-inceleme","6":"product_cat-tarih","7":"pa_cilt-ciltsiz","8":"pa_tur-kitap","9":"pa_yayinevi-kirmizi-kedi-yayinevi","10":"pa_yazar-kontes-ostrorog","12":"first","13":"instock","14":"sale","15":"shipping-taxable","16":"purchasable","17":"product-type-simple"},"_links":{"self":[{"href":"https:\/\/roveyayinevi.com.tr\/index.php\/wp-json\/wp\/v2\/product\/741251","targetHints":{"allow":["GET"]}}],"collection":[{"href":"https:\/\/roveyayinevi.com.tr\/index.php\/wp-json\/wp\/v2\/product"}],"about":[{"href":"https:\/\/roveyayinevi.com.tr\/index.php\/wp-json\/wp\/v2\/types\/product"}],"wp:attachment":[{"href":"https:\/\/roveyayinevi.com.tr\/index.php\/wp-json\/wp\/v2\/media?parent=741251"}],"wp:term":[{"taxonomy":"product_brand","embeddable":true,"href":"https:\/\/roveyayinevi.com.tr\/index.php\/wp-json\/wp\/v2\/product_brand?post=741251"},{"taxonomy":"product_cat","embeddable":true,"href":"https:\/\/roveyayinevi.com.tr\/index.php\/wp-json\/wp\/v2\/product_cat?post=741251"},{"taxonomy":"product_tag","embeddable":true,"href":"https:\/\/roveyayinevi.com.tr\/index.php\/wp-json\/wp\/v2\/product_tag?post=741251"}],"curies":[{"name":"wp","href":"https:\/\/api.w.org\/{rel}","templated":true}]}}