{"id":741248,"date":"2025-08-28T00:45:27","date_gmt":"2025-08-27T21:45:27","guid":{"rendered":"https:\/\/roveyayinevi.com.tr\/index.php\/urun\/komplo-teorileri-tarihi\/"},"modified":"2026-04-16T02:52:18","modified_gmt":"2026-04-15T23:52:18","slug":"komplo-teorileri-tarihi","status":"publish","type":"product","link":"https:\/\/roveyayinevi.com.tr\/index.php\/urun\/komplo-teorileri-tarihi\/","title":{"rendered":"Komplo Teorileri Tarihi"},"content":{"rendered":"<p>Akla ve Ayd\u0131nlanma\u2019ya kar\u015f\u0131 ha\u00e7l\u0131 seferlerinin y\u00fcr\u00fct\u00fcld\u00fc\u011f\u00fc g\u00fcn\u00fcm\u00fczde, komplo teorileri b\u00fcy\u00fck ra\u011fbet g\u00f6r\u00fcyor. Bir\u00e7ok ki\u015fi d\u00fcnyay\u0131 komplo teorileriyle a\u00e7\u0131klamaya \u00e7al\u0131\u015f\u0131yor. Haluk Hepkon bu kitapta, komplo teorisi k\u00fclliyat\u0131n\u0131n \u00f6nemli k\u00f6\u015fe ta\u015flar\u0131n\u0131 Ekim Devrimi ya da D\u00fcnya Sava\u015flar\u0131 gibi b\u00fcy\u00fck toplumsal alt\u00fcst olu\u015flarla ili\u015fkilendirerek bir komplo teorisi tarihi sunuyor. Yazar, komplo teorilerinin iki y\u00fczy\u0131ll\u0131k tarihini ana hatlar\u0131yla aktar\u0131rken okuru gereksiz ayr\u0131nt\u0131ya bo\u011fmadan, bu iddialar\u0131n ne zaman ve kimler taraf\u0131ndan ortaya at\u0131ld\u0131\u011f\u0131na ve siyasal i\u00e7eri\u011fine odaklan\u0131yor. \u0130\u015fte cevab\u0131 ara\u015ft\u0131r\u0131lan baz\u0131 sorular: Komplo teorilerinin Bat\u0131 ve Do\u011fu k\u00fclt\u00fcrlerindeki yeri? Yeni D\u00fcnya D\u00fczeni, \u0130lluminati\u2019nin projesi midir? Frans\u0131z Devrimi\u2019ni Tap\u0131nak \u015e\u00f6valyelerinin yapt\u0131\u011f\u0131n\u0131 \u00f6ne s\u00fcrenlerin amac\u0131 neydi? Da Vinci \u015eifresi\u2019nin as\u0131l s\u0131rr\u0131 ne? \u0130ttihat Terakki\u2019nin Mason-Yahudi \u00f6rg\u00fct\u00fc oldu\u011fu iddias\u0131n\u0131n as\u0131l mucidi kim? Atat\u00fcrk hakk\u0131ndaki \u0130srail kaynakl\u0131 iddialar\u0131n kayna\u011f\u0131 ne? Yahudilerin d\u00fcnyay\u0131 y\u00f6netti\u011fi iddias\u0131 ilk defa ne zaman ortaya at\u0131ld\u0131? \u0130srail\u2019in ortaya \u00e7\u0131k\u0131\u015f\u0131nda komplo teorilerinin rol\u00fc var m\u0131?<\/p>\n","protected":false},"excerpt":{"rendered":"<p>Akla ve Ayd\u0131nlanma\u2019ya kar\u015f\u0131 ha\u00e7l\u0131 seferlerinin y\u00fcr\u00fct\u00fcld\u00fc\u011f\u00fc g\u00fcn\u00fcm\u00fczde, komplo teorileri b\u00fcy\u00fck ra\u011fbet g\u00f6r\u00fcyor. Bir\u00e7ok ki\u015fi d\u00fcnyay\u0131 komplo teorileriyle a\u00e7\u0131klamaya \u00e7al\u0131\u015f\u0131yor. Haluk Hepkon bu kitapta, komplo teorisi<span class=\"excerpt-hellip\"> [\u2026]<\/span><\/p>\n","protected":false},"featured_media":0,"template":"","meta":{"_monsterinsights_skip_tracking":false,"_monsterinsights_sitenote_active":false,"_monsterinsights_sitenote_note":"","_monsterinsights_sitenote_category":0},"product_brand":[],"product_cat":[13590,12337],"product_tag":[],"class_list":{"0":"post-741248","1":"product","2":"type-product","3":"status-publish","5":"product_cat-arastirma-inceleme-politika-siyaset","6":"product_cat-politika-siyaset","7":"pa_cilt-ciltsiz","8":"pa_tur-kitap","9":"pa_yayinevi-kirmizi-kedi-yayinevi","10":"pa_yazar-haluk-hepkon","12":"first","13":"instock","14":"sale","15":"shipping-taxable","16":"purchasable","17":"product-type-simple"},"_links":{"self":[{"href":"https:\/\/roveyayinevi.com.tr\/index.php\/wp-json\/wp\/v2\/product\/741248","targetHints":{"allow":["GET"]}}],"collection":[{"href":"https:\/\/roveyayinevi.com.tr\/index.php\/wp-json\/wp\/v2\/product"}],"about":[{"href":"https:\/\/roveyayinevi.com.tr\/index.php\/wp-json\/wp\/v2\/types\/product"}],"wp:attachment":[{"href":"https:\/\/roveyayinevi.com.tr\/index.php\/wp-json\/wp\/v2\/media?parent=741248"}],"wp:term":[{"taxonomy":"product_brand","embeddable":true,"href":"https:\/\/roveyayinevi.com.tr\/index.php\/wp-json\/wp\/v2\/product_brand?post=741248"},{"taxonomy":"product_cat","embeddable":true,"href":"https:\/\/roveyayinevi.com.tr\/index.php\/wp-json\/wp\/v2\/product_cat?post=741248"},{"taxonomy":"product_tag","embeddable":true,"href":"https:\/\/roveyayinevi.com.tr\/index.php\/wp-json\/wp\/v2\/product_tag?post=741248"}],"curies":[{"name":"wp","href":"https:\/\/api.w.org\/{rel}","templated":true}]}}