{"id":741240,"date":"2025-08-28T00:45:18","date_gmt":"2025-08-27T21:45:18","guid":{"rendered":"https:\/\/roveyayinevi.com.tr\/index.php\/urun\/funny-mat-arapca-alfabe\/"},"modified":"2026-04-16T02:52:18","modified_gmt":"2026-04-15T23:52:18","slug":"funny-mat-arapca-alfabe","status":"publish","type":"product","link":"https:\/\/roveyayinevi.com.tr\/index.php\/urun\/funny-mat-arapca-alfabe\/","title":{"rendered":"Funny Mat &#8211; Arap\u00e7a Alfabe"},"content":{"rendered":"<p>Funny Mat, her t\u00fcrl\u00fc aktivite i\u00e7in masa ve y\u00fczey koruyucu olarak kullan\u0131l\u0131r. \u00dczerinde yemek yenebilir boyama yap\u0131labilir, kil ve oyun hamuru \u015fekkillendirilebilir, ders \u00e7al\u0131\u015f\u0131labilir. Funny Mat&#8217;\u0131n kendiside ayn\u0131 zamanda e\u011flenceli bir aktivite mataryelidir. Funny mat \u00fczerinde desenler, ke\u00e7eli kalem ve kuru boya  ile istenildi\u011fi gibi boyanabilir. Funny Mat, suyun alt\u0131na tutuldu\u011funda  \u0131slak mendille silindi\u011finde boyalar hemen \u00e7\u0131kar ve defalarca farkl\u0131 renklere boyamak m\u00fcmk\u00fcn olur.<\/p>\n","protected":false},"excerpt":{"rendered":"<p>Funny Mat, her t\u00fcrl\u00fc aktivite i\u00e7in masa ve y\u00fczey koruyucu olarak kullan\u0131l\u0131r. \u00dczerinde yemek yenebilir boyama yap\u0131labilir, kil ve oyun hamuru \u015fekkillendirilebilir, ders \u00e7al\u0131\u015f\u0131labilir. Funny Mat&#8217;\u0131n<span class=\"excerpt-hellip\"> [\u2026]<\/span><\/p>\n","protected":false},"featured_media":0,"template":"","meta":{"_monsterinsights_skip_tracking":false,"_monsterinsights_sitenote_active":false,"_monsterinsights_sitenote_note":"","_monsterinsights_sitenote_category":0},"product_brand":[],"product_cat":[12644,12274],"product_tag":[],"class_list":{"0":"post-741240","1":"product","2":"type-product","3":"status-publish","5":"product_cat-boyama-kitaplari","6":"product_cat-cocuk-ve-genclik-kitaplari","7":"pa_cilt-ciltsiz","8":"pa_tur-kitap20","9":"pa_yayinevi-akademi-cocuk-funny-mat","10":"pa_yazar-akademi-cocuk-kolektif","12":"first","13":"instock","14":"sale","15":"shipping-taxable","16":"purchasable","17":"product-type-simple"},"_links":{"self":[{"href":"https:\/\/roveyayinevi.com.tr\/index.php\/wp-json\/wp\/v2\/product\/741240","targetHints":{"allow":["GET"]}}],"collection":[{"href":"https:\/\/roveyayinevi.com.tr\/index.php\/wp-json\/wp\/v2\/product"}],"about":[{"href":"https:\/\/roveyayinevi.com.tr\/index.php\/wp-json\/wp\/v2\/types\/product"}],"wp:attachment":[{"href":"https:\/\/roveyayinevi.com.tr\/index.php\/wp-json\/wp\/v2\/media?parent=741240"}],"wp:term":[{"taxonomy":"product_brand","embeddable":true,"href":"https:\/\/roveyayinevi.com.tr\/index.php\/wp-json\/wp\/v2\/product_brand?post=741240"},{"taxonomy":"product_cat","embeddable":true,"href":"https:\/\/roveyayinevi.com.tr\/index.php\/wp-json\/wp\/v2\/product_cat?post=741240"},{"taxonomy":"product_tag","embeddable":true,"href":"https:\/\/roveyayinevi.com.tr\/index.php\/wp-json\/wp\/v2\/product_tag?post=741240"}],"curies":[{"name":"wp","href":"https:\/\/api.w.org\/{rel}","templated":true}]}}