{"id":741231,"date":"2025-08-28T00:45:07","date_gmt":"2025-08-27T21:45:07","guid":{"rendered":"https:\/\/roveyayinevi.com.tr\/index.php\/urun\/zeka-ve-dikkat-gelistiren-aktiviteler\/"},"modified":"2026-04-16T02:52:17","modified_gmt":"2026-04-15T23:52:17","slug":"zeka-ve-dikkat-gelistiren-aktiviteler","status":"publish","type":"product","link":"https:\/\/roveyayinevi.com.tr\/index.php\/urun\/zeka-ve-dikkat-gelistiren-aktiviteler\/","title":{"rendered":"Zeka Ve Dikkat Geli\u015ftiren Aktiviteler"},"content":{"rendered":"<p>\u00c7ocuklar i\u00e7in haz\u0131rlanan bu kitap; el kaslar\u0131n\u0131 g\u00fc\u00e7lendirmeyi, nesneleri e\u015fle\u015ftirmeyi, farkl\u0131 olan\u0131 bulmay\u0131, labirenti \u00e7\u00f6zmeyi ve dikkat geli\u015ftirici \u00e7izgi etkinlikleriyle ve boyamalarla dikkat kalitesini artt\u0131rmay\u0131 hedeflemektedir. <\/p>\n","protected":false},"excerpt":{"rendered":"<p>\u00c7ocuklar i\u00e7in haz\u0131rlanan bu kitap; el kaslar\u0131n\u0131 g\u00fc\u00e7lendirmeyi, nesneleri e\u015fle\u015ftirmeyi, farkl\u0131 olan\u0131 bulmay\u0131, labirenti \u00e7\u00f6zmeyi ve dikkat geli\u015ftirici \u00e7izgi etkinlikleriyle ve boyamalarla dikkat kalitesini artt\u0131rmay\u0131 hedeflemektedir.<\/p>\n","protected":false},"featured_media":0,"template":"","meta":{"_monsterinsights_skip_tracking":false,"_monsterinsights_sitenote_active":false,"_monsterinsights_sitenote_note":"","_monsterinsights_sitenote_category":0},"product_brand":[],"product_cat":[12274,15842],"product_tag":[],"class_list":{"0":"post-741231","1":"product","2":"type-product","3":"status-publish","5":"product_cat-cocuk-ve-genclik-kitaplari","6":"product_cat-egitici-kitaplar","7":"pa_cilt-ciltsiz","8":"pa_tur-kitap","9":"pa_yayinevi-bookalemun-yayinevi","10":"pa_yazar-leyla-celik","12":"first","13":"instock","14":"sale","15":"shipping-taxable","16":"purchasable","17":"product-type-simple"},"_links":{"self":[{"href":"https:\/\/roveyayinevi.com.tr\/index.php\/wp-json\/wp\/v2\/product\/741231","targetHints":{"allow":["GET"]}}],"collection":[{"href":"https:\/\/roveyayinevi.com.tr\/index.php\/wp-json\/wp\/v2\/product"}],"about":[{"href":"https:\/\/roveyayinevi.com.tr\/index.php\/wp-json\/wp\/v2\/types\/product"}],"wp:attachment":[{"href":"https:\/\/roveyayinevi.com.tr\/index.php\/wp-json\/wp\/v2\/media?parent=741231"}],"wp:term":[{"taxonomy":"product_brand","embeddable":true,"href":"https:\/\/roveyayinevi.com.tr\/index.php\/wp-json\/wp\/v2\/product_brand?post=741231"},{"taxonomy":"product_cat","embeddable":true,"href":"https:\/\/roveyayinevi.com.tr\/index.php\/wp-json\/wp\/v2\/product_cat?post=741231"},{"taxonomy":"product_tag","embeddable":true,"href":"https:\/\/roveyayinevi.com.tr\/index.php\/wp-json\/wp\/v2\/product_tag?post=741231"}],"curies":[{"name":"wp","href":"https:\/\/api.w.org\/{rel}","templated":true}]}}