{"id":741219,"date":"2025-08-28T00:44:20","date_gmt":"2025-08-27T21:44:20","guid":{"rendered":"https:\/\/roveyayinevi.com.tr\/index.php\/urun\/insan-ne-ile-yasar-22\/"},"modified":"2026-04-16T02:52:17","modified_gmt":"2026-04-15T23:52:17","slug":"insan-ne-ile-yasar-22","status":"publish","type":"product","link":"https:\/\/roveyayinevi.com.tr\/index.php\/urun\/insan-ne-ile-yasar-22\/","title":{"rendered":"\u0130nsan Ne ile Ya\u015far?"},"content":{"rendered":"<p>Michael cevap verdi: \u201cTanr\u0131 beni ona itaatsizlik etti\u011fim i\u00e7in cezaland\u0131rd\u0131. Ben cennette bir melektim ve Tanr\u0131&#8217;ya itaatsizlik ettim. Tanr\u0131 beni bir kad\u0131n\u0131n can\u0131n\u0131 almam i\u00e7in d\u00fcnyaya g\u00f6ndermi\u015fti. D\u00fcnyaya u\u00e7tum, g\u00f6rd\u00fcm ki, ikiz k\u0131zlar\u0131n\u0131 yeni do\u011furmu\u015f hasta bir kad\u0131n yaln\u0131z ba\u015f\u0131na yat\u0131yor. K\u0131zlar annelerinin yan\u0131 ba\u015f\u0131nda \u00e7abalay\u0131p duruyorlard\u0131. Fakat kad\u0131n onlara yard\u0131m edemeyecek kadar takatsizdi Kad\u0131n beni g\u00f6rd\u00fc\u011f\u00fcnde, ruhunu almak i\u00e7in Tanr\u0131 taraf\u0131ndan g\u00f6nderildi\u011fimi anlad\u0131 ve yalvararak: \u201cEy Tanr\u0131&#8217;n\u0131n Mele\u011fi! Kocam \u00fczerine d\u00fc\u015fen bir a\u011fac\u0131n alt\u0131nda kalarak yeni \u00f6ld\u00fc, onu daha d\u00fcn g\u00f6md\u00fck. Ne bir k\u0131z karde\u015fim, ne bir teyzem, ne de bir annem var. Yetimlerimi b\u0131rakabilece\u011fim hi\u00e7 kimsem yok. Can\u0131m\u0131 alma! \u0130zin ver \u00e7ocuklar\u0131m\u0131 emzireyim, onlar\u0131 b\u00fcy\u00fcteyim ve \u00f6lmeden \u00f6nce onlar\u0131n y\u00fcr\u00fcd\u00fcklerini g\u00f6reyim. \u00c7ocuklar anne babalar\u0131 olmadan ya\u015fayamazlar\u201d dedi.<\/p>\n","protected":false},"excerpt":{"rendered":"<p>Michael cevap verdi: \u201cTanr\u0131 beni ona itaatsizlik etti\u011fim i\u00e7in cezaland\u0131rd\u0131. Ben cennette bir melektim ve Tanr\u0131&#8217;ya itaatsizlik ettim. Tanr\u0131 beni bir kad\u0131n\u0131n can\u0131n\u0131 almam i\u00e7in d\u00fcnyaya<span class=\"excerpt-hellip\"> [\u2026]<\/span><\/p>\n","protected":false},"featured_media":0,"template":"","meta":{"_monsterinsights_skip_tracking":false,"_monsterinsights_sitenote_active":false,"_monsterinsights_sitenote_note":"","_monsterinsights_sitenote_category":0},"product_brand":[],"product_cat":[12291,12711],"product_tag":[],"class_list":{"0":"post-741219","1":"product","2":"type-product","3":"status-publish","5":"product_cat-edebiyat","6":"product_cat-roman-oyku","7":"pa_cilt-ciltsiz","8":"pa_tur-kitap","9":"pa_yayinevi-platanus-publishing","10":"pa_yazar-lev-nikolayevic-tolstoy","12":"first","13":"instock","14":"sale","15":"shipping-taxable","16":"purchasable","17":"product-type-simple"},"_links":{"self":[{"href":"https:\/\/roveyayinevi.com.tr\/index.php\/wp-json\/wp\/v2\/product\/741219","targetHints":{"allow":["GET"]}}],"collection":[{"href":"https:\/\/roveyayinevi.com.tr\/index.php\/wp-json\/wp\/v2\/product"}],"about":[{"href":"https:\/\/roveyayinevi.com.tr\/index.php\/wp-json\/wp\/v2\/types\/product"}],"wp:attachment":[{"href":"https:\/\/roveyayinevi.com.tr\/index.php\/wp-json\/wp\/v2\/media?parent=741219"}],"wp:term":[{"taxonomy":"product_brand","embeddable":true,"href":"https:\/\/roveyayinevi.com.tr\/index.php\/wp-json\/wp\/v2\/product_brand?post=741219"},{"taxonomy":"product_cat","embeddable":true,"href":"https:\/\/roveyayinevi.com.tr\/index.php\/wp-json\/wp\/v2\/product_cat?post=741219"},{"taxonomy":"product_tag","embeddable":true,"href":"https:\/\/roveyayinevi.com.tr\/index.php\/wp-json\/wp\/v2\/product_tag?post=741219"}],"curies":[{"name":"wp","href":"https:\/\/api.w.org\/{rel}","templated":true}]}}