{"id":741212,"date":"2025-08-28T00:44:12","date_gmt":"2025-08-27T21:44:12","guid":{"rendered":"https:\/\/roveyayinevi.com.tr\/index.php\/urun\/funny-mat-ciftlik\/"},"modified":"2026-04-16T02:52:17","modified_gmt":"2026-04-15T23:52:17","slug":"funny-mat-ciftlik","status":"publish","type":"product","link":"https:\/\/roveyayinevi.com.tr\/index.php\/urun\/funny-mat-ciftlik\/","title":{"rendered":"Funny Mat &#8211; \u00c7iftlik"},"content":{"rendered":"<p>Funny  Mat,  her t\u00fcrl\u00fc aktivite i\u00e7in masa  ve y\u00fczey  koruyucu olarak kullan\u0131l\u0131r.\u00dczerinde; yemek yiyebilir, boyama yapabilir, kil ve oyun hamuru \u015fekillendirebilir, ders \u00e7al\u0131\u015fabilirsiniz.Funny Mat\u2019in  kendisi de ayn\u0131 zamanda e\u011flenceli bir Aktivite Materyali\u2019dir.Su bazl\u0131 ke\u00e7eli kalem ile Funny Mat \u00fczerindeki desenleri  istedi\u011finiz gibi boyay\u0131p renklendirebilirisiniz.Funny Mat \u2018i suyun alt\u0131na tuttu\u011funuzda boyalar hemen \u00e7\u0131kacak ve defalarca farkl\u0131 renklere boyaman\u0131z m\u00fcmk\u00fcn olacak.Funny Mat ile e\u011flence \u015fimdi ba\u015fl\u0131yor! Kullan\u0131m \u00d6nerileri:Funny Mat kirlendi\u011finde y\u0131kanabilir ya da  kolayca silinebilir.S\u0131cak maddeler ile temas ettirilmez.Bula\u015f\u0131k makinesinde y\u0131kanmaz. Funny Mat, PP den \u00fcretilmi\u015ftir ve \u00e7ocuk kullan\u0131m\u0131na uygundur.<\/p>\n","protected":false},"excerpt":{"rendered":"<p>Funny Mat, her t\u00fcrl\u00fc aktivite i\u00e7in masa ve y\u00fczey koruyucu olarak kullan\u0131l\u0131r.\u00dczerinde; yemek yiyebilir, boyama yapabilir, kil ve oyun hamuru \u015fekillendirebilir, ders \u00e7al\u0131\u015fabilirsiniz.Funny Mat\u2019in kendisi de<span class=\"excerpt-hellip\"> [\u2026]<\/span><\/p>\n","protected":false},"featured_media":0,"template":"","meta":{"_monsterinsights_skip_tracking":false,"_monsterinsights_sitenote_active":false,"_monsterinsights_sitenote_note":"","_monsterinsights_sitenote_category":0},"product_brand":[],"product_cat":[12644,12274],"product_tag":[],"class_list":{"0":"post-741212","1":"product","2":"type-product","3":"status-publish","5":"product_cat-boyama-kitaplari","6":"product_cat-cocuk-ve-genclik-kitaplari","7":"pa_cilt-ciltsiz","8":"pa_tur-kitap20","9":"pa_yayinevi-akademi-cocuk-funny-mat","10":"pa_yazar-akademi-cocuk-kolektif","12":"first","13":"instock","14":"sale","15":"shipping-taxable","16":"purchasable","17":"product-type-simple"},"_links":{"self":[{"href":"https:\/\/roveyayinevi.com.tr\/index.php\/wp-json\/wp\/v2\/product\/741212","targetHints":{"allow":["GET"]}}],"collection":[{"href":"https:\/\/roveyayinevi.com.tr\/index.php\/wp-json\/wp\/v2\/product"}],"about":[{"href":"https:\/\/roveyayinevi.com.tr\/index.php\/wp-json\/wp\/v2\/types\/product"}],"wp:attachment":[{"href":"https:\/\/roveyayinevi.com.tr\/index.php\/wp-json\/wp\/v2\/media?parent=741212"}],"wp:term":[{"taxonomy":"product_brand","embeddable":true,"href":"https:\/\/roveyayinevi.com.tr\/index.php\/wp-json\/wp\/v2\/product_brand?post=741212"},{"taxonomy":"product_cat","embeddable":true,"href":"https:\/\/roveyayinevi.com.tr\/index.php\/wp-json\/wp\/v2\/product_cat?post=741212"},{"taxonomy":"product_tag","embeddable":true,"href":"https:\/\/roveyayinevi.com.tr\/index.php\/wp-json\/wp\/v2\/product_tag?post=741212"}],"curies":[{"name":"wp","href":"https:\/\/api.w.org\/{rel}","templated":true}]}}