{"id":741211,"date":"2025-08-28T00:44:11","date_gmt":"2025-08-27T21:44:11","guid":{"rendered":"https:\/\/roveyayinevi.com.tr\/index.php\/urun\/melankoli-2\/"},"modified":"2026-04-16T02:52:17","modified_gmt":"2026-04-15T23:52:17","slug":"melankoli-2","status":"publish","type":"product","link":"https:\/\/roveyayinevi.com.tr\/index.php\/urun\/melankoli-2\/","title":{"rendered":"Melankoli"},"content":{"rendered":"<p>\u201cUygarl\u0131\u011f\u0131n bedeli nevrozla \u00f6denir.\u201d Sigmund Freud   Toplumsal huzursuzluklar\u0131n artt\u0131\u011f\u0131 d\u00f6nemlerde ya\u015fanan g\u00fcvensizlik ortamlar\u0131nda s\u0131kl\u0131kla s\u00f6z\u00fc edilmeye ba\u015flanan melankoli, bir ya\u015fam tarz\u0131, bir ruhsal durum ve bir ki\u015filik tipi olarak tan\u0131mlan\u0131rken, toplum d\u00fc\u015fmanl\u0131\u011f\u0131 yapt\u0131klar\u0131 ve tanr\u0131ya ba\u015fkald\u0131rd\u0131klar\u0131 d\u00fc\u015f\u00fcn\u00fclen melankolikler \u201cak\u0131ls\u0131z deliler\u201d olarak parmakla g\u00f6sterilmi\u015flerdir. Tutuklanan, kliniklere kapat\u0131lan, toplama kamplar\u0131na g\u00f6nderilen melankolikler ayn\u0131 zamanda pek \u00e7ok trajediye, romana, \u015fiire, sanat eserine imzalar\u0131n\u0131 atm\u0131\u015flard\u0131r.  Kendi deyimiyle \u201cher dem g\u00fcnahkarl\u0131\u011f\u0131n ve sa\u00e7mal\u0131\u011f\u0131n keyfini ya\u015fayan bir melankolik\u201d olan Serol Teber, ilk\u00e7a\u011fdan g\u00fcn\u00fcm\u00fcze kadar sanatta ve edebiyatta melankoliyi inceliyor; bu kavram\u0131n nas\u0131l do\u011fdu\u011funu, geli\u015fti\u011fini, tarih boyunca bu durum i\u00e7inde olanlara nas\u0131l yakla\u015f\u0131ld\u0131\u011f\u0131n\u0131, yasaklamalar\u0131, \u00f6zg\u00fcrl\u00fc\u011f\u00fc, ac\u0131y\u0131 ve Hi\u00e7\u2019li\u011fi anlat\u0131yor. Topluma ayak uyduramad\u0131\u011f\u0131 d\u00fc\u015f\u00fcn\u00fclen ressam, \u015fair, filozof ve yazarlar\u0131n ki\u015fisel tarihlerini ele alarak melankolinin eserlerine nas\u0131l yans\u0131d\u0131\u011f\u0131n\u0131 t\u00fcm detaylar\u0131yla ortaya koyan ve bu s\u0131rada d\u00f6nemin dinamiklerini titizlikle inceleyen Melankoli: Normal Bir Anomali Albrecht D\u00fcrer, Friedrich H\u00f6lderlin, Walter Benjamin gibi dahilerin izini s\u00fcr\u00fcyor. \u201cTutunamayanlar\u201d\u0131n Politik Psikolojisi, Bilimsel Bir Peri Masal\u0131: Freud\u2019un \u201cAile ve Tarihsel Roman\u0131\u201d ve A\u015fiyan\u2019daki Kahin: Tevfik Fikret\u2019in Melankolik D\u00fcnyas\u0131 kitaplar\u0131n\u0131 Okuyan Us Yay\u0131nevi\u2019ne emanet eden Serol Teber, Melankoli: Normal Bir Anomali\u2019nin ard\u0131ndan Politik Psikoloji Notlar\u0131, Davran\u0131\u015flar\u0131m\u0131z\u0131n K\u00f6keni ve Do\u011fa\u2019n\u0131n \u0130nsanla\u015fmas\u0131 ile \u00e7ok yak\u0131nda okurlar\u0131yla yeniden bulu\u015facak. <\/p>\n","protected":false},"excerpt":{"rendered":"<p>\u201cUygarl\u0131\u011f\u0131n bedeli nevrozla \u00f6denir.\u201d Sigmund Freud Toplumsal huzursuzluklar\u0131n artt\u0131\u011f\u0131 d\u00f6nemlerde ya\u015fanan g\u00fcvensizlik ortamlar\u0131nda s\u0131kl\u0131kla s\u00f6z\u00fc edilmeye ba\u015flanan melankoli, bir ya\u015fam tarz\u0131, bir ruhsal durum ve bir<span class=\"excerpt-hellip\"> [\u2026]<\/span><\/p>\n","protected":false},"featured_media":0,"template":"","meta":{"_monsterinsights_skip_tracking":false,"_monsterinsights_sitenote_active":false,"_monsterinsights_sitenote_note":"","_monsterinsights_sitenote_category":0},"product_brand":[],"product_cat":[12358,12357],"product_tag":[],"class_list":{"0":"post-741211","1":"product","2":"type-product","3":"status-publish","5":"product_cat-genel-psikoloji","6":"product_cat-psikoloji","7":"pa_cilt-ciltsiz","8":"pa_tur-kitap","9":"pa_yayinevi-okuyan-us-yayin","10":"pa_yazar-serol-teber","12":"first","13":"instock","14":"sale","15":"shipping-taxable","16":"purchasable","17":"product-type-simple"},"_links":{"self":[{"href":"https:\/\/roveyayinevi.com.tr\/index.php\/wp-json\/wp\/v2\/product\/741211","targetHints":{"allow":["GET"]}}],"collection":[{"href":"https:\/\/roveyayinevi.com.tr\/index.php\/wp-json\/wp\/v2\/product"}],"about":[{"href":"https:\/\/roveyayinevi.com.tr\/index.php\/wp-json\/wp\/v2\/types\/product"}],"wp:attachment":[{"href":"https:\/\/roveyayinevi.com.tr\/index.php\/wp-json\/wp\/v2\/media?parent=741211"}],"wp:term":[{"taxonomy":"product_brand","embeddable":true,"href":"https:\/\/roveyayinevi.com.tr\/index.php\/wp-json\/wp\/v2\/product_brand?post=741211"},{"taxonomy":"product_cat","embeddable":true,"href":"https:\/\/roveyayinevi.com.tr\/index.php\/wp-json\/wp\/v2\/product_cat?post=741211"},{"taxonomy":"product_tag","embeddable":true,"href":"https:\/\/roveyayinevi.com.tr\/index.php\/wp-json\/wp\/v2\/product_tag?post=741211"}],"curies":[{"name":"wp","href":"https:\/\/api.w.org\/{rel}","templated":true}]}}