{"id":741204,"date":"2025-08-28T00:44:02","date_gmt":"2025-08-27T21:44:02","guid":{"rendered":"https:\/\/roveyayinevi.com.tr\/index.php\/urun\/atlas-vazgecti-3-kitap\/"},"modified":"2026-04-16T02:52:16","modified_gmt":"2026-04-15T23:52:16","slug":"atlas-vazgecti-3-kitap","status":"publish","type":"product","link":"https:\/\/roveyayinevi.com.tr\/index.php\/urun\/atlas-vazgecti-3-kitap\/","title":{"rendered":"Atlas Vazge\u00e7ti 3. Kitap"},"content":{"rendered":"<p>Atlas Vazge\u00e7ti &#8211; 3. Kitap Ayn Rand\u2019\u0131n Objektivizm felsefesinin bir \u00f6zeti olarak g\u00f6r\u00fclen Atlas Vazge\u00e7ti destanlara \u00f6zg\u00fc kahramanlar\u0131yla ve k\u00f6t\u00fc adamlar\u0131yla, iyinin ve k\u00f6t\u00fcn\u00fcn ne oldu\u011funa dair sorular\u0131yla bir roman formunda yaz\u0131lm\u0131\u015f olsa da asl\u0131nda felsefi bir devrim amac\u0131 ta\u015f\u0131yor. Birle\u015fik Devletler\u2019de en b\u00fcy\u00fck mucitler, sanayiciler, bilim insanlar\u0131 ve yetkin ki\u015filer bir bir ortadan kayboluyor ve nereye gittiklerini kimse bilmiyor. Bu kaotik ortamda ekonomi tepetaklak olurken h\u0131rsl\u0131 i\u015f kad\u0131n\u0131 Dagny Taggart, y\u00f6netti\u011fi k\u0131talararas\u0131 demiryolunu ayakta tutmak i\u00e7in var\u0131n\u0131 yo\u011funu ortaya koyuyor ancak g\u00fcn ge\u00e7tik\u00e7e d\u00fcnyan\u0131n geri d\u00f6nd\u00fcr\u00fclemez bir \u015fekilde y\u0131k\u0131ma s\u00fcr\u00fcklendi\u011fi ve kurtulu\u015fun m\u00fcmk\u00fcn olmad\u0131\u011f\u0131 anla\u015f\u0131l\u0131yor\u2026 B\u00fcy\u00fck bir sanayi dehas\u0131 insanlar\u0131n g\u00f6z\u00fc \u00f6n\u00fcnde i\u015fe yaramaz bir sosyete \u00e7apk\u0131n\u0131na d\u00f6n\u00fc\u015f\u00fcyor, \u00e7elik end\u00fcstrisinde \u00e7\u0131\u011f\u0131r a\u00e7an yenilik\u00e7i bir \u00fcretici kendi elleriyle y\u0131k\u0131m\u0131n\u0131 haz\u0131rl\u0131yor, \u00e7a\u011f\u0131n\u0131n \u00f6nc\u00fcs\u00fc olabilecek kadar yetkin bir filozof yasad\u0131\u015f\u0131 yollara sap\u0131yor ve d\u00e2hi bir besteci kariyerinin zirvesinde m\u00fczi\u011fi b\u0131rak\u0131yor\u2026 \u0130nsanl\u0131\u011f\u0131 ayakta tutan t\u00fcm de\u011ferler kaybolurken, devinimi sa\u011flayan itici g\u00fc\u00e7 yok olmu\u015fken kurtulu\u015fu kim sa\u011flayacak? D\u00fcnya yok olu\u015fa m\u0131 s\u00fcr\u00fcklenecek yoksa y\u0131k\u0131nt\u0131lar\u0131n aras\u0131nda, var olman\u0131n tan\u0131m\u0131 yeni ba\u015ftan m\u0131 yap\u0131lacak? Kolay kolay bir tan\u0131ma s\u0131\u011fd\u0131r\u0131lamayan ve hem bir gerilim hik\u00e2yesi hem de felsefi ve siyasi bir roman olarak g\u00f6r\u00fclebilecek Atlas Vazge\u00e7ti ilk kez 1957 tarihinde okuyucuyla bulu\u015ftu ve o g\u00fcnden bu yana yaz\u0131lm\u0131\u015f en etkili ve sansasyonel eserlerden biri olmay\u0131 s\u00fcrd\u00fcr\u00fcyor. AYN RAND, 2 \u015eubat 1905\u2019te Rusya\u2019n\u0131n St. Petersburg kentinde do\u011fdu. \u0130lk roman\u0131 Ya\u015famak \u0130stiyorum 1936 y\u0131l\u0131nda bas\u0131ld\u0131, onu Ego takip etti. 1943\u2019te Hayat\u0131n Kayna\u011f\u0131\u2019n\u0131n yay\u0131mlanmas\u0131yla birlikte b\u00fcy\u00fck bir ba\u015far\u0131 yakalad\u0131. Rand\u2019\u0131n felsefesi Objektivizm t\u00fcm d\u00fcnyada ilgi \u00e7ekti ve etkileri halen pop\u00fcler d\u00fc\u015f\u00fcnce \u00fczerinde g\u00f6r\u00fclmektedir. Ayn Rand 1982 y\u0131l\u0131nda hayata g\u00f6zlerini yumdu.<\/p>\n","protected":false},"excerpt":{"rendered":"<p>Atlas Vazge\u00e7ti &#8211; 3. Kitap Ayn Rand\u2019\u0131n Objektivizm felsefesinin bir \u00f6zeti olarak g\u00f6r\u00fclen Atlas Vazge\u00e7ti destanlara \u00f6zg\u00fc kahramanlar\u0131yla ve k\u00f6t\u00fc adamlar\u0131yla, iyinin ve k\u00f6t\u00fcn\u00fcn ne oldu\u011funa<span class=\"excerpt-hellip\"> [\u2026]<\/span><\/p>\n","protected":false},"featured_media":0,"template":"","meta":{"_monsterinsights_skip_tracking":false,"_monsterinsights_sitenote_active":false,"_monsterinsights_sitenote_note":"","_monsterinsights_sitenote_category":0},"product_brand":[],"product_cat":[12291,12711],"product_tag":[],"class_list":{"0":"post-741204","1":"product","2":"type-product","3":"status-publish","5":"product_cat-edebiyat","6":"product_cat-roman-oyku","7":"pa_cilt-ciltsiz","8":"pa_tur-kitap","9":"pa_yayinevi-pegasus-yayinlari","10":"pa_yazar-ayn-rand","12":"first","13":"instock","14":"sale","15":"shipping-taxable","16":"purchasable","17":"product-type-simple"},"_links":{"self":[{"href":"https:\/\/roveyayinevi.com.tr\/index.php\/wp-json\/wp\/v2\/product\/741204","targetHints":{"allow":["GET"]}}],"collection":[{"href":"https:\/\/roveyayinevi.com.tr\/index.php\/wp-json\/wp\/v2\/product"}],"about":[{"href":"https:\/\/roveyayinevi.com.tr\/index.php\/wp-json\/wp\/v2\/types\/product"}],"wp:attachment":[{"href":"https:\/\/roveyayinevi.com.tr\/index.php\/wp-json\/wp\/v2\/media?parent=741204"}],"wp:term":[{"taxonomy":"product_brand","embeddable":true,"href":"https:\/\/roveyayinevi.com.tr\/index.php\/wp-json\/wp\/v2\/product_brand?post=741204"},{"taxonomy":"product_cat","embeddable":true,"href":"https:\/\/roveyayinevi.com.tr\/index.php\/wp-json\/wp\/v2\/product_cat?post=741204"},{"taxonomy":"product_tag","embeddable":true,"href":"https:\/\/roveyayinevi.com.tr\/index.php\/wp-json\/wp\/v2\/product_tag?post=741204"}],"curies":[{"name":"wp","href":"https:\/\/api.w.org\/{rel}","templated":true}]}}