{"id":741196,"date":"2025-08-28T00:43:53","date_gmt":"2025-08-27T21:43:53","guid":{"rendered":"https:\/\/roveyayinevi.com.tr\/index.php\/urun\/funny-mat-calisma-masam-business-planer\/"},"modified":"2026-04-16T02:52:16","modified_gmt":"2026-04-15T23:52:16","slug":"funny-mat-calisma-masam-business-planer","status":"publish","type":"product","link":"https:\/\/roveyayinevi.com.tr\/index.php\/urun\/funny-mat-calisma-masam-business-planer\/","title":{"rendered":"Funny Mat \u00c7al\u0131\u015fma Masam Business Planer"},"content":{"rendered":"<p>Funny Mat\u2019\u0131n i\u015f d\u00fcnyas\u0131 i\u00e7in haz\u0131rlanan \u00e7e\u015fitleri; \u00f6zellikle i\u015fyerlerinde, ofislerde ya da evdeki \u00e7al\u0131\u015fma masalar\u0131nda kullan\u0131lmaya uygundur. Funny Mat\u2019\u0131 masan\u0131z\u0131 koruma amac\u0131yla kullanabilece\u011finiz gibi t\u00fcm i\u015flerinizi planlamak i\u00e7in de kullanabilirsiniz. Funny Mat\u2019\u0131n \u00fczerine yumu\u015fak bir kur\u015fun kalem ile yaz\u0131p, \u00e7izip, karalay\u0131p istedi\u011finizde silgi ile temizleyebilirsiniz. Funny Mat ile \u00e7al\u0131\u015fmak \u015fimdi \u00e7ok daha e\u011flenceli!<\/p>\n","protected":false},"excerpt":{"rendered":"<p>Funny Mat\u2019\u0131n i\u015f d\u00fcnyas\u0131 i\u00e7in haz\u0131rlanan \u00e7e\u015fitleri; \u00f6zellikle i\u015fyerlerinde, ofislerde ya da evdeki \u00e7al\u0131\u015fma masalar\u0131nda kullan\u0131lmaya uygundur. Funny Mat\u2019\u0131 masan\u0131z\u0131 koruma amac\u0131yla kullanabilece\u011finiz gibi t\u00fcm i\u015flerinizi<span class=\"excerpt-hellip\"> [\u2026]<\/span><\/p>\n","protected":false},"featured_media":0,"template":"","meta":{"_monsterinsights_skip_tracking":false,"_monsterinsights_sitenote_active":false,"_monsterinsights_sitenote_note":"","_monsterinsights_sitenote_category":0},"product_brand":[],"product_cat":[12644,12274],"product_tag":[],"class_list":{"0":"post-741196","1":"product","2":"type-product","3":"status-publish","5":"product_cat-boyama-kitaplari","6":"product_cat-cocuk-ve-genclik-kitaplari","7":"pa_cilt-ciltsiz","8":"pa_tur-kitap20","9":"pa_yayinevi-akademi-cocuk-funny-mat","10":"pa_yazar-akademi-cocuk-kolektif","12":"first","13":"instock","14":"sale","15":"shipping-taxable","16":"purchasable","17":"product-type-simple"},"_links":{"self":[{"href":"https:\/\/roveyayinevi.com.tr\/index.php\/wp-json\/wp\/v2\/product\/741196","targetHints":{"allow":["GET"]}}],"collection":[{"href":"https:\/\/roveyayinevi.com.tr\/index.php\/wp-json\/wp\/v2\/product"}],"about":[{"href":"https:\/\/roveyayinevi.com.tr\/index.php\/wp-json\/wp\/v2\/types\/product"}],"wp:attachment":[{"href":"https:\/\/roveyayinevi.com.tr\/index.php\/wp-json\/wp\/v2\/media?parent=741196"}],"wp:term":[{"taxonomy":"product_brand","embeddable":true,"href":"https:\/\/roveyayinevi.com.tr\/index.php\/wp-json\/wp\/v2\/product_brand?post=741196"},{"taxonomy":"product_cat","embeddable":true,"href":"https:\/\/roveyayinevi.com.tr\/index.php\/wp-json\/wp\/v2\/product_cat?post=741196"},{"taxonomy":"product_tag","embeddable":true,"href":"https:\/\/roveyayinevi.com.tr\/index.php\/wp-json\/wp\/v2\/product_tag?post=741196"}],"curies":[{"name":"wp","href":"https:\/\/api.w.org\/{rel}","templated":true}]}}