{"id":741192,"date":"2025-08-28T00:43:49","date_gmt":"2025-08-27T21:43:49","guid":{"rendered":"https:\/\/roveyayinevi.com.tr\/index.php\/urun\/orneklerle-boyama-2\/"},"modified":"2026-04-16T02:52:16","modified_gmt":"2026-04-15T23:52:16","slug":"orneklerle-boyama-2","status":"publish","type":"product","link":"https:\/\/roveyayinevi.com.tr\/index.php\/urun\/orneklerle-boyama-2\/","title":{"rendered":"\u00d6rneklerle Boyama 2"},"content":{"rendered":"<p>Boyama kitaplar\u0131 , \u00e7ocuklar\u0131n hayal d\u00fcnyalar\u0131 zenginle\u015fir, \u00e7ocuklarda beynin geli\u015fmesine yard\u0131mc\u0131 oldu\u011fu gibi el-g\u00f6z koordinasyonunu geli\u015ftirir, odaklanma becerilerini art\u0131r\u0131r.   <\/p>\n","protected":false},"excerpt":{"rendered":"<p>Boyama kitaplar\u0131 , \u00e7ocuklar\u0131n hayal d\u00fcnyalar\u0131 zenginle\u015fir, \u00e7ocuklarda beynin geli\u015fmesine yard\u0131mc\u0131 oldu\u011fu gibi el-g\u00f6z koordinasyonunu geli\u015ftirir, odaklanma becerilerini art\u0131r\u0131r.<\/p>\n","protected":false},"featured_media":0,"template":"","meta":{"_monsterinsights_skip_tracking":false,"_monsterinsights_sitenote_active":false,"_monsterinsights_sitenote_note":"","_monsterinsights_sitenote_category":0},"product_brand":[],"product_cat":[12644,12274],"product_tag":[],"class_list":{"0":"post-741192","1":"product","2":"type-product","3":"status-publish","5":"product_cat-boyama-kitaplari","6":"product_cat-cocuk-ve-genclik-kitaplari","7":"pa_cilt-ciltsiz","8":"pa_tur-kitap","9":"pa_yayinevi-bookalemun-yayinevi","10":"pa_yazar-can-demircan","12":"first","13":"instock","14":"sale","15":"shipping-taxable","16":"purchasable","17":"product-type-simple"},"_links":{"self":[{"href":"https:\/\/roveyayinevi.com.tr\/index.php\/wp-json\/wp\/v2\/product\/741192","targetHints":{"allow":["GET"]}}],"collection":[{"href":"https:\/\/roveyayinevi.com.tr\/index.php\/wp-json\/wp\/v2\/product"}],"about":[{"href":"https:\/\/roveyayinevi.com.tr\/index.php\/wp-json\/wp\/v2\/types\/product"}],"wp:attachment":[{"href":"https:\/\/roveyayinevi.com.tr\/index.php\/wp-json\/wp\/v2\/media?parent=741192"}],"wp:term":[{"taxonomy":"product_brand","embeddable":true,"href":"https:\/\/roveyayinevi.com.tr\/index.php\/wp-json\/wp\/v2\/product_brand?post=741192"},{"taxonomy":"product_cat","embeddable":true,"href":"https:\/\/roveyayinevi.com.tr\/index.php\/wp-json\/wp\/v2\/product_cat?post=741192"},{"taxonomy":"product_tag","embeddable":true,"href":"https:\/\/roveyayinevi.com.tr\/index.php\/wp-json\/wp\/v2\/product_tag?post=741192"}],"curies":[{"name":"wp","href":"https:\/\/api.w.org\/{rel}","templated":true}]}}