{"id":741186,"date":"2025-08-28T00:43:41","date_gmt":"2025-08-27T21:43:41","guid":{"rendered":"https:\/\/roveyayinevi.com.tr\/index.php\/urun\/drakulanin-kedisi-ve-diger-siirler\/"},"modified":"2026-04-16T02:52:16","modified_gmt":"2026-04-15T23:52:16","slug":"drakulanin-kedisi-ve-diger-siirler","status":"publish","type":"product","link":"https:\/\/roveyayinevi.com.tr\/index.php\/urun\/drakulanin-kedisi-ve-diger-siirler\/","title":{"rendered":"Drakula\u2019n\u0131n Kedisi ve Di\u011fer \u015eiirler"},"content":{"rendered":"<p>Zeynep Alpaslan\u2019\u0131n farkl\u0131l\u0131klar\u0131 sar\u0131p sarmalayan \u015fiirleri G\u00f6zde Ba\u015fkent\u2019in yarat\u0131c\u0131 resimleriyle bulu\u015fuyor. Bak\u0131\u015f a\u00e7\u0131s\u0131n\u0131n en b\u00fcy\u00fck zenginlik oldu\u011funu anlatan bu e\u011flenceli \u015fiirlere bay\u0131lacaks\u0131n\u0131z.   KEND\u0130 D\u00dcNYANIN KAHRAMANI D\u00fcnyan\u0131n b\u00fct\u00fcn kitaplar\u0131n\u0131 okuyamazs\u0131nB\u00fct\u00fcn oyunlar\u0131 kazanamazs\u0131nHerkesi memnun edemezsinVe herkesle arkada\u015f olamazs\u0131n Her zaman \u00fc\u00e7l\u00fck atamazs\u0131nHerkesin do\u011fum g\u00fcn\u00fcn\u00fc hat\u0131rlayamazs\u0131nSen bir s\u00fcper kahraman de\u011filsinAma kendi d\u00fcnyan\u0131n kahraman\u0131s\u0131n! <\/p>\n","protected":false},"excerpt":{"rendered":"<p>Zeynep Alpaslan\u2019\u0131n farkl\u0131l\u0131klar\u0131 sar\u0131p sarmalayan \u015fiirleri G\u00f6zde Ba\u015fkent\u2019in yarat\u0131c\u0131 resimleriyle bulu\u015fuyor. Bak\u0131\u015f a\u00e7\u0131s\u0131n\u0131n en b\u00fcy\u00fck zenginlik oldu\u011funu anlatan bu e\u011flenceli \u015fiirlere bay\u0131lacaks\u0131n\u0131z. KEND\u0130 D\u00dcNYANIN KAHRAMANI D\u00fcnyan\u0131n<span class=\"excerpt-hellip\"> [\u2026]<\/span><\/p>\n","protected":false},"featured_media":0,"template":"","meta":{"_monsterinsights_skip_tracking":false,"_monsterinsights_sitenote_active":false,"_monsterinsights_sitenote_note":"","_monsterinsights_sitenote_category":0},"product_brand":[],"product_cat":[12274,12284],"product_tag":[],"class_list":{"0":"post-741186","1":"product","2":"type-product","3":"status-publish","5":"product_cat-cocuk-ve-genclik-kitaplari","6":"product_cat-hikayeler","7":"pa_cilt-ciltsiz","8":"pa_tur-kitap","9":"pa_yayinevi-cinar-yayinlari","10":"pa_yazar-zeynep-alpaslan-gozde-baskent","12":"first","13":"instock","14":"sale","15":"shipping-taxable","16":"purchasable","17":"product-type-simple"},"_links":{"self":[{"href":"https:\/\/roveyayinevi.com.tr\/index.php\/wp-json\/wp\/v2\/product\/741186","targetHints":{"allow":["GET"]}}],"collection":[{"href":"https:\/\/roveyayinevi.com.tr\/index.php\/wp-json\/wp\/v2\/product"}],"about":[{"href":"https:\/\/roveyayinevi.com.tr\/index.php\/wp-json\/wp\/v2\/types\/product"}],"wp:attachment":[{"href":"https:\/\/roveyayinevi.com.tr\/index.php\/wp-json\/wp\/v2\/media?parent=741186"}],"wp:term":[{"taxonomy":"product_brand","embeddable":true,"href":"https:\/\/roveyayinevi.com.tr\/index.php\/wp-json\/wp\/v2\/product_brand?post=741186"},{"taxonomy":"product_cat","embeddable":true,"href":"https:\/\/roveyayinevi.com.tr\/index.php\/wp-json\/wp\/v2\/product_cat?post=741186"},{"taxonomy":"product_tag","embeddable":true,"href":"https:\/\/roveyayinevi.com.tr\/index.php\/wp-json\/wp\/v2\/product_tag?post=741186"}],"curies":[{"name":"wp","href":"https:\/\/api.w.org\/{rel}","templated":true}]}}