{"id":741184,"date":"2025-08-28T00:43:39","date_gmt":"2025-08-27T21:43:39","guid":{"rendered":"https:\/\/roveyayinevi.com.tr\/index.php\/urun\/canavar-gibi-saglikli\/"},"modified":"2026-04-16T02:52:16","modified_gmt":"2026-04-15T23:52:16","slug":"canavar-gibi-saglikli","status":"publish","type":"product","link":"https:\/\/roveyayinevi.com.tr\/index.php\/urun\/canavar-gibi-saglikli\/","title":{"rendered":"Canavar Gibi Sa\u011fl\u0131kl\u0131"},"content":{"rendered":"<p>Canavarlar ve \u00c7ocuklar i\u00e7in Sa\u011fl\u0131kl\u0131 Beslenme, Hareketli Olma ve Harika Hissetme Rehberi!T\u0131pk\u0131 \u00e7ocuklar gibi canavarlar\u0131n da kendilerini iyi hissetmek i\u00e7in besleyici yiyecekler yemesi ve bol bol egzersiz yapmas\u0131 gerekir. Elinizde tuttu\u011funuz bu kitap sayesinde, bu ye\u015fil ve b\u00fcy\u00fck canavarla birlikte nas\u0131l sa\u011fl\u0131kl\u0131 se\u00e7imler yapabilece\u011finizi \u00f6\u011frenebilirsiniz.Her b\u00f6l\u00fcmde farkl\u0131 yiyeceklerle ilgili verilen ilgin\u00e7 bilgiler sayesinde sayfalar\u0131 keyifle \u00e7evirirken, be\u015f besin grubu, do\u011fru beslenme y\u00f6ntemleri, fiziksel aktivite ve dinlenmenin \u00f6nemi, yeme bozukluklar\u0131 gibi pek \u00e7ok konuda bilgi edinebileceksiniz.Canavar gibi g\u00fc\u00e7l\u00fc ve sa\u011fl\u0131kl\u0131 olmak isteyen t\u00fcm \u00e7ocuklar i\u00e7in!<\/p>\n","protected":false},"excerpt":{"rendered":"<p>Canavarlar ve \u00c7ocuklar i\u00e7in Sa\u011fl\u0131kl\u0131 Beslenme, Hareketli Olma ve Harika Hissetme Rehberi!T\u0131pk\u0131 \u00e7ocuklar gibi canavarlar\u0131n da kendilerini iyi hissetmek i\u00e7in besleyici yiyecekler yemesi ve bol bol<span class=\"excerpt-hellip\"> [\u2026]<\/span><\/p>\n","protected":false},"featured_media":0,"template":"","meta":{"_monsterinsights_skip_tracking":false,"_monsterinsights_sitenote_active":false,"_monsterinsights_sitenote_note":"","_monsterinsights_sitenote_category":0},"product_brand":[],"product_cat":[12274,15842],"product_tag":[],"class_list":{"0":"post-741184","1":"product","2":"type-product","3":"status-publish","5":"product_cat-cocuk-ve-genclik-kitaplari","6":"product_cat-egitici-kitaplar","7":"pa_cilt-ciltsiz","8":"pa_tur-kitap","9":"pa_yayinevi-ithaki-yayinlari","10":"pa_yazar-edward-miller","12":"first","13":"instock","14":"sale","15":"shipping-taxable","16":"purchasable","17":"product-type-simple"},"_links":{"self":[{"href":"https:\/\/roveyayinevi.com.tr\/index.php\/wp-json\/wp\/v2\/product\/741184","targetHints":{"allow":["GET"]}}],"collection":[{"href":"https:\/\/roveyayinevi.com.tr\/index.php\/wp-json\/wp\/v2\/product"}],"about":[{"href":"https:\/\/roveyayinevi.com.tr\/index.php\/wp-json\/wp\/v2\/types\/product"}],"wp:attachment":[{"href":"https:\/\/roveyayinevi.com.tr\/index.php\/wp-json\/wp\/v2\/media?parent=741184"}],"wp:term":[{"taxonomy":"product_brand","embeddable":true,"href":"https:\/\/roveyayinevi.com.tr\/index.php\/wp-json\/wp\/v2\/product_brand?post=741184"},{"taxonomy":"product_cat","embeddable":true,"href":"https:\/\/roveyayinevi.com.tr\/index.php\/wp-json\/wp\/v2\/product_cat?post=741184"},{"taxonomy":"product_tag","embeddable":true,"href":"https:\/\/roveyayinevi.com.tr\/index.php\/wp-json\/wp\/v2\/product_tag?post=741184"}],"curies":[{"name":"wp","href":"https:\/\/api.w.org\/{rel}","templated":true}]}}