{"id":741183,"date":"2025-08-28T00:43:37","date_gmt":"2025-08-27T21:43:37","guid":{"rendered":"https:\/\/roveyayinevi.com.tr\/index.php\/urun\/ispanyol-ask-aldatmacasi\/"},"modified":"2026-04-16T02:52:16","modified_gmt":"2026-04-15T23:52:16","slug":"ispanyol-ask-aldatmacasi","status":"publish","type":"product","link":"https:\/\/roveyayinevi.com.tr\/index.php\/urun\/ispanyol-ask-aldatmacasi\/","title":{"rendered":"\u0130spanyol A\u015fk Aldatmacas\u0131"},"content":{"rendered":"<p>Bir d\u00fc\u011f\u00fcn. \u0130spanya\u2019ya bir seyahat. D\u00fcnyan\u0131n en sinir bozucu adam\u0131..Ve \u00fc\u00e7 g\u00fcn boyunca oynanacak bir sevgililik oyunu. Yani kesinlikle i\u015flemeyecek bir plan.Catalina Mart\u00edn\u2019in acilen ablas\u0131n\u0131n d\u00fc\u011f\u00fcn\u00fcne birlikte gidece\u011fi birine ihtiyac\u0131 vard\u0131. Kalbini parampar\u00e7a eden eski sevgilisinin ni\u015fan haberini ald\u0131ktan sonra \u0130spanya\u2019ya yaln\u0131z d\u00f6nemezdi. Amerikal\u0131 bir erkek arkada\u015f\u0131 oldu\u011funa dair s\u00f6yledi\u011fi k\u00fc\u00e7\u00fck yalan da kontrolden \u00e7\u0131kmaya ba\u015flam\u0131\u015ft\u0131.Onunla Atlantik Okyanusu\u2019nu a\u015f\u0131p aldatmacas\u0131na ortak olacak birini bulmak i\u00e7in tam d\u00f6rt haftas\u0131 vard\u0131. Kalabal\u0131k, g\u00fcr\u00fclt\u00fcc\u00fc ailesini kand\u0131rmak ise hi\u00e7 kolay i\u015f de\u011fildi. Ancak insanlar\u0131n ona ac\u0131yan bak\u0131\u015flar\u0131ndan kurtulaca\u011f\u0131 anlam\u0131na geliyorsa her \u015feyi yapard\u0131.Yani, neredeyse her \u015feyi\u2026 Uzun boylu, yak\u0131\u015f\u0131kl\u0131, herkese tepeden bakan i\u015f arkada\u015f\u0131 Aaron Blackford\u2019un yard\u0131m teklifini kabul etmesi imk\u00e2ns\u0131zd\u0131. Sonu\u00e7ta Catalina hayat\u0131nda hi\u00e7 bu kadar sinir bozucu, k\u00fcstah ve katlan\u0131lmaz bir adamla kar\u015f\u0131la\u015fmam\u0131\u015ft\u0131.Ama ailesinin heyecan\u0131 onu k\u00f6\u015feye s\u0131k\u0131\u015ft\u0131rm\u0131\u015ft\u0131 ve Aaron en iyi de\u011filse bile tek se\u00e7ene\u011fiydi. Seyahatleri ili\u015fkilerini yeni bir boyuta ta\u015f\u0131rken, aralar\u0131ndaki yanl\u0131\u015f anla\u015f\u0131lmalar ortaya d\u00f6k\u00fclecek ve Catalina adam\u0131n belki de sand\u0131\u011f\u0131 kadar korkun\u00e7 biri olmad\u0131\u011f\u0131n\u0131 fark edecekti.NEW YORK TIMES, USA TODAY, SUNDAY TIMES, GLOBE&amp;MAIL VE IRISH TIMES \u00c7OK SATANI\u0130LK ROMAN DALINDA 2021 GOODREADS OKUR \u00d6D\u00dcLLER\u0130 KAZANANI\u201cRomantik bir hik\u00e2yeden isteyebilece\u011finiz her \u015fey bu kitapta.\u201d \u2014Helen Hoang, New York Times \u00e7oksatan yazar\u0131<\/p>\n","protected":false},"excerpt":{"rendered":"<p>Bir d\u00fc\u011f\u00fcn. \u0130spanya\u2019ya bir seyahat. D\u00fcnyan\u0131n en sinir bozucu adam\u0131..Ve \u00fc\u00e7 g\u00fcn boyunca oynanacak bir sevgililik oyunu. Yani kesinlikle i\u015flemeyecek bir plan.Catalina Mart\u00edn\u2019in acilen ablas\u0131n\u0131n d\u00fc\u011f\u00fcn\u00fcne<span class=\"excerpt-hellip\"> [\u2026]<\/span><\/p>\n","protected":false},"featured_media":0,"template":"","meta":{"_monsterinsights_skip_tracking":false,"_monsterinsights_sitenote_active":false,"_monsterinsights_sitenote_note":"","_monsterinsights_sitenote_category":0},"product_brand":[],"product_cat":[12291,12711],"product_tag":[],"class_list":{"0":"post-741183","1":"product","2":"type-product","3":"status-publish","5":"product_cat-edebiyat","6":"product_cat-roman-oyku","7":"pa_cilt-ciltsiz","8":"pa_tur-kitap","9":"pa_yayinevi-yabanci-yayinevi","10":"pa_yazar-elena-armas","12":"first","13":"instock","14":"sale","15":"shipping-taxable","16":"purchasable","17":"product-type-simple"},"_links":{"self":[{"href":"https:\/\/roveyayinevi.com.tr\/index.php\/wp-json\/wp\/v2\/product\/741183","targetHints":{"allow":["GET"]}}],"collection":[{"href":"https:\/\/roveyayinevi.com.tr\/index.php\/wp-json\/wp\/v2\/product"}],"about":[{"href":"https:\/\/roveyayinevi.com.tr\/index.php\/wp-json\/wp\/v2\/types\/product"}],"wp:attachment":[{"href":"https:\/\/roveyayinevi.com.tr\/index.php\/wp-json\/wp\/v2\/media?parent=741183"}],"wp:term":[{"taxonomy":"product_brand","embeddable":true,"href":"https:\/\/roveyayinevi.com.tr\/index.php\/wp-json\/wp\/v2\/product_brand?post=741183"},{"taxonomy":"product_cat","embeddable":true,"href":"https:\/\/roveyayinevi.com.tr\/index.php\/wp-json\/wp\/v2\/product_cat?post=741183"},{"taxonomy":"product_tag","embeddable":true,"href":"https:\/\/roveyayinevi.com.tr\/index.php\/wp-json\/wp\/v2\/product_tag?post=741183"}],"curies":[{"name":"wp","href":"https:\/\/api.w.org\/{rel}","templated":true}]}}