{"id":741182,"date":"2025-08-28T00:43:36","date_gmt":"2025-08-27T21:43:36","guid":{"rendered":"https:\/\/roveyayinevi.com.tr\/index.php\/urun\/hayat-incitir-herkesi\/"},"modified":"2026-04-16T02:52:16","modified_gmt":"2026-04-15T23:52:16","slug":"hayat-incitir-herkesi","status":"publish","type":"product","link":"https:\/\/roveyayinevi.com.tr\/index.php\/urun\/hayat-incitir-herkesi\/","title":{"rendered":"Hayat \u0130ncitir Herkesi"},"content":{"rendered":"<p>Modern zaman masallar\u0131n\u0131n usta kalemiAy\u015feg\u00fcl \u00c7i\u00e7eko\u011flu\u2019ndany\u00fcre\u011finize yer edecek, sars\u0131c\u0131 bir a\u015fk hik\u00e2yesi.S\u00fcrprizlerle dolu bir yolda kar\u015f\u0131la\u015f\u0131lan yak\u0131c\u0131 bir a\u015fk\u2026Ve ortaya \u00e7\u0131kmak i\u00e7in bu a\u015fk\u0131n do\u011fmas\u0131n\u0131 bekleyen ge\u00e7mi\u015fte sakl\u0131 kald\u0131\u011f\u0131na inan\u0131lan s\u0131rlar.Egemen ve Mina, hayatlar\u0131n\u0131 kesi\u015ftiren s\u0131rlar anlat\u0131lmaya ba\u015fland\u0131\u011f\u0131nda zorlu bir s\u0131navla kar\u015f\u0131 kar\u015f\u0131ya kal\u0131rlar. Hayat, zaman\u0131n bir b\u00f6l\u00fcm\u00fcnde incitmi\u015ftir herkesi. Ancak incindi\u011fimiz yeri kesip atmak da incindi\u011fimiz yerden \u00e7i\u00e7ekler a\u00e7\u0131p yeniden filizlenmek de elimizde de\u011fil midir? Acaba Egemen ve Mina bu durumda hangi yolu, nas\u0131l ve neden se\u00e7ecekler? Ger\u00e7e\u011fin dev dalgalar\u0131na teslim mi olacaklar yoksa a\u015fk\u0131n iyile\u015ftirici g\u00fcc\u00fcne s\u0131\u011f\u0131n\u0131p ayakta m\u0131 kalacaklar\u2026Sayfalar\u0131 merakla \u00e7evirirken duygudan duyguya s\u00fcr\u00fckleneceksiniz.Ay\u015feg\u00fcl \u00c7i\u00e7eko\u011flu\u2019nun, kahramanlar\u0131 sayfalardan \u00e7\u0131kar\u0131p art\u0131k ailenizden biri gibi hissettiren, onlar\u0131 unutulmaz k\u0131lan bir yetene\u011fi var. Kalemden hayatlar yazmakla kalm\u0131yor, onlara birer beden, can ve ruh verip bir de bize arkada\u015f ediyor.Hayat \u0130ncitir Herkesi roman\u0131nda da Egemen nas\u0131l hissettiklerine, ne d\u00fc\u015f\u00fcnd\u00fcklerine \u015fahitlik ederken onlara sar\u0131lma ihtiyac\u0131 duyacaks\u0131n\u0131z ve kalbiniz s\u0131cac\u0131k olacak.<\/p>\n","protected":false},"excerpt":{"rendered":"<p>Modern zaman masallar\u0131n\u0131n usta kalemiAy\u015feg\u00fcl \u00c7i\u00e7eko\u011flu\u2019ndany\u00fcre\u011finize yer edecek, sars\u0131c\u0131 bir a\u015fk hik\u00e2yesi.S\u00fcrprizlerle dolu bir yolda kar\u015f\u0131la\u015f\u0131lan yak\u0131c\u0131 bir a\u015fk\u2026Ve ortaya \u00e7\u0131kmak i\u00e7in bu a\u015fk\u0131n do\u011fmas\u0131n\u0131 bekleyen<span class=\"excerpt-hellip\"> [\u2026]<\/span><\/p>\n","protected":false},"featured_media":0,"template":"","meta":{"_monsterinsights_skip_tracking":false,"_monsterinsights_sitenote_active":false,"_monsterinsights_sitenote_note":"","_monsterinsights_sitenote_category":0},"product_brand":[],"product_cat":[12291,12711],"product_tag":[],"class_list":{"0":"post-741182","1":"product","2":"type-product","3":"status-publish","5":"product_cat-edebiyat","6":"product_cat-roman-oyku","7":"pa_cilt-ciltsiz","8":"pa_tur-kitap","9":"pa_yayinevi-muptela-yayinevi","10":"pa_yazar-aysegul-cicekoglu","12":"first","13":"instock","14":"sale","15":"shipping-taxable","16":"purchasable","17":"product-type-simple"},"_links":{"self":[{"href":"https:\/\/roveyayinevi.com.tr\/index.php\/wp-json\/wp\/v2\/product\/741182","targetHints":{"allow":["GET"]}}],"collection":[{"href":"https:\/\/roveyayinevi.com.tr\/index.php\/wp-json\/wp\/v2\/product"}],"about":[{"href":"https:\/\/roveyayinevi.com.tr\/index.php\/wp-json\/wp\/v2\/types\/product"}],"wp:attachment":[{"href":"https:\/\/roveyayinevi.com.tr\/index.php\/wp-json\/wp\/v2\/media?parent=741182"}],"wp:term":[{"taxonomy":"product_brand","embeddable":true,"href":"https:\/\/roveyayinevi.com.tr\/index.php\/wp-json\/wp\/v2\/product_brand?post=741182"},{"taxonomy":"product_cat","embeddable":true,"href":"https:\/\/roveyayinevi.com.tr\/index.php\/wp-json\/wp\/v2\/product_cat?post=741182"},{"taxonomy":"product_tag","embeddable":true,"href":"https:\/\/roveyayinevi.com.tr\/index.php\/wp-json\/wp\/v2\/product_tag?post=741182"}],"curies":[{"name":"wp","href":"https:\/\/api.w.org\/{rel}","templated":true}]}}