{"id":741180,"date":"2025-08-28T00:43:34","date_gmt":"2025-08-27T21:43:34","guid":{"rendered":"https:\/\/roveyayinevi.com.tr\/index.php\/urun\/kara\/"},"modified":"2026-04-16T02:52:16","modified_gmt":"2026-04-15T23:52:16","slug":"kara","status":"publish","type":"product","link":"https:\/\/roveyayinevi.com.tr\/index.php\/urun\/kara\/","title":{"rendered":"Kara"},"content":{"rendered":"<p>De\u011fi\u015fen d\u00fcnya d\u00fczeni; da\u011flar, ormanlar, ma\u011faralar; hayatta kal\u0131p esir olanlar ve hayatta kal\u0131p h\u00fcr olanlar&#8230; Toprak Aras\u2019tan bir gelecek tasar\u0131m\u0131: Kara.Kara\u2019n\u0131n bir kolu halk hik\u00e2yelerine, di\u011fer kolu alternatif d\u00fcnya anlat\u0131lar\u0131na temas ediyor. Toprak Aras, hem roman\u0131na ad\u0131n\u0131 veren \u201cKara\u201dyla bir halk kahraman\u0131 yarat\u0131yor hem de bizi bekleyen olas\u0131 bir gelecekten bahsediyor roman\u0131nda.Aras\u2019\u0131n kitab\u0131, \u201cpandeminin do\u011furdu\u011fu\u201d ya da \u201cpandemiden beslenen\u201d bir roman olarak de\u011ferlendirilebilir. Roman\u0131n finalinde okuru \u201cEyl\u00fcl 2020\u201d tarihinin beklemesi ve elbette hik\u00e2yenin bile\u015fenleri, okurun bu ihtimale yak\u0131n durmas\u0131na sebep olacakt\u0131r; fakat Kara\u2019y\u0131, \u00f6zellikle politik duru\u015funu g\u00f6z \u00f6n\u00fcnde bulundurarak, her d\u00f6nemin distopyas\u0131 olarak okuman\u0131n m\u00fcmk\u00fcn oldu\u011fu unutulmamal\u0131.\u201cDora biraz daha h\u0131zland\u0131, k\u00fc\u00e7\u00fck bir t\u00fcmse\u011fi a\u015ft\u0131, evler \u015fimdi daha iyi g\u00f6r\u00fcn\u00fcyordu. Birden at\u0131n yular\u0131n\u0131 \u00e7ekti. Dora ans\u0131z\u0131n durdu. Ba\u015f\u0131n\u0131, niye durduk, der gibisinden \u00f6fkeyle birka\u00e7 kere sallad\u0131. D\u0131\u015far\u0131da kimse yoktu. Bu saatte herkesin eve kapanmas\u0131 olacak \u015fey de\u011fildi. \u00dcstelik Kar\u2019la Boz\u2019un, yaylan\u0131n di\u011fer k\u00f6pekleriyle ortal\u0131\u011f\u0131 g\u00fcr\u00fclt\u00fcye bo\u011fup kendisini kar\u015f\u0131lamas\u0131 gerekiyordu. Sonra etrafta ne bir koyun ne bir inek ne de bir tavuk vard\u0131. Tuhaf bir \u015feylerin oldu\u011funu sezdi. Eve yakla\u015ft\u0131k\u00e7a korkusu daha da b\u00fcy\u00fcd\u00fc. \u2018Dora,\u2019 dedi dudaklar\u0131 titreyerek. \u2018Bir \u015feyler olmu\u015f Dora!\u2019\u201d<\/p>\n","protected":false},"excerpt":{"rendered":"<p>De\u011fi\u015fen d\u00fcnya d\u00fczeni; da\u011flar, ormanlar, ma\u011faralar; hayatta kal\u0131p esir olanlar ve hayatta kal\u0131p h\u00fcr olanlar&#8230; Toprak Aras\u2019tan bir gelecek tasar\u0131m\u0131: Kara.Kara\u2019n\u0131n bir kolu halk hik\u00e2yelerine, di\u011fer<span class=\"excerpt-hellip\"> [\u2026]<\/span><\/p>\n","protected":false},"featured_media":0,"template":"","meta":{"_monsterinsights_skip_tracking":false,"_monsterinsights_sitenote_active":false,"_monsterinsights_sitenote_note":"","_monsterinsights_sitenote_category":0},"product_brand":[],"product_cat":[12291,12711],"product_tag":[],"class_list":{"0":"post-741180","1":"product","2":"type-product","3":"status-publish","5":"product_cat-edebiyat","6":"product_cat-roman-oyku","7":"pa_cilt-ciltsiz","8":"pa_tur-kitap","9":"pa_yayinevi-ithaki-yayinlari","10":"pa_yazar-toprak-aras","12":"first","13":"instock","14":"sale","15":"shipping-taxable","16":"purchasable","17":"product-type-simple"},"_links":{"self":[{"href":"https:\/\/roveyayinevi.com.tr\/index.php\/wp-json\/wp\/v2\/product\/741180","targetHints":{"allow":["GET"]}}],"collection":[{"href":"https:\/\/roveyayinevi.com.tr\/index.php\/wp-json\/wp\/v2\/product"}],"about":[{"href":"https:\/\/roveyayinevi.com.tr\/index.php\/wp-json\/wp\/v2\/types\/product"}],"wp:attachment":[{"href":"https:\/\/roveyayinevi.com.tr\/index.php\/wp-json\/wp\/v2\/media?parent=741180"}],"wp:term":[{"taxonomy":"product_brand","embeddable":true,"href":"https:\/\/roveyayinevi.com.tr\/index.php\/wp-json\/wp\/v2\/product_brand?post=741180"},{"taxonomy":"product_cat","embeddable":true,"href":"https:\/\/roveyayinevi.com.tr\/index.php\/wp-json\/wp\/v2\/product_cat?post=741180"},{"taxonomy":"product_tag","embeddable":true,"href":"https:\/\/roveyayinevi.com.tr\/index.php\/wp-json\/wp\/v2\/product_tag?post=741180"}],"curies":[{"name":"wp","href":"https:\/\/api.w.org\/{rel}","templated":true}]}}