{"id":741179,"date":"2025-08-28T00:43:32","date_gmt":"2025-08-27T21:43:32","guid":{"rendered":"https:\/\/roveyayinevi.com.tr\/index.php\/urun\/gel-eve-donelim\/"},"modified":"2026-04-16T02:52:16","modified_gmt":"2026-04-15T23:52:16","slug":"gel-eve-donelim","status":"publish","type":"product","link":"https:\/\/roveyayinevi.com.tr\/index.php\/urun\/gel-eve-donelim\/","title":{"rendered":"Gel Eve D\u00f6nelim"},"content":{"rendered":"<p>\u201cKa\u00e7 kalantor m\u00fc\u015fteri ona bu evden ayr\u0131lmay\u0131, bu hayattan uzakla\u015fmay\u0131 teklif etmi\u015f, hatta ka\u00e7 erkek onu, t\u00f6vbek\u00e2r oldu\u011fu takdirde nik\u00e2hla almaya kalk\u0131\u015fm\u0131\u015ft\u0131.Her defas\u0131nda G\u00fclten reddetmi\u015fti.Bir erke\u011fin pe\u015fine tak\u0131l\u0131p gitmek ha!Hay\u0131r, o bunu hayat\u0131nda bir tek defa yapm\u0131\u015ft\u0131. Ve bu gidi\u015f, onu i\u015fte bir umumhaneye kadar s\u00fcr\u00fcklemi\u015fti.\u201dFosforlu Cevriye gibi bir seks i\u015f\u00e7isi G\u00fclten. Eski\u015fehir Genelevi\u2019nin en ya\u015fl\u0131 seks i\u015f\u00e7isi. Suat Dervi\u015f, G\u00fclten\u2019in \u015eevkiye oldu\u011fu ilk gen\u00e7li\u011fine gidiyor ve onu \u0130stanbul sokaklar\u0131ndan Eski\u015fehir\u2019e s\u00fcr\u00fckleyen olaylar\u0131 s\u0131ras\u0131yla anlat\u0131yor. Kli\u015fe bir \u201ck\u00f6t\u00fc yola d\u00fc\u015fme\u201d hik\u00e2yesi de\u011fil bu. Yukar\u0131da da s\u00f6yledi\u011fi gibi, \u015eevkiye kurban de\u011fil, G\u00fclten olmay\u0131 bir anlamda kendisi se\u00e7iyor.Suat Dervi\u015f\u2019in 1950 ve 1964 y\u0131llar\u0131nda iki defa tefrika edilen bu e\u015fsiz roman\u0131, gariptir ki, yazar\u0131 taraf\u0131ndan bile hi\u00e7 an\u0131lmam\u0131\u015f. Oysa okuyunca g\u00f6receksiniz, Suat Dervi\u015f\u2019in en \u00f6nemli, de\u011ferli ve dikkat \u00e7ekici metinlerinden biri.Karin Karaka\u015fl\u0131 da roman\u0131n hemen ard\u0131nda yer alan \u201c\u015eevkiye-G\u00fclten\u2019in \u00dc\u00e7\u00fcnc\u00fc Do\u011fu\u015fu\u201d ba\u015fl\u0131kl\u0131 yaz\u0131s\u0131nda, \u201cHayat\u0131n en beklenmedik hamlelerine yer a\u00e7an Suat Dervi\u015f, bize hakiki bir insan hik\u00e2yesi bah\u015fetmi\u015f. \u015eevkiye\u2019yi ve G\u00fclten\u2019i, onun \u00f6mr\u00fcne s\u0131\u011fan b\u00fct\u00fcn bu insanlar\u0131 tan\u0131mak, pek \u00e7ok farkl\u0131 hayat ihtimaline ili\u011finden bakma f\u0131rsat\u0131 bulmak demek. Bu f\u0131rsat\u0131 de\u011ferlendirdi\u011fimizde misliyle \u00e7o\u011falaca\u011f\u0131z. Bir roman bundan daha fazla ne yaps\u0131n zaten?\u201d diyor.<\/p>\n","protected":false},"excerpt":{"rendered":"<p>\u201cKa\u00e7 kalantor m\u00fc\u015fteri ona bu evden ayr\u0131lmay\u0131, bu hayattan uzakla\u015fmay\u0131 teklif etmi\u015f, hatta ka\u00e7 erkek onu, t\u00f6vbek\u00e2r oldu\u011fu takdirde nik\u00e2hla almaya kalk\u0131\u015fm\u0131\u015ft\u0131.Her defas\u0131nda G\u00fclten reddetmi\u015fti.Bir erke\u011fin<span class=\"excerpt-hellip\"> [\u2026]<\/span><\/p>\n","protected":false},"featured_media":0,"template":"","meta":{"_monsterinsights_skip_tracking":false,"_monsterinsights_sitenote_active":false,"_monsterinsights_sitenote_note":"","_monsterinsights_sitenote_category":0},"product_brand":[],"product_cat":[12291,12711],"product_tag":[],"class_list":{"0":"post-741179","1":"product","2":"type-product","3":"status-publish","5":"product_cat-edebiyat","6":"product_cat-roman-oyku","7":"pa_cilt-ciltsiz","8":"pa_tur-kitap","9":"pa_yayinevi-ithaki-yayinlari","10":"pa_yazar-suat-dervis","12":"first","13":"instock","14":"sale","15":"shipping-taxable","16":"purchasable","17":"product-type-simple"},"_links":{"self":[{"href":"https:\/\/roveyayinevi.com.tr\/index.php\/wp-json\/wp\/v2\/product\/741179","targetHints":{"allow":["GET"]}}],"collection":[{"href":"https:\/\/roveyayinevi.com.tr\/index.php\/wp-json\/wp\/v2\/product"}],"about":[{"href":"https:\/\/roveyayinevi.com.tr\/index.php\/wp-json\/wp\/v2\/types\/product"}],"wp:attachment":[{"href":"https:\/\/roveyayinevi.com.tr\/index.php\/wp-json\/wp\/v2\/media?parent=741179"}],"wp:term":[{"taxonomy":"product_brand","embeddable":true,"href":"https:\/\/roveyayinevi.com.tr\/index.php\/wp-json\/wp\/v2\/product_brand?post=741179"},{"taxonomy":"product_cat","embeddable":true,"href":"https:\/\/roveyayinevi.com.tr\/index.php\/wp-json\/wp\/v2\/product_cat?post=741179"},{"taxonomy":"product_tag","embeddable":true,"href":"https:\/\/roveyayinevi.com.tr\/index.php\/wp-json\/wp\/v2\/product_tag?post=741179"}],"curies":[{"name":"wp","href":"https:\/\/api.w.org\/{rel}","templated":true}]}}