{"id":741176,"date":"2025-08-28T00:43:28","date_gmt":"2025-08-27T21:43:28","guid":{"rendered":"https:\/\/roveyayinevi.com.tr\/index.php\/urun\/golgeye-ovgu\/"},"modified":"2026-04-15T03:02:57","modified_gmt":"2026-04-15T00:02:57","slug":"golgeye-ovgu","status":"publish","type":"product","link":"https:\/\/roveyayinevi.com.tr\/index.php\/urun\/golgeye-ovgu\/","title":{"rendered":"G\u00f6lgeye \u00d6vg\u00fc"},"content":{"rendered":"<p>\u201c\u2026 Neden karanl\u0131\u011f\u0131n i\u00e7inde g\u00fczellik arama e\u011filimi sadece Do\u011fulularda g\u00fc\u00e7l\u00fcd\u00fcr? Bat\u0131 da elektri\u011fin, gaz\u0131n ya da petrol\u00fcn olmad\u0131\u011f\u0131 d\u00f6nemlerden ge\u00e7ti ama bildi\u011fim kadar\u0131yla onlarda g\u00f6lgelerden keyif alma e\u011filimi yok. Hayalet tasvirlerinde, eskiden beri Japon hayaletlerin ayaklar\u0131 olmaz ancak Bat\u0131\u2019da hayaletlerin ayaklar\u0131 vard\u0131r, \u00fcstelik v\u00fccutlar\u0131 da se\u00e7ilir. Bu kadar ufak bir farktan bile anlar\u0131z ki bizim fantezilerimizi zifiri karanl\u0131k s\u00fcslerken, onlar hayaletleri bile cam gibi berrakla\u015ft\u0131r\u0131r.\u201d20. y\u00fczy\u0131l Japon edebiyat\u0131n\u0131n devlerinden, b\u00fcy\u00fck eserlerin yarat\u0131c\u0131s\u0131 Cuni\u00e7iro Tanizaki, kariyeri boyunca \u00fclkesinde d\u00f6nemin en b\u00fcy\u00fck yazar\u0131 olarak kabul g\u00f6rd\u00fc, daha sonra ise Haruki Murakami, Yasunari Kavabata ve Yukio Mi\u015fima\u2019yla birlikte sava\u015f sonras\u0131 Japon edebiyat\u0131n\u0131n \u201cb\u00fcy\u00fck d\u00f6rtl\u00fc\u201ds\u00fcnden biri olarak an\u0131ld\u0131.G\u00f6lgeye \u00d6vg\u00fc\u2019de Tanizaki modernle\u015fen d\u00fcnyay\u0131 karanl\u0131k ve \u0131\u015f\u0131k \u00fczerinden, Do\u011fu ve Bat\u0131 toplumlar\u0131n\u0131n ilerleme kar\u015f\u0131s\u0131ndaki reflekslerini de mukayese ederek masaya yat\u0131r\u0131yor. Yaln\u0131zca g\u00f6lgeye de\u011fil, apartman \u00e7at\u0131lar\u0131, tuvaletler, lambalar, k\u00e2\u011f\u0131t ve yemek tak\u0131m\u0131 gibi g\u00fcnl\u00fck hayatta \u00fczerine pek kafa yormad\u0131\u011f\u0131m\u0131z \u015feylere, g\u00f6steri\u015fli olmayana kendine has \u00fcslubuyla dikkat \u00e7ekiyor.<\/p>\n","protected":false},"excerpt":{"rendered":"<p>\u201c\u2026 Neden karanl\u0131\u011f\u0131n i\u00e7inde g\u00fczellik arama e\u011filimi sadece Do\u011fulularda g\u00fc\u00e7l\u00fcd\u00fcr? Bat\u0131 da elektri\u011fin, gaz\u0131n ya da petrol\u00fcn olmad\u0131\u011f\u0131 d\u00f6nemlerden ge\u00e7ti ama bildi\u011fim kadar\u0131yla onlarda g\u00f6lgelerden keyif<span class=\"excerpt-hellip\"> [\u2026]<\/span><\/p>\n","protected":false},"featured_media":0,"template":"","meta":{"_monsterinsights_skip_tracking":false,"_monsterinsights_sitenote_active":false,"_monsterinsights_sitenote_note":"","_monsterinsights_sitenote_category":0},"product_brand":[],"product_cat":[12291,12711],"product_tag":[],"class_list":{"0":"post-741176","1":"product","2":"type-product","3":"status-publish","5":"product_cat-edebiyat","6":"product_cat-roman-oyku","7":"pa_cilt-ciltsiz","8":"pa_tur-kitap","9":"pa_yayinevi-ithaki-yayinlari","10":"pa_yazar-cuniciro-tanizaki","12":"first","13":"instock","14":"sale","15":"shipping-taxable","16":"purchasable","17":"product-type-simple"},"_links":{"self":[{"href":"https:\/\/roveyayinevi.com.tr\/index.php\/wp-json\/wp\/v2\/product\/741176","targetHints":{"allow":["GET"]}}],"collection":[{"href":"https:\/\/roveyayinevi.com.tr\/index.php\/wp-json\/wp\/v2\/product"}],"about":[{"href":"https:\/\/roveyayinevi.com.tr\/index.php\/wp-json\/wp\/v2\/types\/product"}],"wp:attachment":[{"href":"https:\/\/roveyayinevi.com.tr\/index.php\/wp-json\/wp\/v2\/media?parent=741176"}],"wp:term":[{"taxonomy":"product_brand","embeddable":true,"href":"https:\/\/roveyayinevi.com.tr\/index.php\/wp-json\/wp\/v2\/product_brand?post=741176"},{"taxonomy":"product_cat","embeddable":true,"href":"https:\/\/roveyayinevi.com.tr\/index.php\/wp-json\/wp\/v2\/product_cat?post=741176"},{"taxonomy":"product_tag","embeddable":true,"href":"https:\/\/roveyayinevi.com.tr\/index.php\/wp-json\/wp\/v2\/product_tag?post=741176"}],"curies":[{"name":"wp","href":"https:\/\/api.w.org\/{rel}","templated":true}]}}