{"id":741174,"date":"2025-08-28T00:43:26","date_gmt":"2025-08-27T21:43:26","guid":{"rendered":"https:\/\/roveyayinevi.com.tr\/index.php\/urun\/iokastenin-cocuklari\/"},"modified":"2026-04-16T02:52:16","modified_gmt":"2026-04-15T23:52:16","slug":"iokastenin-cocuklari","status":"publish","type":"product","link":"https:\/\/roveyayinevi.com.tr\/index.php\/urun\/iokastenin-cocuklari\/","title":{"rendered":"\u0130okaste\u2019nin \u00c7ocuklar\u0131"},"content":{"rendered":"<p>\u201cHaynes kadim hik\u00e2yeye yepyeni bir soluk getiriyor. S\u0131kl\u0131kla g\u00f6z ard\u0131 edilen, muhte\u015fem karakterler \u0130okaste ve \u0130smene\u2019ye yeni bir ses veriyor. Co\u015fkulu ve s\u00fcr\u00fckleyici.\u201d \u2013Madeline Miller, Ben, Kirke\u2019nin yazar\u0131LANETL\u0130 EBEVEYNLER\u0130N \u00c7OCUKLARI OLARAK LANETL\u0130 B\u0130R EVDE B\u00dcY\u00dcD\u00dcK.\u0130okaste, evlenmesi i\u00e7in hi\u00e7 tan\u0131mad\u0131\u011f\u0131 ya\u015fl\u0131 bir adam olan Thebai Kral\u0131\u2019na ailesi taraf\u0131ndan sat\u0131ld\u0131\u011f\u0131nda hen\u00fcz on be\u015f ya\u015f\u0131ndayd\u0131. Hi\u00e7bir zaman kendi hayat\u0131n\u0131n sahibi olmam\u0131\u015ft\u0131 ve hi\u00e7 yan\u0131nda bulunmayan yeni kocas\u0131ndan daha uzun ya\u015famad\u0131\u011f\u0131 s\u00fcrece olmayacakt\u0131 da.Evi olarak g\u00f6rd\u00fc\u011f\u00fc saray\u0131nda sald\u0131r\u0131ya u\u011frad\u0131\u011f\u0131nda \u0130smene de \u0130okaste gibi on be\u015f ya\u015f\u0131ndayd\u0131. On y\u0131l \u00f6nce ebeveynlerinin trajik \u00f6l\u00fcm\u00fcnden beri g\u00fcvende hissetmek d\u0131\u015f\u0131nda hi\u00e7bir \u015fey istemiyordu hayattan. Ne var ki bu sald\u0131r\u0131 onun hayat\u0131n\u0131n t\u00fcm gidi\u015fat\u0131n\u0131 de\u011fi\u015ftirecekti.Bu iki olay, bir trajedinin ba\u015flang\u0131c\u0131 olacakt\u0131.Natalie Haynes, \u0130okaste\u2019nin \u00c7ocuklar\u0131\u2019nda Oidipus ve Antigone\u2019nin trajik \u00f6yk\u00fclerini, daha \u00f6nce kenara itilmi\u015f kad\u0131n karakterlerin g\u00f6z\u00fcnden yeniden in\u015fa ediyor ve bu \u00f6yk\u00fclerin yepyeni yanlar\u0131n\u0131 ortaya \u00e7\u0131kar\u0131yor.\u201c\u0130ki bu\u00e7uk milenyumluk bir suskunlu\u011fun ard\u0131ndan art\u0131k \u0130okaste ve \u0130smene\u2019nin de bir sesi var.\u201d \u2013Guardian<\/p>\n","protected":false},"excerpt":{"rendered":"<p>\u201cHaynes kadim hik\u00e2yeye yepyeni bir soluk getiriyor. S\u0131kl\u0131kla g\u00f6z ard\u0131 edilen, muhte\u015fem karakterler \u0130okaste ve \u0130smene\u2019ye yeni bir ses veriyor. Co\u015fkulu ve s\u00fcr\u00fckleyici.\u201d \u2013Madeline Miller, Ben,<span class=\"excerpt-hellip\"> [\u2026]<\/span><\/p>\n","protected":false},"featured_media":0,"template":"","meta":{"_monsterinsights_skip_tracking":false,"_monsterinsights_sitenote_active":false,"_monsterinsights_sitenote_note":"","_monsterinsights_sitenote_category":0},"product_brand":[],"product_cat":[12291,12711],"product_tag":[],"class_list":{"0":"post-741174","1":"product","2":"type-product","3":"status-publish","5":"product_cat-edebiyat","6":"product_cat-roman-oyku","7":"pa_cilt-ciltsiz","8":"pa_tur-kitap","9":"pa_yayinevi-ithaki-yayinlari","10":"pa_yazar-natalie-haynes","12":"first","13":"instock","14":"sale","15":"shipping-taxable","16":"purchasable","17":"product-type-simple"},"_links":{"self":[{"href":"https:\/\/roveyayinevi.com.tr\/index.php\/wp-json\/wp\/v2\/product\/741174","targetHints":{"allow":["GET"]}}],"collection":[{"href":"https:\/\/roveyayinevi.com.tr\/index.php\/wp-json\/wp\/v2\/product"}],"about":[{"href":"https:\/\/roveyayinevi.com.tr\/index.php\/wp-json\/wp\/v2\/types\/product"}],"wp:attachment":[{"href":"https:\/\/roveyayinevi.com.tr\/index.php\/wp-json\/wp\/v2\/media?parent=741174"}],"wp:term":[{"taxonomy":"product_brand","embeddable":true,"href":"https:\/\/roveyayinevi.com.tr\/index.php\/wp-json\/wp\/v2\/product_brand?post=741174"},{"taxonomy":"product_cat","embeddable":true,"href":"https:\/\/roveyayinevi.com.tr\/index.php\/wp-json\/wp\/v2\/product_cat?post=741174"},{"taxonomy":"product_tag","embeddable":true,"href":"https:\/\/roveyayinevi.com.tr\/index.php\/wp-json\/wp\/v2\/product_tag?post=741174"}],"curies":[{"name":"wp","href":"https:\/\/api.w.org\/{rel}","templated":true}]}}