{"id":741168,"date":"2025-08-28T00:43:19","date_gmt":"2025-08-27T21:43:19","guid":{"rendered":"https:\/\/roveyayinevi.com.tr\/index.php\/urun\/fihi-ma-fih-2\/"},"modified":"2026-04-16T02:52:15","modified_gmt":"2026-04-15T23:52:15","slug":"fihi-ma-fih-2","status":"publish","type":"product","link":"https:\/\/roveyayinevi.com.tr\/index.php\/urun\/fihi-ma-fih-2\/","title":{"rendered":"Fihi Ma Fih"},"content":{"rendered":"<p>Allah, kendi s\u0131fatlar\u0131n\u0131n tatlar\u0131 i\u00e7in \u00e7e\u015fitli suretler var etti. Her bir surete o tada ula\u015fma amac\u0131yla hareketler, tav\u0131rlar, sesler, na\u011fmeler ve \u00e7e\u015fitli ifadeler verdi. B\u00f6ylece her biri, kendi sakinli\u011fi ve kendi hareketiyle h\u00e2lin o tad\u0131na getirilir; o hareketler, na\u011fmeler ve acayip seslerle Hak bilinir. G\u00f6ky\u00fcz\u00fcn\u00fcn hareketi, yery\u00fcz\u00fcn\u00fcn s\u00fck\u00fbneti ve \u015fa\u015fk\u0131nl\u0131\u011f\u0131, a\u011fac\u0131n raks\u0131, gezegenlerin geli\u015f gidi\u015fleri, hayvanlar\u0131n isteklerini yapmalar\u0131, ifadeler ve \u015fiirler de b\u00f6yledir. Hastal\u0131k vermeseydi, Rahman oldu\u011funu neyle bilirdin? Merheme ihtiya\u00e7 olmasayd\u0131, cimrilik olmasayd\u0131 Allah\u2019\u0131n c\u00f6mertli\u011fini nas\u0131l bilirdin? B\u00fcy\u00fck mutasavv\u0131f Mevl\u00e2n\u00e2 Cel\u00e2ledd\u00een-i R\u00fbm\u00ee\u2019nin sa\u011fl\u0131\u011f\u0131nda o\u011flu Sultan Veled, Mesnev\u00ee\u2019yi yazmas\u0131na vesile olan m\u00fcridi ve halifesi H\u00fcs\u00e2meddin \u00c7elebi ve belki de di\u011fer baz\u0131 yak\u0131n m\u00fcritler taraf\u0131ndan yaz\u0131ya ta\u015f\u0131nan F\u00eehi M\u00e2 F\u00eeh (\u0130\u00e7indeki \u0130\u00e7indedir), genellikle bir \u00e2yet veya hadisin yorumu yahut Mevl\u00e2n\u00e2\u2019ya sorulan bir soru ile bazen de g\u00fcncel bir olaya temasla ba\u015flamaktad\u0131r. Eserde Mesnev\u00ee\u2019de oldu\u011fu gibi \u00e7ok say\u0131da \u00e2yet-i ker\u00eeme ve had\u00ees-i \u015ferif yer almakta, bunlarla ilgili tefsir ve yorumlar bulunmaktad\u0131r. Atas\u00f6zlerinin, vecizelerin ve farkl\u0131 co\u011frafyalar\u0131n muhtelif \u015fairlerinden Arap\u00e7a ve Fars\u00e7a beyitlerin yer buldu\u011fu F\u00eehi M\u00e2 F\u00eeh fas\u0131llar\u0131nda Hz. Mevl\u00e2n\u00e2\u2019n\u0131n kendi \u015fiirlerinden beyitler mevzulara zaman zaman e\u015flik etmektedir. D\u00fcnya, \u00e2hiret, ahl\u00e2k, neb\u00ee, vel\u00ee, ins\u00e2n-\u0131 k\u00e2mil, seyr\u00fcs\u00fcl\u00fbk, yak\u012bn ve il\u00e2h\u00ee a\u015fk gibi tasavvuf\u00ee konular hakk\u0131nda da \u00f6zg\u00fcn de\u011ferlendirmelerin yer ald\u0131\u011f\u0131 bu klasi\u011fi keyifle okuyacaks\u0131n\u0131z\u2026 Yazar Hakk\u0131nda: 6 Reb\u00ee\u00fclevvel 604\u2019te (30 Eyl\u00fcl 1207) Horasan\u2019\u0131n Belh \u015fehrinde do\u011fan, ilm\u00ee y\u00f6n\u00fcn\u00fc ve edeb\u00ee tavr\u0131n\u0131 s\u00fbf\u00ee ki\u015fili\u011finde birle\u015ftiren Mevl\u00e2n\u00e2 Cel\u00e2ledd\u00een-i R\u00fbm\u00ee, tasavvuf tarihinde hem d\u00fc\u015f\u00fcnce hem de sosyal yap\u0131 bak\u0131m\u0131ndan k\u00f6kl\u00fc d\u00f6n\u00fc\u015f\u00fcmlerin ger\u00e7ekle\u015fti\u011fi XIII. y\u00fczy\u0131l\u0131n kal\u0131c\u0131 etki b\u0131rakan ve kendisinden sonraki birikimi \u015fekillendiren temsilcilerindendir. Mevl\u00e2n\u00e2 hen\u00fcz be\u015f ya\u015f\u0131nda iken ailesi Belh\u2019ten g\u00f6\u00e7 ederek \u00f6nce Hicaz\u2019a ard\u0131ndan hac d\u00f6n\u00fc\u015f\u00fc \u015eam \u00fczerinden Anadolu\u2019ya gelmi\u015ftir. Daha sonra babas\u0131 Bah\u00e2eddin Veled\u2019in Al\u00e2eddin Keykubad taraf\u0131ndan daveti \u00fczerine aile Konya\u2019ya yerle\u015fmi\u015ftir. Babas\u0131n\u0131n vefat\u0131ndan sonra onun yerine m\u00fcderrislik yapmaya ba\u015flayan Mevl\u00e2n\u00e2, Bah\u00e2eddin Veled\u2019in m\u00fcridlerinden olan Seyyid Burh\u00e2neddin Muhakk\u0131k-\u0131 Tirmiz\u00ee\u2019ye intis\u00e2b ederek tasavvuf\u00ee faaliyetlerini s\u00fcrd\u00fcrm\u00fc\u015ft\u00fcr. Seyyid Burh\u00e2neddin vesilesiyle ilm\u00ee yetkinli\u011fini ilerletmesi amac\u0131yla Halep ve \u015eam\u2019a gitmi\u015f ve burada \u0130bn\u00fc\u2019l-Arab\u00ee, Sa\u2018dedd\u00een-i Hamm\u00fbye, Evhad\u00fcdd\u00een-i Kirm\u00e2n\u00ee ve Sadreddin Konev\u00ee ile g\u00f6r\u00fc\u015fm\u00fc\u015ft\u00fcr. Daha sonra Konya\u2019ya d\u00f6nen Mevl\u00e2n\u00e2\u2019n\u0131n, burada m\u00fcderrisli\u011fe devam ederken \u015eems-i Tebriz\u00ee ile kar\u015f\u0131la\u015fmas\u0131 onun hayat\u0131ndaki d\u00f6n\u00fcm noktas\u0131 olmu\u015ftur. Mevl\u00e2n\u00e2, 5 Cem\u00e2ziyel\u00e2hir 672 (17 Aral\u0131k 1273) tarihinde vefat etmi\u015ftir. \u00d6ne \u00e7\u0131kan eserleri \u015funlard\u0131r: D\u00eev\u00e2n-\u0131 Keb\u00eer, Mesnev\u00ee, F\u00eehi m\u00e2 f\u00eeh ve Mec\u00e2lis-i Seb\u2018a. <\/p>\n","protected":false},"excerpt":{"rendered":"<p>Allah, kendi s\u0131fatlar\u0131n\u0131n tatlar\u0131 i\u00e7in \u00e7e\u015fitli suretler var etti. Her bir surete o tada ula\u015fma amac\u0131yla hareketler, tav\u0131rlar, sesler, na\u011fmeler ve \u00e7e\u015fitli ifadeler verdi. B\u00f6ylece her<span class=\"excerpt-hellip\"> [\u2026]<\/span><\/p>\n","protected":false},"featured_media":0,"template":"","meta":{"_monsterinsights_skip_tracking":false,"_monsterinsights_sitenote_active":false,"_monsterinsights_sitenote_note":"","_monsterinsights_sitenote_category":0},"product_brand":[],"product_cat":[12718,12719],"product_tag":[],"class_list":{"0":"post-741168","1":"product","2":"type-product","3":"status-publish","5":"product_cat-din","6":"product_cat-islam","7":"pa_cilt-ciltsiz","8":"pa_tur-kitap","9":"pa_yayinevi-vakifbank-kultur-yayinlari","10":"pa_yazar-mevlana-celaleddin-i-rumi","12":"first","13":"instock","14":"sale","15":"shipping-taxable","16":"purchasable","17":"product-type-simple"},"_links":{"self":[{"href":"https:\/\/roveyayinevi.com.tr\/index.php\/wp-json\/wp\/v2\/product\/741168","targetHints":{"allow":["GET"]}}],"collection":[{"href":"https:\/\/roveyayinevi.com.tr\/index.php\/wp-json\/wp\/v2\/product"}],"about":[{"href":"https:\/\/roveyayinevi.com.tr\/index.php\/wp-json\/wp\/v2\/types\/product"}],"wp:attachment":[{"href":"https:\/\/roveyayinevi.com.tr\/index.php\/wp-json\/wp\/v2\/media?parent=741168"}],"wp:term":[{"taxonomy":"product_brand","embeddable":true,"href":"https:\/\/roveyayinevi.com.tr\/index.php\/wp-json\/wp\/v2\/product_brand?post=741168"},{"taxonomy":"product_cat","embeddable":true,"href":"https:\/\/roveyayinevi.com.tr\/index.php\/wp-json\/wp\/v2\/product_cat?post=741168"},{"taxonomy":"product_tag","embeddable":true,"href":"https:\/\/roveyayinevi.com.tr\/index.php\/wp-json\/wp\/v2\/product_tag?post=741168"}],"curies":[{"name":"wp","href":"https:\/\/api.w.org\/{rel}","templated":true}]}}