{"id":741166,"date":"2025-08-28T00:43:17","date_gmt":"2025-08-27T21:43:17","guid":{"rendered":"https:\/\/roveyayinevi.com.tr\/index.php\/urun\/guzellik-taci\/"},"modified":"2026-04-16T02:52:15","modified_gmt":"2026-04-15T23:52:15","slug":"guzellik-taci","status":"publish","type":"product","link":"https:\/\/roveyayinevi.com.tr\/index.php\/urun\/guzellik-taci\/","title":{"rendered":"G\u00fczellik Tac\u0131"},"content":{"rendered":"<p>Minik Popi ve en yak\u0131n arkada\u015f\u0131 K\u0131rkayak Turti ormanda oynamaya dalm\u0131\u015flard\u0131r. Birden, \u00e7al\u0131lar\u0131n aras\u0131nda par\u0131ldayan bir \u015fey g\u00f6r\u00fcrler. Bu, bir prenses tac\u0131d\u0131r. \u015ea\u015fk\u0131nl\u0131k i\u00e7inde tac\u0131 incelerlerken Turti&#8217;nin akl\u0131na bir fikir gelir: G\u00fczellik yar\u0131\u015fmas\u0131 d\u00fczenlemek. B\u00f6ylece ta\u00e7 sahipsiz kalmayacakt\u0131r.Kimler kat\u0131lmaz ki yar\u0131\u015fmaya&#8230; Kurba\u011fadan file, \u00f6rdekten dinozora herkes gelir. Peki ama en g\u00fczel kimdir?Bak\u0131\u015f a\u00e7\u0131s\u0131n\u0131 de\u011fi\u015ftirmeyi ve \u00e7\u00f6z\u00fcm \u00fcretmeyi, ne\u015feli karakterlerle anlatan e\u011flenceli bir \u00f6yk\u00fc.Yazar-\u00c7izer Hakk\u0131nda:   Salim Kesking\u00f6z, yetmi\u015fli y\u0131llar\u0131n sonlar\u0131na do\u011fru d\u00fcnyaya geldi ve ilk \u00f6nce annesiyle oynamaya ba\u015flad\u0131. Babas\u0131 da kat\u0131ld\u0131 oyunlar\u0131na, sonra da karde\u015fleri. Biraz b\u00fcy\u00fcy\u00fcnce hayallerinde oynamaya ba\u015flad\u0131. Biraz daha b\u00fcy\u00fcd\u00fc, oyuncaklarla oynad\u0131. Bakt\u0131 b\u00fcy\u00fcmeye devam ediyor, sokakta arkada\u015flar\u0131yla birlikte gazoz kapaklar\u0131yla ve \u201ckulle\u201d dedikleri bilyelerle, topla oynad\u0131. Biraz daha, biraz daha derken \u00fcniversite y\u0131llar\u0131nda tiyatrolarda oynamaya ba\u015flad\u0131. \u00c7ocuk oyunlar\u0131, yeti\u015fkin oyunlar\u0131 derken oynad\u0131 oynad\u0131\u2026 Sonra bir g\u00fcn oynad\u0131\u011f\u0131 oyunlarda gizlenmi\u015f dostlar\u0131n\u0131 yazmaya ba\u015flad\u0131. Bir bakt\u0131 ak\u0131ll\u0131, yaramaz, sevimli, ne\u015feli, endi\u015feli, a\u011flak, g\u00fcle\u00e7, bir s\u00fcr\u00fc dostu vard\u0131 ge\u00e7mi\u015finde. S\u0131ra onlar\u0131 masallar\u0131nda payla\u015fmaya geldi ve herkesi oyuna davet etti. Salim\u2019in di\u011fer kitaplar\u0131: Bir Fil Nas\u0131l Uyur? U\u011fur B\u00f6ce\u011fi Kap\u0131n\u0131z\u0131 \u00c7alarsa   \u00d6zlem Fedai Kor\u00e7ak, seksenli y\u0131llarda Bursa\u2019da do\u011fdu ve b\u00fcy\u00fcd\u00fc. Doktora yapm\u0131\u015f bir m\u00fchendis olman\u0131n yan\u0131nda tam zamanl\u0131 bir hayal\u00e7izerdir. Minik bir k\u0131z \u00e7ocu\u011fu olarak hayallerini resimlerken, k\u0131z\u0131n\u0131n d\u00fcnyaya gelmesiyle k\u0131z\u0131 i\u00e7in resimler yapmaya ba\u015flad\u0131. Sonra \u00e7ocuk kitaplar\u0131, dergileri resimledi. Londra\u2019da \u00e7ocuk kitab\u0131 resimleme \u00fczerine e\u011fitimler ald\u0131. En b\u00fcy\u00fck e\u011flencesi \u00e7izdi\u011fi canavarlarla sohbet etmek ve kedisi Yoda ile miskinlik yapmak. \u00d6zlem\u2019in di\u011fer kitaplar\u0131: P\u0131rt Yeter ki Sev! Canavarlar\u0131n da Duygular\u0131 Var! Nunu Davetsiz Misafir Rehberi Kedi Pon\u00e7ik\u2019in 10 Hali Kedi Pon\u00e7ik\u2019le Kedi Olma Kurallar\u0131 Kedi Pon\u00e7ik\u2019in Sevdikleri Kedi Pon\u00e7ik\u2019in Bir G\u00fcn\u00fc Bir Fil Nas\u0131l Uyur? U\u011fur B\u00f6ce\u011fi Kap\u0131n\u0131z\u0131 \u00c7alarsa <\/p>\n","protected":false},"excerpt":{"rendered":"<p>Minik Popi ve en yak\u0131n arkada\u015f\u0131 K\u0131rkayak Turti ormanda oynamaya dalm\u0131\u015flard\u0131r. Birden, \u00e7al\u0131lar\u0131n aras\u0131nda par\u0131ldayan bir \u015fey g\u00f6r\u00fcrler. Bu, bir prenses tac\u0131d\u0131r. \u015ea\u015fk\u0131nl\u0131k i\u00e7inde tac\u0131 incelerlerken<span class=\"excerpt-hellip\"> [\u2026]<\/span><\/p>\n","protected":false},"featured_media":0,"template":"","meta":{"_monsterinsights_skip_tracking":false,"_monsterinsights_sitenote_active":false,"_monsterinsights_sitenote_note":"","_monsterinsights_sitenote_category":0},"product_brand":[],"product_cat":[12274,12284],"product_tag":[],"class_list":{"0":"post-741166","1":"product","2":"type-product","3":"status-publish","5":"product_cat-cocuk-ve-genclik-kitaplari","6":"product_cat-hikayeler","7":"pa_cilt-ciltsiz","8":"pa_tur-kitap","9":"pa_yayinevi-elma-cocuk","10":"pa_yazar-saim-keskingoz","12":"first","13":"instock","14":"sale","15":"shipping-taxable","16":"purchasable","17":"product-type-simple"},"_links":{"self":[{"href":"https:\/\/roveyayinevi.com.tr\/index.php\/wp-json\/wp\/v2\/product\/741166","targetHints":{"allow":["GET"]}}],"collection":[{"href":"https:\/\/roveyayinevi.com.tr\/index.php\/wp-json\/wp\/v2\/product"}],"about":[{"href":"https:\/\/roveyayinevi.com.tr\/index.php\/wp-json\/wp\/v2\/types\/product"}],"wp:attachment":[{"href":"https:\/\/roveyayinevi.com.tr\/index.php\/wp-json\/wp\/v2\/media?parent=741166"}],"wp:term":[{"taxonomy":"product_brand","embeddable":true,"href":"https:\/\/roveyayinevi.com.tr\/index.php\/wp-json\/wp\/v2\/product_brand?post=741166"},{"taxonomy":"product_cat","embeddable":true,"href":"https:\/\/roveyayinevi.com.tr\/index.php\/wp-json\/wp\/v2\/product_cat?post=741166"},{"taxonomy":"product_tag","embeddable":true,"href":"https:\/\/roveyayinevi.com.tr\/index.php\/wp-json\/wp\/v2\/product_tag?post=741166"}],"curies":[{"name":"wp","href":"https:\/\/api.w.org\/{rel}","templated":true}]}}