{"id":741164,"date":"2025-08-28T00:43:15","date_gmt":"2025-08-27T21:43:15","guid":{"rendered":"https:\/\/roveyayinevi.com.tr\/index.php\/urun\/minimalizm-insanlari-sev-esyalari-kullan\/"},"modified":"2026-04-13T02:59:21","modified_gmt":"2026-04-12T23:59:21","slug":"minimalizm-insanlari-sev-esyalari-kullan","status":"publish","type":"product","link":"https:\/\/roveyayinevi.com.tr\/index.php\/urun\/minimalizm-insanlari-sev-esyalari-kullan\/","title":{"rendered":"Minimalizm &#8211; \u0130nsanlar\u0131 Sev E\u015fyalar\u0131 Kullan"},"content":{"rendered":"<p>minimalizm \u0130NSANLARI SEV E\u015eYALARI KULLAN Hayat\u0131n\u0131z daha azla nas\u0131l daha iyi olabilir?   Bir hayat hayal edin: daha az e\u015fya, daha az da\u011f\u0131n\u0131kl\u0131k, daha az stres, daha az bor\u00e7 ve ho\u015fnutsuzlu\u011fun, dikkatinizi da\u011f\u0131tan \u015feylerin daha az oldu\u011fu bir hayat.   \u015eimdi de \u015f\u00f6yle bir hayat hayal edin: daha fazla zaman\u0131n\u0131z\u0131n, daha anlaml\u0131 ili\u015fkilerin oldu\u011fu, daha fazla geli\u015febildi\u011finiz, ba\u015fkalar\u0131na daha fazla katk\u0131da bulunabildi\u011finiz, daha fazla keyif ald\u0131\u011f\u0131n\u0131z, i\u00e7inde bulundu\u011fumuz kaotik d\u00fcnyan\u0131n tuzaklar\u0131ndan etkilenmeyen, tutku dolu bir hayat. Hayal etti\u011finiz bu hayat, bilin\u00e7li ve amac\u0131 olan bir hayatt\u0131r. Ve bu hayata ula\u015fmak i\u00e7in size engel olan fazlal\u0131klardan kurtulman\u0131z gerekecektir. ***** \u201c[The Minimalists] okuyuculara d\u00fcnyevi varl\u0131klar\u0131n\u0131 de\u011ferlendirmeleri ve iyi bir hayat ya\u015famak i\u00e7in ger\u00e7ekten neyin gerekli oldu\u011funu sorgulamalar\u0131 i\u00e7in ilham veriyor.\u201d &#8211; Library Journal   \u201cThe Minimalists, a\u015f\u0131r\u0131 \u015feylere olan ba\u011f\u0131ml\u0131l\u0131\u011f\u0131n\u0131zdan kurtulman\u0131n getirdi\u011fi ruhsal, duygusal ve finansal \u00f6zg\u00fcrle\u015fmeyi etkili bir \u015fekilde anlat\u0131yorlar. Ke\u015fi\u015f de\u011filler ve tek bir pirin\u00e7 tanesiyle ya\u015fam\u0131yorlar &#8211; sadece bir s\u00fcr\u00fc fazla \u015feyden kurtularak hayatlar\u0131n\u0131 de\u011fi\u015ftiren s\u0131radan adamlar.\u201d &#8211; Elizabeth Gilbert, Ye, Dua Et, Sev\u2019in yazar\u0131   \u201cT\u00fcketimcilik kar\u015f\u0131tl\u0131\u011f\u0131n\u0131n i\u00e7ten peygamberleri.\u201d &#8211; The New Yorker Yazarlar Hakk\u0131nda:   THE MINIMALISTS JOSHUA FIELDS MILLBURN ve RYAN NICODEMUS, daha az \u015feye sahip olarak anlaml\u0131 bir ya\u015fam s\u00fcrmekle ilgili mesajlar\u0131n\u0131 payla\u015fan, \u00e7ok satanlar listesindeki iki yazar ve uluslararas\u0131 konu\u015fmac\u0131.   Hik\u00e2yeleri Today isimli TV program\u0131nda, Time, People, Forbes, New York Times, Wall Street Journal, USA Today, Boston Globe, San Francisco Chronicle, Chicago Tribune, Seattle Times, Toronto Star, Globe &amp; Mail, Vancouver Sun, Village Voice, LA Weekly ve bir\u00e7ok ba\u015fka mecrada i\u015flendi, Netlix\u2019te 2016 y\u0131l\u0131nda Minimalizm: \u00d6nemli \u015eeylere Dair Bir Belgesel ve 2021 y\u0131l\u0131nda The Minimalists: Less Is Now adl\u0131 iki belgesel yapt\u0131lar.   Yazarlar\u0131 TheMinimalists.com sitesinde \u00e7evrim i\u00e7i olarak ziyaret edebilirsiniz. <\/p>\n","protected":false},"excerpt":{"rendered":"<p>minimalizm \u0130NSANLARI SEV E\u015eYALARI KULLAN Hayat\u0131n\u0131z daha azla nas\u0131l daha iyi olabilir? Bir hayat hayal edin: daha az e\u015fya, daha az da\u011f\u0131n\u0131kl\u0131k, daha az stres, daha<span class=\"excerpt-hellip\"> [\u2026]<\/span><\/p>\n","protected":false},"featured_media":0,"template":"","meta":{"_monsterinsights_skip_tracking":false,"_monsterinsights_sitenote_active":false,"_monsterinsights_sitenote_note":"","_monsterinsights_sitenote_category":0},"product_brand":[],"product_cat":[12364,12376],"product_tag":[],"class_list":{"0":"post-741164","1":"product","2":"type-product","3":"status-publish","5":"product_cat-genel-konular","6":"product_cat-kisisel-gelisim","7":"pa_cilt-ciltsiz","8":"pa_tur-kitap","9":"pa_yayinevi-eksik-parca-yayinlari","10":"pa_yazar-eksik-parca-yayinlari-kolektif","12":"first","13":"instock","14":"sale","15":"shipping-taxable","16":"purchasable","17":"product-type-simple"},"_links":{"self":[{"href":"https:\/\/roveyayinevi.com.tr\/index.php\/wp-json\/wp\/v2\/product\/741164","targetHints":{"allow":["GET"]}}],"collection":[{"href":"https:\/\/roveyayinevi.com.tr\/index.php\/wp-json\/wp\/v2\/product"}],"about":[{"href":"https:\/\/roveyayinevi.com.tr\/index.php\/wp-json\/wp\/v2\/types\/product"}],"wp:attachment":[{"href":"https:\/\/roveyayinevi.com.tr\/index.php\/wp-json\/wp\/v2\/media?parent=741164"}],"wp:term":[{"taxonomy":"product_brand","embeddable":true,"href":"https:\/\/roveyayinevi.com.tr\/index.php\/wp-json\/wp\/v2\/product_brand?post=741164"},{"taxonomy":"product_cat","embeddable":true,"href":"https:\/\/roveyayinevi.com.tr\/index.php\/wp-json\/wp\/v2\/product_cat?post=741164"},{"taxonomy":"product_tag","embeddable":true,"href":"https:\/\/roveyayinevi.com.tr\/index.php\/wp-json\/wp\/v2\/product_tag?post=741164"}],"curies":[{"name":"wp","href":"https:\/\/api.w.org\/{rel}","templated":true}]}}