{"id":741161,"date":"2025-08-28T00:43:11","date_gmt":"2025-08-27T21:43:11","guid":{"rendered":"https:\/\/roveyayinevi.com.tr\/index.php\/urun\/suclusunuz\/"},"modified":"2026-04-16T02:52:15","modified_gmt":"2026-04-15T23:52:15","slug":"suclusunuz","status":"publish","type":"product","link":"https:\/\/roveyayinevi.com.tr\/index.php\/urun\/suclusunuz\/","title":{"rendered":"Su\u00e7lusunuz"},"content":{"rendered":"<p>\u201cT\u00fcrk\u00e7enin d\u00fcnyayla s\u00f6yle\u015fen \u015fairi Ataol Behramo\u011flu, \u015fiir i\u00e7in kalemi eline ald\u0131\u011f\u0131 g\u00fcnden beri, tarihin \u00f6tesine \u015fiirden bir bellek in\u015fa ediyor. Bu onurlu yap\u0131n\u0131n son tu\u011flalar\u0131ndan biri de Su\u00e7lusunuz isimli \u015fiir kitab\u0131.   Su\u00e7lusunuz kitab\u0131, Behramo\u011flu\u2019nun Cumhuriyet gazetesinde yay\u0131mlanan \u015fiirlerine de ev sahipli\u011fi yap\u0131yor. Bu y\u00f6n\u00fcyle Ne \u00c7ok Hain \u015fiir kitab\u0131n\u0131n da bir devam\u0131 niteli\u011fini ta\u015f\u0131yor.   \u00c7a\u011f\u0131m\u0131z g\u00fcn ge\u00e7tik\u00e7e, \u015fiirden ve \u015fiirin y\u00fcre\u011finde hep sakl\u0131 olan hakikatten uzakla\u015f\u0131p, vasatizm ideolojisinin h\u00fck\u00fcmranl\u0131\u011f\u0131na girerken, Ataol Behramo\u011flu\u2019nun \u015fiiri g\u00f6r\u00fcn\u00fcr k\u0131lmaktaki \u0131srar\u0131 ve inad\u0131n\u0131, ba\u015fl\u0131 ba\u015f\u0131na bir direni\u015f olarak okuyabiliriz. \u015eairin direni\u015fi\u2026   Behramo\u011flu\u2019nun vicdanl\u0131 kalemi, son altm\u0131\u015f y\u0131ld\u0131r g\u00f6z\u00fcn\u00fc bile k\u0131rpmam\u0131\u015f bir kar\u015f\u0131 bellek olarak, \u00f6teki her kimse onun nefesini \u015fiirle bulu\u015fturmaktan hi\u00e7 vazge\u00e7medi ve \u015fair bu ediminde hi\u00e7bir zaman \u00e7at\u0131\u015fma alanlar\u0131 yaratmad\u0131, birlikte ya\u015fama olana\u011f\u0131n\u0131n co\u015fkusunu an\u0131msatt\u0131. Kalemi eline ald\u0131\u011f\u0131ndan beri, sendeleyenlere, \u201cY\u0131k\u0131lma sak\u0131n\u201d diyen ses oldu.   Ay\u015feg\u00fcl T\u00f6zeren   <\/p>\n","protected":false},"excerpt":{"rendered":"<p>\u201cT\u00fcrk\u00e7enin d\u00fcnyayla s\u00f6yle\u015fen \u015fairi Ataol Behramo\u011flu, \u015fiir i\u00e7in kalemi eline ald\u0131\u011f\u0131 g\u00fcnden beri, tarihin \u00f6tesine \u015fiirden bir bellek in\u015fa ediyor. Bu onurlu yap\u0131n\u0131n son tu\u011flalar\u0131ndan biri<span class=\"excerpt-hellip\"> [\u2026]<\/span><\/p>\n","protected":false},"featured_media":0,"template":"","meta":{"_monsterinsights_skip_tracking":false,"_monsterinsights_sitenote_active":false,"_monsterinsights_sitenote_note":"","_monsterinsights_sitenote_category":0},"product_brand":[],"product_cat":[12291,12509],"product_tag":[],"class_list":{"0":"post-741161","1":"product","2":"type-product","3":"status-publish","5":"product_cat-edebiyat","6":"product_cat-siir","7":"pa_cilt-ciltsiz","8":"pa_tur-kitap","9":"pa_yayinevi-tekin-yayinevi","10":"pa_yazar-ataol-behramoglu","12":"first","13":"instock","14":"sale","15":"shipping-taxable","16":"purchasable","17":"product-type-simple"},"_links":{"self":[{"href":"https:\/\/roveyayinevi.com.tr\/index.php\/wp-json\/wp\/v2\/product\/741161","targetHints":{"allow":["GET"]}}],"collection":[{"href":"https:\/\/roveyayinevi.com.tr\/index.php\/wp-json\/wp\/v2\/product"}],"about":[{"href":"https:\/\/roveyayinevi.com.tr\/index.php\/wp-json\/wp\/v2\/types\/product"}],"wp:attachment":[{"href":"https:\/\/roveyayinevi.com.tr\/index.php\/wp-json\/wp\/v2\/media?parent=741161"}],"wp:term":[{"taxonomy":"product_brand","embeddable":true,"href":"https:\/\/roveyayinevi.com.tr\/index.php\/wp-json\/wp\/v2\/product_brand?post=741161"},{"taxonomy":"product_cat","embeddable":true,"href":"https:\/\/roveyayinevi.com.tr\/index.php\/wp-json\/wp\/v2\/product_cat?post=741161"},{"taxonomy":"product_tag","embeddable":true,"href":"https:\/\/roveyayinevi.com.tr\/index.php\/wp-json\/wp\/v2\/product_tag?post=741161"}],"curies":[{"name":"wp","href":"https:\/\/api.w.org\/{rel}","templated":true}]}}