{"id":741160,"date":"2025-08-28T00:43:10","date_gmt":"2025-08-27T21:43:10","guid":{"rendered":"https:\/\/roveyayinevi.com.tr\/index.php\/urun\/sozum-meclisten-iceri-rant-belediyeciliginden-halk-belediyeciligine\/"},"modified":"2026-04-16T02:52:15","modified_gmt":"2026-04-15T23:52:15","slug":"sozum-meclisten-iceri-rant-belediyeciliginden-halk-belediyeciligine","status":"publish","type":"product","link":"https:\/\/roveyayinevi.com.tr\/index.php\/urun\/sozum-meclisten-iceri-rant-belediyeciliginden-halk-belediyeciligine\/","title":{"rendered":"S\u00f6z\u00fcm Meclisten \u0130\u00e7eri Rant Belediyecili\u011finden Halk Belediyecili\u011fine"},"content":{"rendered":"<p>16 milyon \u0130stanbulluyu bir ve e\u015fit kabul ederek, hak ve hukuk yolundan sapmadan var g\u00fcc\u00fcyle \u00e7al\u0131\u015fan onurlu bir kadronun, \u00e7ok b\u00fcy\u00fck ve g\u00fc\u00e7l\u00fc bir tak\u0131m\u0131n nas\u0131l hizmet m\u00fccadelesi verdi\u011fini bu kitapta detaylar\u0131yla okuyabilirsiniz. Sevgili \u0130brahim \u00d6zkan\u2019\u0131n, \u201c\u0130stanbul B\u00fcy\u00fck\u015fehir Belediyesi\u2019nin ger\u00e7eklerini as\u0131l sahiplerine, \u0130stanbullulara anlatmak i\u00e7in kaleme ald\u0131m\u201d dedi\u011fi bu eser \u00e7ok de\u011ferli bir \u00e7al\u0131\u015fmad\u0131r. Yaln\u0131zca objektif bir bak\u0131\u015f a\u00e7\u0131s\u0131yla tarihe not d\u00fc\u015ft\u00fc\u011f\u00fc i\u00e7in de\u011fil, ard\u0131nda yatan e\u015fsiz m\u00fccadele ve dayan\u0131\u015fma dolay\u0131s\u0131yla da&#8230; Y\u00fcre\u011fi \u0130stanbul ve T\u00fcrkiye i\u00e7in \u00e7arpan herkesin bir adalet ve vicdan belgesi olan bu kitab\u0131 okumas\u0131n\u0131 diliyorum. Ekrem \u0130MAMO\u011eLU \u0130stanbul B\u00fcy\u00fck\u015fehir Belediye Ba\u015fkan\u0131 <\/p>\n","protected":false},"excerpt":{"rendered":"<p>16 milyon \u0130stanbulluyu bir ve e\u015fit kabul ederek, hak ve hukuk yolundan sapmadan var g\u00fcc\u00fcyle \u00e7al\u0131\u015fan onurlu bir kadronun, \u00e7ok b\u00fcy\u00fck ve g\u00fc\u00e7l\u00fc bir tak\u0131m\u0131n nas\u0131l<span class=\"excerpt-hellip\"> [\u2026]<\/span><\/p>\n","protected":false},"featured_media":0,"template":"","meta":{"_monsterinsights_skip_tracking":false,"_monsterinsights_sitenote_active":false,"_monsterinsights_sitenote_note":"","_monsterinsights_sitenote_category":0},"product_brand":[],"product_cat":[13059,12337],"product_tag":[],"class_list":{"0":"post-741160","1":"product","2":"type-product","3":"status-publish","5":"product_cat-diger-politika-siyaset","6":"product_cat-politika-siyaset","7":"pa_cilt-ciltsiz","8":"pa_tur-kitap","9":"pa_yayinevi-kirmizi-kedi-yayinevi","10":"pa_yazar-ibrahim-ozkan","12":"first","13":"instock","14":"sale","15":"shipping-taxable","16":"purchasable","17":"product-type-simple"},"_links":{"self":[{"href":"https:\/\/roveyayinevi.com.tr\/index.php\/wp-json\/wp\/v2\/product\/741160","targetHints":{"allow":["GET"]}}],"collection":[{"href":"https:\/\/roveyayinevi.com.tr\/index.php\/wp-json\/wp\/v2\/product"}],"about":[{"href":"https:\/\/roveyayinevi.com.tr\/index.php\/wp-json\/wp\/v2\/types\/product"}],"wp:attachment":[{"href":"https:\/\/roveyayinevi.com.tr\/index.php\/wp-json\/wp\/v2\/media?parent=741160"}],"wp:term":[{"taxonomy":"product_brand","embeddable":true,"href":"https:\/\/roveyayinevi.com.tr\/index.php\/wp-json\/wp\/v2\/product_brand?post=741160"},{"taxonomy":"product_cat","embeddable":true,"href":"https:\/\/roveyayinevi.com.tr\/index.php\/wp-json\/wp\/v2\/product_cat?post=741160"},{"taxonomy":"product_tag","embeddable":true,"href":"https:\/\/roveyayinevi.com.tr\/index.php\/wp-json\/wp\/v2\/product_tag?post=741160"}],"curies":[{"name":"wp","href":"https:\/\/api.w.org\/{rel}","templated":true}]}}