{"id":741159,"date":"2025-08-28T00:43:09","date_gmt":"2025-08-27T21:43:09","guid":{"rendered":"https:\/\/roveyayinevi.com.tr\/index.php\/urun\/demirtasin-beyaz-sandalyesi\/"},"modified":"2026-04-16T02:52:15","modified_gmt":"2026-04-15T23:52:15","slug":"demirtasin-beyaz-sandalyesi","status":"publish","type":"product","link":"https:\/\/roveyayinevi.com.tr\/index.php\/urun\/demirtasin-beyaz-sandalyesi\/","title":{"rendered":"Demirta\u015f\u2019\u0131n Beyaz Sandalyesi"},"content":{"rendered":"<p>\u00d6ns\u00f6z\u00fcn\u00fc S\u0131rr\u0131 S\u00fcreyya \u00d6nder\u2019in yazd\u0131\u011f\u0131 kitap Selahattin Demirta\u015f\u2019\u0131n Son S\u00f6z\u00fcyle okur kar\u015f\u0131s\u0131nda.  \u201cBin t\u00fcrl\u00fc g\u00f6lge ve riyayla \u00f6rt\u00fclmeye \u00e7al\u0131\u015f\u0131lan g\u00fcnlerin \u00e7etelesini tutup unutturmayanlar var. \u0130\u015fte bu kitab\u0131n eme\u011fi, b\u00f6ylesine aziz bir yerdedir. Ekmek gibi, su gibi aziz bir eme\u011fin \u00fcr\u00fcn\u00fc olan bu kitap, beyaz bir plastik sandalyeden ba\u015fka koltu\u011fu da makam\u0131 da olmayan, y\u00fcre\u011fi halkla, halk\u0131n y\u00fcre\u011fi de kendisiyle atan bir siyaset\u00e7iyi, karda\u015f\u0131m Selahattin\u2019in cezaevi d\u00f6nemi hikayesini anlat\u0131yor.\u201d S\u0131rr\u0131 S\u00fcreyya \u00d6nder   Cezaevine girmesine yol a\u00e7an s\u00fcre\u00e7te neler ya\u015fand\u0131? \u0130\u00e7eride g\u00fcnleri nas\u0131l ge\u00e7iyor? Neler ya\u015f\u0131yor, nas\u0131l hissediyor? D\u0131\u015far\u0131da ya\u015fanan geli\u015fmelere nas\u0131l bak\u0131yor? Cezaevi g\u00f6revlileriyle ili\u015fkisi nas\u0131l? Bay\u0131ld\u0131\u011f\u0131 gece neler oldu? Ailesinin ge\u00e7irdi\u011fi trafik kazas\u0131n\u0131 duydu\u011funda ilk tepkisi ne oldu? Hangi haberi duydu\u011funda \u00e7ok \u00fcz\u00fcld\u00fc? Neden covid a\u015f\u0131s\u0131 olmak istemedi? Kelep\u00e7e tak\u0131lmak istenmesine nas\u0131l kar\u015f\u0131 koydu? Ne zaman \u00e7\u0131kaca\u011f\u0131n\u0131 d\u00fc\u015f\u00fcn\u00fcyor? Arkada\u015flar\u0131n\u0131n, avukatlar\u0131n\u0131n, karde\u015flerinin, e\u015finin, h\u00fccre arkada\u015f\u0131n\u0131n ve bizzat kendisinin anlatt\u0131\u011f\u0131 bilinmeyenler\u2026 Bas\u0131n dan\u0131\u015fman\u0131, Demirta\u015f\u2019\u0131 yazd\u0131. <\/p>\n","protected":false},"excerpt":{"rendered":"<p>\u00d6ns\u00f6z\u00fcn\u00fc S\u0131rr\u0131 S\u00fcreyya \u00d6nder\u2019in yazd\u0131\u011f\u0131 kitap Selahattin Demirta\u015f\u2019\u0131n Son S\u00f6z\u00fcyle okur kar\u015f\u0131s\u0131nda. \u201cBin t\u00fcrl\u00fc g\u00f6lge ve riyayla \u00f6rt\u00fclmeye \u00e7al\u0131\u015f\u0131lan g\u00fcnlerin \u00e7etelesini tutup unutturmayanlar var. \u0130\u015fte bu<span class=\"excerpt-hellip\"> [\u2026]<\/span><\/p>\n","protected":false},"featured_media":0,"template":"","meta":{"_monsterinsights_skip_tracking":false,"_monsterinsights_sitenote_active":false,"_monsterinsights_sitenote_note":"","_monsterinsights_sitenote_category":0},"product_brand":[],"product_cat":[31194,12337],"product_tag":[],"class_list":{"0":"post-741159","1":"product","2":"type-product","3":"status-publish","5":"product_cat-guncel-siyaset","6":"product_cat-politika-siyaset","7":"pa_cilt-ciltsiz","8":"pa_tur-kitap","9":"pa_yayinevi-dipnot-yayinlari","10":"pa_yazar-zinar-karavil","12":"first","13":"instock","14":"sale","15":"shipping-taxable","16":"purchasable","17":"product-type-simple"},"_links":{"self":[{"href":"https:\/\/roveyayinevi.com.tr\/index.php\/wp-json\/wp\/v2\/product\/741159","targetHints":{"allow":["GET"]}}],"collection":[{"href":"https:\/\/roveyayinevi.com.tr\/index.php\/wp-json\/wp\/v2\/product"}],"about":[{"href":"https:\/\/roveyayinevi.com.tr\/index.php\/wp-json\/wp\/v2\/types\/product"}],"wp:attachment":[{"href":"https:\/\/roveyayinevi.com.tr\/index.php\/wp-json\/wp\/v2\/media?parent=741159"}],"wp:term":[{"taxonomy":"product_brand","embeddable":true,"href":"https:\/\/roveyayinevi.com.tr\/index.php\/wp-json\/wp\/v2\/product_brand?post=741159"},{"taxonomy":"product_cat","embeddable":true,"href":"https:\/\/roveyayinevi.com.tr\/index.php\/wp-json\/wp\/v2\/product_cat?post=741159"},{"taxonomy":"product_tag","embeddable":true,"href":"https:\/\/roveyayinevi.com.tr\/index.php\/wp-json\/wp\/v2\/product_tag?post=741159"}],"curies":[{"name":"wp","href":"https:\/\/api.w.org\/{rel}","templated":true}]}}