{"id":741156,"date":"2025-08-28T00:43:05","date_gmt":"2025-08-27T21:43:05","guid":{"rendered":"https:\/\/roveyayinevi.com.tr\/index.php\/urun\/iktidarin-ruhu\/"},"modified":"2026-04-16T02:52:15","modified_gmt":"2026-04-15T23:52:15","slug":"iktidarin-ruhu","status":"publish","type":"product","link":"https:\/\/roveyayinevi.com.tr\/index.php\/urun\/iktidarin-ruhu\/","title":{"rendered":"\u0130ktidar\u0131n Ruhu"},"content":{"rendered":"<p>\u201cGeleneksel devletten tevar\u00fcs eden ki\u015fizade imtiyazlar\u0131 modern devlet d\u00fczeninde de yeni hal ve renkler alarak varl\u0131\u011f\u0131n\u0131 s\u00fcrd\u00fcrd\u00fc. Geleneksel devlet yerine ikame edilen modern devlet d\u00fczeninde de iktidar ve iktidar\u0131n nimetleri belli bir z\u00fcmre ile payla\u015f\u0131ld\u0131, muhalifler zaman zaman idam edildi ve mallar\u0131 hazineye aktar\u0131ld\u0131. \u00d6yle ki geleneksel devletin do\u011frudan ve \u00e7o\u011fu zaman sorgusuz yapt\u0131\u011f\u0131n\u0131 modern devlet dolayl\u0131 ve sorgulu yapt\u0131. Bu durum, \u2018\u0130ktidar\u0131n Ruhu\u2019 olarak tan\u0131mland\u0131.\u201d \u201cYeni\u201d olan hemen her \u015feyin genellikle bir kopu\u015fun sonucu olu\u015ftu\u011fu varsay\u0131l\u0131r. Fakat bu varsay\u0131m, \u00e7o\u011fu durumda ge\u00e7erli olsa da, \u201ceski\u201dden devral\u0131nan de\u011ferleri, al\u0131\u015fkanl\u0131klar\u0131, i\u015flevleri g\u00f6zden ka\u00e7\u0131rma ihtimalini de bar\u0131nd\u0131r\u0131r. \u0130lhami Yurdakul\u2019un \u0130ktidar\u0131n Ruhu: Osmanl\u0131\u2019dan Cumhuriyet\u2019e Ki\u015fizade \u0130mtiyazlar\u0131 kitab\u0131, uzun d\u00f6nemli bir \u201cimtiyaz s\u00fcreklili\u011fini\u201d anlama \u00e7abas\u0131n\u0131n \u00fcr\u00fcn\u00fc. Kitapta iktidar\u0131n ruhu diye tan\u0131mlanan s\u00fcreklilik, soyut bir iktidar d\u00fczene\u011finin ve d\u00fczleminin de\u011fil, be\u015fik ulemal\u0131\u011f\u0131, siyaseten katl ve m\u00fcsadere pratikleri \u00fczerinden anla\u015f\u0131labilecek somut bir iktidar payla\u015f\u0131m\u0131 kavgas\u0131n\u0131n g\u00f6stergesi olarak ele al\u0131n\u0131yor. B\u00f6ylece Yurdakul, Osmanl\u0131\u2019dan Cumhuriyet\u2019e uzanan imtiyaz siyasetinin foto\u011fraf\u0131n\u0131 \u00e7ekiyor. Birtak\u0131m al\u0131\u015fkanl\u0131klar\u0131n ve geleneklerin modern ara\u00e7larla i\u015flevlerini s\u00fcrd\u00fcrd\u00fc\u011f\u00fcn\u00fc tarihsel perspektiften ele alan emek \u00fcr\u00fcn\u00fc bu ara\u015ft\u0131rma, hem tarihe ilgi duyan akademisyen ve \u00f6\u011frenciler i\u00e7in hem de siyasi tarihe merakl\u0131 okur i\u00e7in \u00f6nemli bir kaynak.<\/p>\n","protected":false},"excerpt":{"rendered":"<p>\u201cGeleneksel devletten tevar\u00fcs eden ki\u015fizade imtiyazlar\u0131 modern devlet d\u00fczeninde de yeni hal ve renkler alarak varl\u0131\u011f\u0131n\u0131 s\u00fcrd\u00fcrd\u00fc. Geleneksel devlet yerine ikame edilen modern devlet d\u00fczeninde de<span class=\"excerpt-hellip\"> [\u2026]<\/span><\/p>\n","protected":false},"featured_media":0,"template":"","meta":{"_monsterinsights_skip_tracking":false,"_monsterinsights_sitenote_active":false,"_monsterinsights_sitenote_note":"","_monsterinsights_sitenote_category":0},"product_brand":[],"product_cat":[12312,12304],"product_tag":[],"class_list":{"0":"post-741156","1":"product","2":"type-product","3":"status-publish","5":"product_cat-diger","6":"product_cat-tarih","7":"pa_cilt-ciltsiz","8":"pa_tur-kitap","9":"pa_yayinevi-iletisim-yayinlari","10":"pa_yazar-ilhami-yurdakul","12":"first","13":"instock","14":"sale","15":"shipping-taxable","16":"purchasable","17":"product-type-simple"},"_links":{"self":[{"href":"https:\/\/roveyayinevi.com.tr\/index.php\/wp-json\/wp\/v2\/product\/741156","targetHints":{"allow":["GET"]}}],"collection":[{"href":"https:\/\/roveyayinevi.com.tr\/index.php\/wp-json\/wp\/v2\/product"}],"about":[{"href":"https:\/\/roveyayinevi.com.tr\/index.php\/wp-json\/wp\/v2\/types\/product"}],"wp:attachment":[{"href":"https:\/\/roveyayinevi.com.tr\/index.php\/wp-json\/wp\/v2\/media?parent=741156"}],"wp:term":[{"taxonomy":"product_brand","embeddable":true,"href":"https:\/\/roveyayinevi.com.tr\/index.php\/wp-json\/wp\/v2\/product_brand?post=741156"},{"taxonomy":"product_cat","embeddable":true,"href":"https:\/\/roveyayinevi.com.tr\/index.php\/wp-json\/wp\/v2\/product_cat?post=741156"},{"taxonomy":"product_tag","embeddable":true,"href":"https:\/\/roveyayinevi.com.tr\/index.php\/wp-json\/wp\/v2\/product_tag?post=741156"}],"curies":[{"name":"wp","href":"https:\/\/api.w.org\/{rel}","templated":true}]}}