{"id":741155,"date":"2025-08-28T00:43:04","date_gmt":"2025-08-27T21:43:04","guid":{"rendered":"https:\/\/roveyayinevi.com.tr\/index.php\/urun\/canavarlarin-zamani\/"},"modified":"2026-04-16T02:52:15","modified_gmt":"2026-04-15T23:52:15","slug":"canavarlarin-zamani","status":"publish","type":"product","link":"https:\/\/roveyayinevi.com.tr\/index.php\/urun\/canavarlarin-zamani\/","title":{"rendered":"Canavarlar\u0131n Zaman\u0131"},"content":{"rendered":"<p>Arap d\u00fcnyas\u0131 2011 y\u0131l\u0131nda ayaklanmalarla sars\u0131ld\u0131. \u00c7o\u011fu yerde \u015fiddetle bast\u0131r\u0131lan isyanlar Ortado\u011fu\u2019nun \u00e7ehresini b\u00fcy\u00fck oranda de\u011fi\u015ftirdi. Hamit Bozarslan, on y\u0131ll\u0131k bir s\u00fcrede yazd\u0131\u011f\u0131 bu makalelerde Arap Bahar\u0131\u2019n\u0131n dinamiklerini \u00e7\u00f6z\u00fcml\u00fcyor; ba\u015fkald\u0131r\u0131lar\u0131n \u00fczerinden ge\u00e7en y\u0131llar\u0131n ard\u0131ndan g\u00fcn\u00fcm\u00fczde rejimlerin kartelle\u015fmesine, milis niteli\u011fi kazanmas\u0131na ve b\u00fcy\u00fck g\u00fc\u00e7lerin b\u00f6lgedeki hegemonya m\u00fccadelesine dikkat \u00e7ekiyor. \u0130talyan d\u00fc\u015f\u00fcn\u00fcr Antonio Gramsci\u2019den \u00f6d\u00fcn\u00e7 ald\u0131\u011f\u0131 kavramla, \u201ceskinin art\u0131k var olmad\u0131\u011f\u0131, ama yeninin de hen\u00fcz ortaya \u00e7\u0131kmad\u0131\u011f\u0131\u201d bu d\u00f6nemi \u201ccanavarlar\u0131n zaman\u0131\u201d olarak adland\u0131ran Bozarslan, otokratik rejimlerin g\u00fc\u00e7lenmesi tehlikesinin; Suriye, Libya, Yemen gibi \u00fclkelerde y\u00f6netimlerin toplumu yok edecek derecede gaddarla\u015fmas\u0131n\u0131n nedenlerini a\u00e7\u0131klarken, Bat\u0131 \u00fclkelerinin sessiz tan\u0131kl\u0131\u011f\u0131n\u0131 sorguluyor. \u201cMutlak \u00f6ng\u00f6r\u00fclmezli\u011fin h\u00fck\u00fcm s\u00fcrd\u00fc\u011f\u00fc k\u0131sa bir zaman diliminin endi\u015fe dolu tan\u0131klar\u0131 olan bu metinler, 2011\u2019deki Arap devrim sahnelerinin nas\u0131l enkaz y\u0131\u011f\u0131nlar\u0131na ya da baz\u0131 \u00fclkelerde mezheb\u00ee yap\u0131lara kar\u015f\u0131 gaddarl\u0131\u011fa, ba\u015fka \u00fclkelerde de otoriterli\u011fin g\u00fc\u00e7lenmesine yol a\u00e7t\u0131\u011f\u0131n\u0131; 2017\u2019de I\u015e\u0130D\u2019in \u00e7\u00f6k\u00fc\u015f\u00fcne ra\u011fmen s\u00fcrekli bir dinamizmi muhafaza eden cihat\u00e7\u0131l\u0131\u011f\u0131n g\u00fc\u00e7 kazanmas\u0131na ve i\u00e7inde Suudi Arabistan, \u0130ran ve T\u00fcrkiye\u2019nin bulundu\u011fu b\u00f6lgesel g\u00fc\u00e7ler ya da ABD ve Rusya gibi k\u00fcresel g\u00fc\u00e7ler aras\u0131nda hem \u00f6l\u00fcmc\u00fcl hem kinik bir hegemonya sava\u015f\u0131na nas\u0131l y\u00f6neltebilmi\u015f oldu\u011funu kavratacak birka\u00e7 okuma anahtar\u0131 sunuyor.<\/p>\n","protected":false},"excerpt":{"rendered":"<p>Arap d\u00fcnyas\u0131 2011 y\u0131l\u0131nda ayaklanmalarla sars\u0131ld\u0131. \u00c7o\u011fu yerde \u015fiddetle bast\u0131r\u0131lan isyanlar Ortado\u011fu\u2019nun \u00e7ehresini b\u00fcy\u00fck oranda de\u011fi\u015ftirdi. Hamit Bozarslan, on y\u0131ll\u0131k bir s\u00fcrede yazd\u0131\u011f\u0131 bu makalelerde Arap<span class=\"excerpt-hellip\"> [\u2026]<\/span><\/p>\n","protected":false},"featured_media":0,"template":"","meta":{"_monsterinsights_skip_tracking":false,"_monsterinsights_sitenote_active":false,"_monsterinsights_sitenote_note":"","_monsterinsights_sitenote_category":0},"product_brand":[],"product_cat":[13059,12337],"product_tag":[],"class_list":{"0":"post-741155","1":"product","2":"type-product","3":"status-publish","5":"product_cat-diger-politika-siyaset","6":"product_cat-politika-siyaset","7":"pa_cilt-ciltsiz","8":"pa_tur-kitap","9":"pa_yayinevi-iletisim-yayinlari","10":"pa_yazar-hamit-bozarslan","12":"first","13":"instock","14":"sale","15":"shipping-taxable","16":"purchasable","17":"product-type-simple"},"_links":{"self":[{"href":"https:\/\/roveyayinevi.com.tr\/index.php\/wp-json\/wp\/v2\/product\/741155","targetHints":{"allow":["GET"]}}],"collection":[{"href":"https:\/\/roveyayinevi.com.tr\/index.php\/wp-json\/wp\/v2\/product"}],"about":[{"href":"https:\/\/roveyayinevi.com.tr\/index.php\/wp-json\/wp\/v2\/types\/product"}],"wp:attachment":[{"href":"https:\/\/roveyayinevi.com.tr\/index.php\/wp-json\/wp\/v2\/media?parent=741155"}],"wp:term":[{"taxonomy":"product_brand","embeddable":true,"href":"https:\/\/roveyayinevi.com.tr\/index.php\/wp-json\/wp\/v2\/product_brand?post=741155"},{"taxonomy":"product_cat","embeddable":true,"href":"https:\/\/roveyayinevi.com.tr\/index.php\/wp-json\/wp\/v2\/product_cat?post=741155"},{"taxonomy":"product_tag","embeddable":true,"href":"https:\/\/roveyayinevi.com.tr\/index.php\/wp-json\/wp\/v2\/product_tag?post=741155"}],"curies":[{"name":"wp","href":"https:\/\/api.w.org\/{rel}","templated":true}]}}