{"id":741154,"date":"2025-08-28T00:43:03","date_gmt":"2025-08-27T21:43:03","guid":{"rendered":"https:\/\/roveyayinevi.com.tr\/index.php\/urun\/duyuyor-musun\/"},"modified":"2026-04-13T02:59:21","modified_gmt":"2026-04-12T23:59:21","slug":"duyuyor-musun","status":"publish","type":"product","link":"https:\/\/roveyayinevi.com.tr\/index.php\/urun\/duyuyor-musun\/","title":{"rendered":"Duyuyor Musun?"},"content":{"rendered":"<p>\u201cO k\u00fcf kokulu evde, pencereden soka\u011f\u0131n kar\u015f\u0131s\u0131ndaki mezarl\u0131\u011fa bak\u0131p ya\u015fad\u0131m y\u0131llarca, Azrail\u2019im de tepemde. Bir g\u00fcn\u00fcm ge\u00e7medi g\u00fclerek. Paras\u0131n\u0131 biriktirdi, ne\u015feyi biriktirdi, gezmeyi biriktirdi, eskiyi biriktirdi, biriktirdi de biriktirdi. D\u00fc\u011f\u00fcn tak\u0131lar\u0131m\u0131 bile esirgedi benden. H\u0131rs\u0131z \u00e7alarm\u0131\u015f, yok kaybedermi\u015fim. Ne oldu, sonunda o eksildi, ben eksildim, hepsini de b\u0131rak\u0131p gitti. Ama zaman birikmiyor. Tik tak, tik tak, bug\u00fcn de bitti. Onun i\u00e7in \u015fimdi beni b\u00f6yle kabulleneceksen kabullen ya da asab\u0131m\u0131 bozma. Ya\u015farken ikimizin yas\u0131n\u0131 hep tuttum zaten, \u015fimdi k\u0131rk\u0131m\u0131 u\u00e7urmaya geldim buraya. \u015e\u00f6yle a\u011f\u0131z tad\u0131yla yiyelim yeme\u011fimizi.\u201d Nurhan Suerdem, ya\u015fam\u0131 t\u00fcm y\u00f6nleriyle kucaklayan insanlar\u0131n \u00f6yk\u00fclerini anlat\u0131yor. Bu insanlar, bazen varl\u0131\u011f\u0131n\u0131n bile fark\u0131nda olmayanlar\u0131n y\u00fczlerinde mutlu bir an yaratmaya \u00e7al\u0131\u015f\u0131yorlar; bazen mutsuzluklar\u0131yla etraf\u0131 bo\u011fmamak i\u00e7in kendi kendilerini telkin ediyorlar, bazen de zaman\u0131m\u0131z\u0131n y\u0131k\u0131c\u0131 ruhuna kar\u015f\u0131 direnmeye \u00e7a\u011f\u0131r\u0131yorlar. Bir bak\u0131ma, ili\u015fkilerin ac\u0131mas\u0131zl\u0131\u011f\u0131n\u0131n ve politikan\u0131n g\u00fcndelik hayata dokundu\u011fu yerde var olan hoyratl\u0131\u011f\u0131n\u0131n izlerini yok etmeye \u00e7al\u0131\u015f\u0131yorlar. \u00dcstelik bunu ge\u00e7ici bir \u00e7\u00f6z\u00fcm olarak de\u011fil, hayat\u0131m\u0131zdan yok olmalar\u0131 \u015fevkiyle yap\u0131yorlar. Duyuyor musun?, evlerin d\u00f6rt duvarlar\u0131; soka\u011f\u0131n, caddelerin tek d\u00fcze kalabal\u0131klar\u0131 ve zihnimizin korkular\u0131 aras\u0131nda s\u0131k\u0131\u015f\u0131p kalm\u0131\u015f duygular\u0131 a\u00e7\u0131\u011fa \u00e7\u0131karmak i\u00e7in sorulan bir soru\u2026<\/p>\n","protected":false},"excerpt":{"rendered":"<p>\u201cO k\u00fcf kokulu evde, pencereden soka\u011f\u0131n kar\u015f\u0131s\u0131ndaki mezarl\u0131\u011fa bak\u0131p ya\u015fad\u0131m y\u0131llarca, Azrail\u2019im de tepemde. Bir g\u00fcn\u00fcm ge\u00e7medi g\u00fclerek. Paras\u0131n\u0131 biriktirdi, ne\u015feyi biriktirdi, gezmeyi biriktirdi, eskiyi biriktirdi,<span class=\"excerpt-hellip\"> [\u2026]<\/span><\/p>\n","protected":false},"featured_media":0,"template":"","meta":{"_monsterinsights_skip_tracking":false,"_monsterinsights_sitenote_active":false,"_monsterinsights_sitenote_note":"","_monsterinsights_sitenote_category":0},"product_brand":[],"product_cat":[12291,12711],"product_tag":[],"class_list":{"0":"post-741154","1":"product","2":"type-product","3":"status-publish","5":"product_cat-edebiyat","6":"product_cat-roman-oyku","7":"pa_cilt-ciltsiz","8":"pa_tur-kitap","9":"pa_yayinevi-iletisim-yayinlari","10":"pa_yazar-nurhan-suerdem","12":"first","13":"instock","14":"sale","15":"shipping-taxable","16":"purchasable","17":"product-type-simple"},"_links":{"self":[{"href":"https:\/\/roveyayinevi.com.tr\/index.php\/wp-json\/wp\/v2\/product\/741154","targetHints":{"allow":["GET"]}}],"collection":[{"href":"https:\/\/roveyayinevi.com.tr\/index.php\/wp-json\/wp\/v2\/product"}],"about":[{"href":"https:\/\/roveyayinevi.com.tr\/index.php\/wp-json\/wp\/v2\/types\/product"}],"wp:attachment":[{"href":"https:\/\/roveyayinevi.com.tr\/index.php\/wp-json\/wp\/v2\/media?parent=741154"}],"wp:term":[{"taxonomy":"product_brand","embeddable":true,"href":"https:\/\/roveyayinevi.com.tr\/index.php\/wp-json\/wp\/v2\/product_brand?post=741154"},{"taxonomy":"product_cat","embeddable":true,"href":"https:\/\/roveyayinevi.com.tr\/index.php\/wp-json\/wp\/v2\/product_cat?post=741154"},{"taxonomy":"product_tag","embeddable":true,"href":"https:\/\/roveyayinevi.com.tr\/index.php\/wp-json\/wp\/v2\/product_tag?post=741154"}],"curies":[{"name":"wp","href":"https:\/\/api.w.org\/{rel}","templated":true}]}}