{"id":741151,"date":"2025-08-28T00:42:59","date_gmt":"2025-08-27T21:42:59","guid":{"rendered":"https:\/\/roveyayinevi.com.tr\/index.php\/urun\/hayaller-icinde-floransa\/"},"modified":"2026-04-16T02:52:15","modified_gmt":"2026-04-15T23:52:15","slug":"hayaller-icinde-floransa","status":"publish","type":"product","link":"https:\/\/roveyayinevi.com.tr\/index.php\/urun\/hayaller-icinde-floransa\/","title":{"rendered":"Hayaller \u0130\u00e7inde Floransa"},"content":{"rendered":"<p>Hannah, Boston\u2019dan yola \u00e7\u0131k\u0131p kimseyi tan\u0131mad\u0131\u011f\u0131 ve dilini pek bilmedi\u011fi Floransa\u2019ya yerle\u015fir. Ancak adeta bir hastal\u0131k gibi kimli\u011fini ve sa\u011fl\u0131\u011f\u0131n\u0131 tehdit eden ac\u0131 verici bir s\u0131r ta\u015f\u0131maktad\u0131r. \u0130talya\u2019da hayat\u0131n\u0131 yeniden kurmaya karar verip \u015fehrin k\u00fcrek kul\u00fcb\u00fcne kat\u0131l\u0131r. Burada karma\u015f\u0131k sosyal ili\u015fkilere, \u00e7arp\u0131k fl\u00f6rtle\u015fmelere, b\u00f6lgedeki yemek sevdas\u0131na, \u00f6zetle onu hem \u00e7ok \u00e7eken hem de iten, hayata kar\u015f\u0131 doymak bilmez bir i\u015ftaha \u015fahit olur.Ama as\u0131l arad\u0131\u011f\u0131n\u0131 \u015fehrin kendisinde, tarihinde bulur. Floransa say\u0131s\u0131z g\u00fczellikle doludur. Hannah arkada\u015fl\u0131\u011f\u0131, hatta a\u015fk\u0131 buldu\u011funda bile \u015fehrin kendisine sundu\u011fu bu kusursuzlu\u011fun pe\u015finde ko\u015far. Floransa\u2019da iyile\u015fmeye \u00e7al\u0131\u015f\u0131rken \u015fehrin hayaletleri kendi ge\u00e7mi\u015finin hayaletleriyle \u00e7arp\u0131\u015f\u0131r. Hayal ler \u0130\u00e7inde Floransa, bir kad\u0131n\u0131n istikrars\u0131z bir d\u00fcnyada anlam arama ve kendini bulma giri\u015fimi hakk\u0131nda \u00e7arp\u0131c\u0131 ve i\u00e7ten bir roman.\u2022 \u2022 \u2022\u201cS\u00fcr\u00fckleyici bir hik\u00e2ye, bir a\u015fk hik\u00e2yesi, bir b\u00fcy\u00fcme hik\u00e2yesi, \u015fehrin kendisinin, g\u00fczelli\u011finin ve \u00e7\u00f6k\u00fc\u015f\u00fcn\u00fcn muhte\u015fem bir portresi&#8230;\u201dAlice McDermott\u201cChaffee&#8217;nin bu muhte\u015fem ilk kitab\u0131, Hannah&#8217;n\u0131n m\u00fccadelelerini, ke\u015fiflerini ve tatl\u0131 zaferlerini okura hissettiriyor.\u201dClaire Messudz<\/p>\n","protected":false},"excerpt":{"rendered":"<p>Hannah, Boston\u2019dan yola \u00e7\u0131k\u0131p kimseyi tan\u0131mad\u0131\u011f\u0131 ve dilini pek bilmedi\u011fi Floransa\u2019ya yerle\u015fir. Ancak adeta bir hastal\u0131k gibi kimli\u011fini ve sa\u011fl\u0131\u011f\u0131n\u0131 tehdit eden ac\u0131 verici bir s\u0131r<span class=\"excerpt-hellip\"> [\u2026]<\/span><\/p>\n","protected":false},"featured_media":0,"template":"","meta":{"_monsterinsights_skip_tracking":false,"_monsterinsights_sitenote_active":false,"_monsterinsights_sitenote_note":"","_monsterinsights_sitenote_category":0},"product_brand":[],"product_cat":[12291,12711],"product_tag":[],"class_list":{"0":"post-741151","1":"product","2":"type-product","3":"status-publish","5":"product_cat-edebiyat","6":"product_cat-roman-oyku","7":"pa_cilt-ciltsiz","8":"pa_tur-kitap","9":"pa_yayinevi-altin-kitaplar","10":"pa_yazar-jessie-chaffee","12":"first","13":"instock","14":"sale","15":"shipping-taxable","16":"purchasable","17":"product-type-simple"},"_links":{"self":[{"href":"https:\/\/roveyayinevi.com.tr\/index.php\/wp-json\/wp\/v2\/product\/741151","targetHints":{"allow":["GET"]}}],"collection":[{"href":"https:\/\/roveyayinevi.com.tr\/index.php\/wp-json\/wp\/v2\/product"}],"about":[{"href":"https:\/\/roveyayinevi.com.tr\/index.php\/wp-json\/wp\/v2\/types\/product"}],"wp:attachment":[{"href":"https:\/\/roveyayinevi.com.tr\/index.php\/wp-json\/wp\/v2\/media?parent=741151"}],"wp:term":[{"taxonomy":"product_brand","embeddable":true,"href":"https:\/\/roveyayinevi.com.tr\/index.php\/wp-json\/wp\/v2\/product_brand?post=741151"},{"taxonomy":"product_cat","embeddable":true,"href":"https:\/\/roveyayinevi.com.tr\/index.php\/wp-json\/wp\/v2\/product_cat?post=741151"},{"taxonomy":"product_tag","embeddable":true,"href":"https:\/\/roveyayinevi.com.tr\/index.php\/wp-json\/wp\/v2\/product_tag?post=741151"}],"curies":[{"name":"wp","href":"https:\/\/api.w.org\/{rel}","templated":true}]}}