{"id":741143,"date":"2025-08-28T00:42:49","date_gmt":"2025-08-27T21:42:49","guid":{"rendered":"https:\/\/roveyayinevi.com.tr\/index.php\/urun\/dunyanin-en-hizli-cocugu\/"},"modified":"2026-04-16T02:52:14","modified_gmt":"2026-04-15T23:52:14","slug":"dunyanin-en-hizli-cocugu","status":"publish","type":"product","link":"https:\/\/roveyayinevi.com.tr\/index.php\/urun\/dunyanin-en-hizli-cocugu\/","title":{"rendered":"D\u00fcnyan\u0131n En H\u0131zl\u0131 \u00c7ocu\u011fu"},"content":{"rendered":"<p>Etiyopya\u2019n\u0131n k\u00fc\u00e7\u00fck bir k\u00f6y\u00fcnde ya\u015fayan on bir ya\u015f\u0131ndaki Solomon ko\u015fmay\u0131 \u00e7ok sever, hattar\u00fcyalar\u0131nda bile ko\u015far. Etiyopya milli tak\u0131m\u0131ndaki atletler onun kahramanlar\u0131d\u0131r. \u00c7\u0131plak ayaklar\u0131naald\u0131rmadan bir g\u00fcn onlar gibi b\u00fcy\u00fck bir atlet olup alt\u0131n madalya kazanmay\u0131 hayal eder. Bir ak\u015famdedesi onu Addis Ababa\u2019ya g\u00f6t\u00fcrece\u011fini s\u00f6yledi\u011finde Solomon kulaklar\u0131na inanamaz. Ba\u015fkentig\u00f6recektir!Solomon burada dedesi hakk\u0131nda \u00f6\u011frendi\u011fi \u015fa\u015f\u0131rt\u0131c\u0131 ger\u00e7eklerin \u015fokunu atlatamadan ya\u015fl\u0131adam\u0131n hastalanmas\u0131yla ikinci bir \u015fok ya\u015far. Koca \u015fehirde tek ba\u015f\u0131na kalan Solomon k\u00f6ye d\u00f6n\u00fcpyard\u0131m getirmek zorundad\u0131r. Bindi\u011fi otob\u00fcs ar\u0131zalan\u0131nca da geriye yapacak bir tek \u015fey kal\u0131r:Ko\u015fmak.<\/p>\n","protected":false},"excerpt":{"rendered":"<p>Etiyopya\u2019n\u0131n k\u00fc\u00e7\u00fck bir k\u00f6y\u00fcnde ya\u015fayan on bir ya\u015f\u0131ndaki Solomon ko\u015fmay\u0131 \u00e7ok sever, hattar\u00fcyalar\u0131nda bile ko\u015far. Etiyopya milli tak\u0131m\u0131ndaki atletler onun kahramanlar\u0131d\u0131r. \u00c7\u0131plak ayaklar\u0131naald\u0131rmadan bir g\u00fcn onlar<span class=\"excerpt-hellip\"> [\u2026]<\/span><\/p>\n","protected":false},"featured_media":0,"template":"","meta":{"_monsterinsights_skip_tracking":false,"_monsterinsights_sitenote_active":false,"_monsterinsights_sitenote_note":"","_monsterinsights_sitenote_category":0},"product_brand":[],"product_cat":[12274,12284],"product_tag":[],"class_list":{"0":"post-741143","1":"product","2":"type-product","3":"status-publish","5":"product_cat-cocuk-ve-genclik-kitaplari","6":"product_cat-hikayeler","7":"pa_cilt-ciltsiz","8":"pa_tur-kitap","9":"pa_yayinevi-beyaz-balina-yayinlari","10":"pa_yazar-elizabeth-laird","12":"first","13":"instock","14":"sale","15":"shipping-taxable","16":"purchasable","17":"product-type-simple"},"_links":{"self":[{"href":"https:\/\/roveyayinevi.com.tr\/index.php\/wp-json\/wp\/v2\/product\/741143","targetHints":{"allow":["GET"]}}],"collection":[{"href":"https:\/\/roveyayinevi.com.tr\/index.php\/wp-json\/wp\/v2\/product"}],"about":[{"href":"https:\/\/roveyayinevi.com.tr\/index.php\/wp-json\/wp\/v2\/types\/product"}],"wp:attachment":[{"href":"https:\/\/roveyayinevi.com.tr\/index.php\/wp-json\/wp\/v2\/media?parent=741143"}],"wp:term":[{"taxonomy":"product_brand","embeddable":true,"href":"https:\/\/roveyayinevi.com.tr\/index.php\/wp-json\/wp\/v2\/product_brand?post=741143"},{"taxonomy":"product_cat","embeddable":true,"href":"https:\/\/roveyayinevi.com.tr\/index.php\/wp-json\/wp\/v2\/product_cat?post=741143"},{"taxonomy":"product_tag","embeddable":true,"href":"https:\/\/roveyayinevi.com.tr\/index.php\/wp-json\/wp\/v2\/product_tag?post=741143"}],"curies":[{"name":"wp","href":"https:\/\/api.w.org\/{rel}","templated":true}]}}