{"id":741140,"date":"2025-08-28T00:42:45","date_gmt":"2025-08-27T21:42:45","guid":{"rendered":"https:\/\/roveyayinevi.com.tr\/index.php\/urun\/bak-su-okyanusa\/"},"modified":"2026-04-16T02:52:14","modified_gmt":"2026-04-15T23:52:14","slug":"bak-su-okyanusa","status":"publish","type":"product","link":"https:\/\/roveyayinevi.com.tr\/index.php\/urun\/bak-su-okyanusa\/","title":{"rendered":"Bak \u015eu Okyanusa"},"content":{"rendered":"<p>Haydi gelin, DEN\u0130ZALTIMIZA atlayal\u0131m, OKYANUSLARIN ve DEN\u0130ZLER\u0130N derinliklerine dalal\u0131m, Gizemli su alt\u0131 d\u00fcnyas\u0131na m\u00fcthi\u015f bir yolculu\u011fa \u00e7\u0131kal\u0131m. Herkes gemiye! Kemerlerimizi ba\u011flayal\u0131m! 1, 2, 3, 4, 5 vee DALIYORUZ! FOOOOOOOOOO\u015e!   \u00c7ok satan \u00e7ocuk kitaplar\u0131n\u0131n \u00f6d\u00fcll\u00fc yazar\u0131 CarylHart\u2019tan, kafiyeli anlat\u0131m\u0131 ve g\u00f6z al\u0131c\u0131 \u00e7izimleriyle t\u00fcm OKYANUS ve DEN\u0130Z k\u00e2\u015fifleri i\u00e7in MUHTE\u015eEM bir resimli kitap!   (2021 Waterstones Y\u0131l\u0131n En \u0130yi Okul \u00d6ncesi Kitaplar\u0131 se\u00e7kisinde) <\/p>\n","protected":false},"excerpt":{"rendered":"<p>Haydi gelin, DEN\u0130ZALTIMIZA atlayal\u0131m, OKYANUSLARIN ve DEN\u0130ZLER\u0130N derinliklerine dalal\u0131m, Gizemli su alt\u0131 d\u00fcnyas\u0131na m\u00fcthi\u015f bir yolculu\u011fa \u00e7\u0131kal\u0131m. Herkes gemiye! Kemerlerimizi ba\u011flayal\u0131m! 1, 2, 3, 4, 5<span class=\"excerpt-hellip\"> [\u2026]<\/span><\/p>\n","protected":false},"featured_media":0,"template":"","meta":{"_monsterinsights_skip_tracking":false,"_monsterinsights_sitenote_active":false,"_monsterinsights_sitenote_note":"","_monsterinsights_sitenote_category":0},"product_brand":[],"product_cat":[12274,12284],"product_tag":[],"class_list":{"0":"post-741140","1":"product","2":"type-product","3":"status-publish","5":"product_cat-cocuk-ve-genclik-kitaplari","6":"product_cat-hikayeler","7":"pa_cilt-ciltsiz","8":"pa_tur-kitap","9":"pa_yayinevi-domingo-yayinevi","10":"pa_yazar-caryl-hart","12":"first","13":"instock","14":"sale","15":"shipping-taxable","16":"purchasable","17":"product-type-simple"},"_links":{"self":[{"href":"https:\/\/roveyayinevi.com.tr\/index.php\/wp-json\/wp\/v2\/product\/741140","targetHints":{"allow":["GET"]}}],"collection":[{"href":"https:\/\/roveyayinevi.com.tr\/index.php\/wp-json\/wp\/v2\/product"}],"about":[{"href":"https:\/\/roveyayinevi.com.tr\/index.php\/wp-json\/wp\/v2\/types\/product"}],"wp:attachment":[{"href":"https:\/\/roveyayinevi.com.tr\/index.php\/wp-json\/wp\/v2\/media?parent=741140"}],"wp:term":[{"taxonomy":"product_brand","embeddable":true,"href":"https:\/\/roveyayinevi.com.tr\/index.php\/wp-json\/wp\/v2\/product_brand?post=741140"},{"taxonomy":"product_cat","embeddable":true,"href":"https:\/\/roveyayinevi.com.tr\/index.php\/wp-json\/wp\/v2\/product_cat?post=741140"},{"taxonomy":"product_tag","embeddable":true,"href":"https:\/\/roveyayinevi.com.tr\/index.php\/wp-json\/wp\/v2\/product_tag?post=741140"}],"curies":[{"name":"wp","href":"https:\/\/api.w.org\/{rel}","templated":true}]}}