{"id":741138,"date":"2025-08-28T00:42:44","date_gmt":"2025-08-27T21:42:44","guid":{"rendered":"https:\/\/roveyayinevi.com.tr\/index.php\/urun\/bebek-universitesi-2-hikayeli-ilk-kavramlarim-set-4-kitap\/"},"modified":"2026-04-16T02:52:14","modified_gmt":"2026-04-15T23:52:14","slug":"bebek-universitesi-2-hikayeli-ilk-kavramlarim-set-4-kitap","status":"publish","type":"product","link":"https:\/\/roveyayinevi.com.tr\/index.php\/urun\/bebek-universitesi-2-hikayeli-ilk-kavramlarim-set-4-kitap\/","title":{"rendered":"Bebek \u00dcniversitesi 2 \/ Hikayeli \u0130lk Kavramlar\u0131m Set (4 Kitap)"},"content":{"rendered":"<p>\u0130lk Kavramlar\u0131 Tatl\u0131 Hik\u00e2yelerle Ke\u015ffetmeye Devam Ediyoruz!Say\u0131lar saymak i\u00e7in mi sadece? Hay\u0131r, g\u00fcnl\u00fck hayat\u0131n i\u00e7inde hep bizimle!Z\u0131tl\u0131klar payla\u015fmaya engel mi? Hay\u0131r! T\u00fcm farkl\u0131l\u0131k ve z\u0131tl\u0131klara ra\u011fmen payla\u015fmakla ba\u015fl\u0131yor g\u00fczel \u015feyler.Be\u015f duyumuz var bizim! Peki, ba\u015fka kimlerin?Hava olaylar\u0131 i\u00e7inde duygular sakl\u0131! G\u00fcne\u015f, r\u00fczg\u00e2r, ya\u011fmur, kar ve \u015fim\u015fek neler hissettirir bakal\u0131m m\u0131?Bebe\u011finiz hayat\u0131 ke\u015ffetmek i\u00e7in sab\u0131rs\u0131z, en iyi ileti\u015fim arac\u0131 olan kitaplar, minik ka\u015fiflere e\u015flik etmek i\u00e7in haz\u0131r!<\/p>\n","protected":false},"excerpt":{"rendered":"<p>\u0130lk Kavramlar\u0131 Tatl\u0131 Hik\u00e2yelerle Ke\u015ffetmeye Devam Ediyoruz!Say\u0131lar saymak i\u00e7in mi sadece? Hay\u0131r, g\u00fcnl\u00fck hayat\u0131n i\u00e7inde hep bizimle!Z\u0131tl\u0131klar payla\u015fmaya engel mi? Hay\u0131r! T\u00fcm farkl\u0131l\u0131k ve z\u0131tl\u0131klara ra\u011fmen<span class=\"excerpt-hellip\"> [\u2026]<\/span><\/p>\n","protected":false},"featured_media":0,"template":"","meta":{"_monsterinsights_skip_tracking":false,"_monsterinsights_sitenote_active":false,"_monsterinsights_sitenote_note":"","_monsterinsights_sitenote_category":0},"product_brand":[],"product_cat":[15192,12274],"product_tag":[],"class_list":{"0":"post-741138","1":"product","2":"type-product","3":"status-publish","5":"product_cat-1-3-yas-kitaplari","6":"product_cat-cocuk-ve-genclik-kitaplari","7":"pa_cilt-set","8":"pa_tur-kitap","9":"pa_yayinevi-sincap-kitap","10":"pa_yazar-cagri-odabasi","12":"first","13":"instock","14":"sale","15":"shipping-taxable","16":"purchasable","17":"product-type-simple"},"_links":{"self":[{"href":"https:\/\/roveyayinevi.com.tr\/index.php\/wp-json\/wp\/v2\/product\/741138","targetHints":{"allow":["GET"]}}],"collection":[{"href":"https:\/\/roveyayinevi.com.tr\/index.php\/wp-json\/wp\/v2\/product"}],"about":[{"href":"https:\/\/roveyayinevi.com.tr\/index.php\/wp-json\/wp\/v2\/types\/product"}],"wp:attachment":[{"href":"https:\/\/roveyayinevi.com.tr\/index.php\/wp-json\/wp\/v2\/media?parent=741138"}],"wp:term":[{"taxonomy":"product_brand","embeddable":true,"href":"https:\/\/roveyayinevi.com.tr\/index.php\/wp-json\/wp\/v2\/product_brand?post=741138"},{"taxonomy":"product_cat","embeddable":true,"href":"https:\/\/roveyayinevi.com.tr\/index.php\/wp-json\/wp\/v2\/product_cat?post=741138"},{"taxonomy":"product_tag","embeddable":true,"href":"https:\/\/roveyayinevi.com.tr\/index.php\/wp-json\/wp\/v2\/product_tag?post=741138"}],"curies":[{"name":"wp","href":"https:\/\/api.w.org\/{rel}","templated":true}]}}