{"id":741134,"date":"2025-08-28T00:42:39","date_gmt":"2025-08-27T21:42:39","guid":{"rendered":"https:\/\/roveyayinevi.com.tr\/index.php\/urun\/cesur-kalpler-kulubu-ve-kayip-kaplumbaga-ilk-okuma-kitabim\/"},"modified":"2026-04-16T02:52:14","modified_gmt":"2026-04-15T23:52:14","slug":"cesur-kalpler-kulubu-ve-kayip-kaplumbaga-ilk-okuma-kitabim","status":"publish","type":"product","link":"https:\/\/roveyayinevi.com.tr\/index.php\/urun\/cesur-kalpler-kulubu-ve-kayip-kaplumbaga-ilk-okuma-kitabim\/","title":{"rendered":"Cesur Kalpler Kul\u00fcb\u00fc Ve Kay\u0131p Kaplumba\u011fa \u2013 \u0130lk Okuma Kitab\u0131m"},"content":{"rendered":"<p>\u00dc\u00e7 yak\u0131n arkada\u015f, insanlara ve hayvanlara yard\u0131m etmek i\u00e7in Cesur Kalpler Kul\u00fcb\u00fc\u2019n\u00fc kurdu. \u0130lk i\u015fleri bah\u00e7eden kaybolan kaplumba\u011fan\u0131n nerede oldu\u011funu bulmakt\u0131. \u00dc\u00e7 arkada\u015f hemen bir plan yap\u0131p kaybolan kaplumba\u011fan\u0131n pe\u015fine d\u00fc\u015ft\u00fc. Dostluk ve hayvan sevgisini konu alan heyecanl\u0131 bir \u00f6yk\u00fc&#8230; \u0130lk Okuma Kitab\u0131m serisindeki kitaplar, kolay okunabilen metinlerle, okumay\u0131 \u00f6\u011frenme s\u00fcrecindeki \u00e7ocuklara yard\u0131mc\u0131 olmak i\u00e7in haz\u0131rlanm\u0131\u015ft\u0131r. Pedagoglar\u0131n rehberli\u011finde haz\u0131rlanan kitaplarda \u00e7ocuklar\u0131n ilgisini \u00e7ekecek hik\u00e2yeler, resimler, rahat okumaya uygun yaz\u0131 tipi, anla\u015f\u0131l\u0131r ve basit c\u00fcmleler ile etkinlikler yer almaktad\u0131r. <\/p>\n","protected":false},"excerpt":{"rendered":"<p>\u00dc\u00e7 yak\u0131n arkada\u015f, insanlara ve hayvanlara yard\u0131m etmek i\u00e7in Cesur Kalpler Kul\u00fcb\u00fc\u2019n\u00fc kurdu. \u0130lk i\u015fleri bah\u00e7eden kaybolan kaplumba\u011fan\u0131n nerede oldu\u011funu bulmakt\u0131. \u00dc\u00e7 arkada\u015f hemen bir plan<span class=\"excerpt-hellip\"> [\u2026]<\/span><\/p>\n","protected":false},"featured_media":0,"template":"","meta":{"_monsterinsights_skip_tracking":false,"_monsterinsights_sitenote_active":false,"_monsterinsights_sitenote_note":"","_monsterinsights_sitenote_category":0},"product_brand":[],"product_cat":[12274,12284],"product_tag":[],"class_list":{"0":"post-741134","1":"product","2":"type-product","3":"status-publish","5":"product_cat-cocuk-ve-genclik-kitaplari","6":"product_cat-hikayeler","7":"pa_cilt-ciltsiz","8":"pa_tur-kitap","9":"pa_yayinevi-is-bankasi-kultur-yayinlari","10":"pa_yazar-dagmar-chidolue","12":"first","13":"instock","14":"sale","15":"shipping-taxable","16":"purchasable","17":"product-type-simple"},"_links":{"self":[{"href":"https:\/\/roveyayinevi.com.tr\/index.php\/wp-json\/wp\/v2\/product\/741134","targetHints":{"allow":["GET"]}}],"collection":[{"href":"https:\/\/roveyayinevi.com.tr\/index.php\/wp-json\/wp\/v2\/product"}],"about":[{"href":"https:\/\/roveyayinevi.com.tr\/index.php\/wp-json\/wp\/v2\/types\/product"}],"wp:attachment":[{"href":"https:\/\/roveyayinevi.com.tr\/index.php\/wp-json\/wp\/v2\/media?parent=741134"}],"wp:term":[{"taxonomy":"product_brand","embeddable":true,"href":"https:\/\/roveyayinevi.com.tr\/index.php\/wp-json\/wp\/v2\/product_brand?post=741134"},{"taxonomy":"product_cat","embeddable":true,"href":"https:\/\/roveyayinevi.com.tr\/index.php\/wp-json\/wp\/v2\/product_cat?post=741134"},{"taxonomy":"product_tag","embeddable":true,"href":"https:\/\/roveyayinevi.com.tr\/index.php\/wp-json\/wp\/v2\/product_tag?post=741134"}],"curies":[{"name":"wp","href":"https:\/\/api.w.org\/{rel}","templated":true}]}}