{"id":741131,"date":"2025-08-28T00:42:35","date_gmt":"2025-08-27T21:42:35","guid":{"rendered":"https:\/\/roveyayinevi.com.tr\/index.php\/urun\/dunyanin-ucuna-yolculuk-ilk-okuma-kitabim\/"},"modified":"2026-04-08T03:00:10","modified_gmt":"2026-04-08T00:00:10","slug":"dunyanin-ucuna-yolculuk-ilk-okuma-kitabim","status":"publish","type":"product","link":"https:\/\/roveyayinevi.com.tr\/index.php\/urun\/dunyanin-ucuna-yolculuk-ilk-okuma-kitabim\/","title":{"rendered":"D\u00fcnyan\u0131n Ucuna Yolculuk \u2013 \u0130lk Okuma Kitab\u0131m"},"content":{"rendered":"<p>Pelin ile Mert, yaz tatili bitti\u011finde okula gidecekleri i\u00e7in heyecanl\u0131yd\u0131. Okulun bah\u00e7esine ad\u0131m att\u0131klar\u0131nda Maya\u2019n\u0131n tatil an\u0131lar\u0131n\u0131 dinleyen iki arkada\u015f\u0131n akl\u0131na harika bir fikir geldi. Bah\u00e7ede hayali bir d\u00fcnya kurarak arkada\u015flar\u0131n\u0131 davet edeceklerdi. Hayal d\u00fcnyas\u0131n\u0131n kap\u0131lar\u0131n\u0131 aralayan macera dolu bir \u00f6yk\u00fc&#8230; \u0130lk Okuma Kitab\u0131m serisindeki kitaplar, kolay okunabilen metinlerle, okumay\u0131 \u00f6\u011frenme s\u00fcrecindeki \u00e7ocuklara yard\u0131mc\u0131 olmak i\u00e7in haz\u0131rlanm\u0131\u015ft\u0131r. Pedagoglar\u0131n rehberli\u011finde haz\u0131rlanan kitaplarda \u00e7ocuklar\u0131n ilgisini \u00e7ekecek hik\u00e2yeler, resimler, rahat okumaya uygun yaz\u0131 tipi, anla\u015f\u0131l\u0131r ve basit c\u00fcmleler ile etkinlikler yer almaktad\u0131r. <\/p>\n","protected":false},"excerpt":{"rendered":"<p>Pelin ile Mert, yaz tatili bitti\u011finde okula gidecekleri i\u00e7in heyecanl\u0131yd\u0131. Okulun bah\u00e7esine ad\u0131m att\u0131klar\u0131nda Maya\u2019n\u0131n tatil an\u0131lar\u0131n\u0131 dinleyen iki arkada\u015f\u0131n akl\u0131na harika bir fikir geldi. Bah\u00e7ede<span class=\"excerpt-hellip\"> [\u2026]<\/span><\/p>\n","protected":false},"featured_media":0,"template":"","meta":{"_monsterinsights_skip_tracking":false,"_monsterinsights_sitenote_active":false,"_monsterinsights_sitenote_note":"","_monsterinsights_sitenote_category":0},"product_brand":[],"product_cat":[12274,12284],"product_tag":[],"class_list":{"0":"post-741131","1":"product","2":"type-product","3":"status-publish","5":"product_cat-cocuk-ve-genclik-kitaplari","6":"product_cat-hikayeler","7":"pa_cilt-ciltsiz","8":"pa_tur-kitap","9":"pa_yayinevi-is-bankasi-kultur-yayinlari","10":"pa_yazar-cillie-schafer-silvia-schroer","12":"first","13":"instock","14":"sale","15":"shipping-taxable","16":"purchasable","17":"product-type-simple"},"_links":{"self":[{"href":"https:\/\/roveyayinevi.com.tr\/index.php\/wp-json\/wp\/v2\/product\/741131","targetHints":{"allow":["GET"]}}],"collection":[{"href":"https:\/\/roveyayinevi.com.tr\/index.php\/wp-json\/wp\/v2\/product"}],"about":[{"href":"https:\/\/roveyayinevi.com.tr\/index.php\/wp-json\/wp\/v2\/types\/product"}],"wp:attachment":[{"href":"https:\/\/roveyayinevi.com.tr\/index.php\/wp-json\/wp\/v2\/media?parent=741131"}],"wp:term":[{"taxonomy":"product_brand","embeddable":true,"href":"https:\/\/roveyayinevi.com.tr\/index.php\/wp-json\/wp\/v2\/product_brand?post=741131"},{"taxonomy":"product_cat","embeddable":true,"href":"https:\/\/roveyayinevi.com.tr\/index.php\/wp-json\/wp\/v2\/product_cat?post=741131"},{"taxonomy":"product_tag","embeddable":true,"href":"https:\/\/roveyayinevi.com.tr\/index.php\/wp-json\/wp\/v2\/product_tag?post=741131"}],"curies":[{"name":"wp","href":"https:\/\/api.w.org\/{rel}","templated":true}]}}