{"id":741123,"date":"2025-08-28T00:42:26","date_gmt":"2025-08-27T21:42:26","guid":{"rendered":"https:\/\/roveyayinevi.com.tr\/index.php\/urun\/hadi-konusalim\/"},"modified":"2026-04-16T02:52:14","modified_gmt":"2026-04-15T23:52:14","slug":"hadi-konusalim","status":"publish","type":"product","link":"https:\/\/roveyayinevi.com.tr\/index.php\/urun\/hadi-konusalim\/","title":{"rendered":"Hadi Konu\u015fal\u0131m !"},"content":{"rendered":"<p>Hadi Konu\u015fal\u0131m! Kitap A\u00e7\u0131klamas\u0131Elif\u2019in s\u0131radan bir okul g\u00fcn\u00fcne ne heyecan katabilir? Ho\u015fland\u0131\u011f\u0131 ki\u015fi Deniz\u2019in de kat\u0131laca\u011f\u0131 Uzay M\u00fczesi gezisi tabii ki! Arkada\u015flar ve derslerle dolu yeni bir hafta ba\u015flarken okul gezisine dair heyecanl\u0131 bekleyi\u015finin yan\u0131nda hayat\u0131na yepyeni bir deneyim daha girer Elif\u2019in: \u0130lk kez regl olur! Elif\u2019in ilk regl deneyimini ve arkada\u015flar\u0131yla okuldaki maceralar\u0131n\u0131 g\u00fcnl\u00fc\u011f\u00fcnden sayfalarla takip etti\u011fimiz bu kitap, regl olmak hakk\u0131nda sorular\u0131 olan b\u00fct\u00fcn gen\u00e7ler i\u00e7in yaz\u0131ld\u0131. Regl yoksullu\u011fu ve tabusuyla m\u00fccadele i\u00e7in daha \u00e7ok konu\u015fmam\u0131z gerek. Konu\u015fmam\u0131z Gerek Derne\u011fi kurucular\u0131 \u0130layda ve Bahar\u2019\u0131n kaleminden regl tabular\u0131na meydan okuyan bu hik\u00e2ye ile biz de \u201cHadi Konu\u015fal\u0131m\u201d diyoruz! Bahar Aldanmaz Fidan: Konu\u015fmam\u0131z Gerek Derne\u011fi kurucusu ve y\u00f6netici orta\u011f\u0131d\u0131r, Boston \u00dcniversitesi Sosyoloji departman\u0131nda Fulbright bursiyeri olarak doktora e\u011fitimini s\u00fcrd\u00fcrmektedir. Doktora ara\u015ft\u0131rmalar\u0131nda toplumsal cinsiyet, cinsellik, \u00fcreme haklar\u0131 ve menstr\u00fcasyon\/regl \u00e7al\u0131\u015fmaktad\u0131r. Doktora e\u011fitimi \u00f6ncesinde, Chicago \u00dcniversitesi\u2019nde Sosyal Bilimler y\u00fcksek lisans e\u011fitimini ve Ko\u00e7 \u00dcniversitesi\u2019nde de sosyoloji ve psikoloji lisans e\u011fitimlerini tamamlam\u0131\u015ft\u0131r. Psikiyatrist bir baba, \u00f6\u011fretmen bir anne ve abisi Bar\u0131\u015f ile Adana\u2019da do\u011fup b\u00fcy\u00fcyen Bahar, \u015fu anda k\u00f6pe\u011fi Roma ve e\u015fi \u00c7\u0131nar ile beraber Boston\u2019da ya\u015famaktad\u0131r. \u0130layda Eskita\u015f\u00e7\u0131o\u011flu: Konu\u015fmam\u0131z Gerek Derne\u011fi\u2019nin kurucusu ve y\u00f6netici orta\u011f\u0131d\u0131r. Ko\u00e7 \u00dcniversitesi Hukuk Fak\u00fcltesi\u2019nde uluslararas\u0131 insan haklar\u0131 hukuku alan\u0131nda doktora e\u011fitimini s\u00fcrd\u00fcrmektedir. Feminist hukuk kuram\u0131, toplumsal cinsiyet e\u015fitli\u011fi, Birle\u015fmi\u015f Milletler insan haklar\u0131 mekanizmalar\u0131 ve \u00e7ok uluslu \u015firketlerin insan haklar\u0131 ihlalleri alan\u0131nda ara\u015ft\u0131rma yapmaktad\u0131r. Ankara Barosu\u2019nda avukatt\u0131r. Doktoraya ba\u015flamadan \u00f6nce, Hollanda\u2019da Leiden \u00dcniversitesi\u2019nde insan haklar\u0131 hukuku alan\u0131nda y\u00fcksek lisans ve Bilkent \u00dcniversitesi Hukuk Fak\u00fcltesi\u2019nde lisans e\u011fitimini tamamlam\u0131\u015ft\u0131r. Birle\u015fmi\u015f Milletler taraf\u0131ndan S\u00fcrd\u00fcr\u00fclebilir Kalk\u0131nma hedefleri i\u00e7in se\u00e7ilen 17 gen\u00e7 liderden biridir. Do\u011fma b\u00fcy\u00fcme Ankaral\u0131d\u0131r ve \u00e7izgi romanlara bay\u0131l\u0131r.<\/p>\n","protected":false},"excerpt":{"rendered":"<p>Hadi Konu\u015fal\u0131m! Kitap A\u00e7\u0131klamas\u0131Elif\u2019in s\u0131radan bir okul g\u00fcn\u00fcne ne heyecan katabilir? Ho\u015fland\u0131\u011f\u0131 ki\u015fi Deniz\u2019in de kat\u0131laca\u011f\u0131 Uzay M\u00fczesi gezisi tabii ki! Arkada\u015flar ve derslerle dolu yeni<span class=\"excerpt-hellip\"> [\u2026]<\/span><\/p>\n","protected":false},"featured_media":0,"template":"","meta":{"_monsterinsights_skip_tracking":false,"_monsterinsights_sitenote_active":false,"_monsterinsights_sitenote_note":"","_monsterinsights_sitenote_category":0},"product_brand":[],"product_cat":[12274,12284],"product_tag":[],"class_list":{"0":"post-741123","1":"product","2":"type-product","3":"status-publish","5":"product_cat-cocuk-ve-genclik-kitaplari","6":"product_cat-hikayeler","7":"pa_cilt-ciltsiz","8":"pa_tur-kitap","9":"pa_yayinevi-dinozor-cocuk","10":"pa_yazar-ilayda-eskitascioglu","12":"first","13":"instock","14":"sale","15":"shipping-taxable","16":"purchasable","17":"product-type-simple"},"_links":{"self":[{"href":"https:\/\/roveyayinevi.com.tr\/index.php\/wp-json\/wp\/v2\/product\/741123","targetHints":{"allow":["GET"]}}],"collection":[{"href":"https:\/\/roveyayinevi.com.tr\/index.php\/wp-json\/wp\/v2\/product"}],"about":[{"href":"https:\/\/roveyayinevi.com.tr\/index.php\/wp-json\/wp\/v2\/types\/product"}],"wp:attachment":[{"href":"https:\/\/roveyayinevi.com.tr\/index.php\/wp-json\/wp\/v2\/media?parent=741123"}],"wp:term":[{"taxonomy":"product_brand","embeddable":true,"href":"https:\/\/roveyayinevi.com.tr\/index.php\/wp-json\/wp\/v2\/product_brand?post=741123"},{"taxonomy":"product_cat","embeddable":true,"href":"https:\/\/roveyayinevi.com.tr\/index.php\/wp-json\/wp\/v2\/product_cat?post=741123"},{"taxonomy":"product_tag","embeddable":true,"href":"https:\/\/roveyayinevi.com.tr\/index.php\/wp-json\/wp\/v2\/product_tag?post=741123"}],"curies":[{"name":"wp","href":"https:\/\/api.w.org\/{rel}","templated":true}]}}