{"id":741122,"date":"2025-08-28T00:42:24","date_gmt":"2025-08-27T21:42:24","guid":{"rendered":"https:\/\/roveyayinevi.com.tr\/index.php\/urun\/daglar-kukrediginde\/"},"modified":"2026-04-16T02:52:14","modified_gmt":"2026-04-15T23:52:14","slug":"daglar-kukrediginde","status":"publish","type":"product","link":"https:\/\/roveyayinevi.com.tr\/index.php\/urun\/daglar-kukrediginde\/","title":{"rendered":"Da\u011flar K\u00fckredi\u011finde"},"content":{"rendered":"<p>Y\u0131lan bilimci bir anne ve otel m\u00fcd\u00fcr\u00fc bir baban\u0131n k\u0131z\u0131 olan Ruby, Avustralya\u2019n\u0131n k\u0131rsal b\u00f6lgelerinde ya\u015far. Hem annesinin etkisi, hem de k\u0131rsal b\u00f6lgede b\u00fcy\u00fcmenin etkisiyle do\u011faya kar\u015f\u0131 olduk\u00e7a ilgilidir ve yaban hayat foto\u011fraf\u00e7\u0131s\u0131 olmak ister. Fakat Ruby\u2019nin bir g\u00fcnde apar topar t\u00fcm hayat\u0131 de\u011fi\u015fir. Babas\u0131n\u0131n okyanusun \u00f6tesinde, Hindistan\u2019da, yeni a\u00e7\u0131lacak bir otelin i\u015fletmesini kabul etmesiyle Avustralya\u2019da kurdu\u011fu d\u00fczeni sars\u0131l\u0131r. Art\u0131k kendini ait hissetti\u011fi yerden, okulundan ve arkada\u015flar\u0131ndan uzak kalacakt\u0131r. Ruby, Avustralya\u2019y\u0131 \u00f6zlese de Himalayalar\u2019da kendisini e\u015fi benzeri g\u00f6r\u00fclmemi\u015f bir do\u011fa kar\u015f\u0131lar fakat y\u00fczle\u015fmesi gereken baz\u0131 \u015feyler vard\u0131r: Da\u011f\u0131n lanetli oldu\u011funa dair s\u00f6ylentiler ve kurtar\u0131lmas\u0131 gereken son da\u011f leoparlar\u0131.<\/p>\n","protected":false},"excerpt":{"rendered":"<p>Y\u0131lan bilimci bir anne ve otel m\u00fcd\u00fcr\u00fc bir baban\u0131n k\u0131z\u0131 olan Ruby, Avustralya\u2019n\u0131n k\u0131rsal b\u00f6lgelerinde ya\u015far. Hem annesinin etkisi, hem de k\u0131rsal b\u00f6lgede b\u00fcy\u00fcmenin etkisiyle do\u011faya<span class=\"excerpt-hellip\"> [\u2026]<\/span><\/p>\n","protected":false},"featured_media":0,"template":"","meta":{"_monsterinsights_skip_tracking":false,"_monsterinsights_sitenote_active":false,"_monsterinsights_sitenote_note":"","_monsterinsights_sitenote_category":0},"product_brand":[],"product_cat":[12274,12284],"product_tag":[],"class_list":{"0":"post-741122","1":"product","2":"type-product","3":"status-publish","5":"product_cat-cocuk-ve-genclik-kitaplari","6":"product_cat-hikayeler","7":"pa_cilt-ciltsiz","8":"pa_tur-kitap","9":"pa_yayinevi-genc-timas","10":"pa_yazar-jess-butterworth","12":"first","13":"instock","14":"sale","15":"shipping-taxable","16":"purchasable","17":"product-type-simple"},"_links":{"self":[{"href":"https:\/\/roveyayinevi.com.tr\/index.php\/wp-json\/wp\/v2\/product\/741122","targetHints":{"allow":["GET"]}}],"collection":[{"href":"https:\/\/roveyayinevi.com.tr\/index.php\/wp-json\/wp\/v2\/product"}],"about":[{"href":"https:\/\/roveyayinevi.com.tr\/index.php\/wp-json\/wp\/v2\/types\/product"}],"wp:attachment":[{"href":"https:\/\/roveyayinevi.com.tr\/index.php\/wp-json\/wp\/v2\/media?parent=741122"}],"wp:term":[{"taxonomy":"product_brand","embeddable":true,"href":"https:\/\/roveyayinevi.com.tr\/index.php\/wp-json\/wp\/v2\/product_brand?post=741122"},{"taxonomy":"product_cat","embeddable":true,"href":"https:\/\/roveyayinevi.com.tr\/index.php\/wp-json\/wp\/v2\/product_cat?post=741122"},{"taxonomy":"product_tag","embeddable":true,"href":"https:\/\/roveyayinevi.com.tr\/index.php\/wp-json\/wp\/v2\/product_tag?post=741122"}],"curies":[{"name":"wp","href":"https:\/\/api.w.org\/{rel}","templated":true}]}}