{"id":741120,"date":"2025-08-28T00:42:22","date_gmt":"2025-08-27T21:42:22","guid":{"rendered":"https:\/\/roveyayinevi.com.tr\/index.php\/urun\/musilaj-agit-mi-umut-mu\/"},"modified":"2026-04-16T02:52:14","modified_gmt":"2026-04-15T23:52:14","slug":"musilaj-agit-mi-umut-mu","status":"publish","type":"product","link":"https:\/\/roveyayinevi.com.tr\/index.php\/urun\/musilaj-agit-mi-umut-mu\/","title":{"rendered":"M\u00fcsilaj \u2013 A\u011fit Mi Umut Mu ?"},"content":{"rendered":"<p>Marmara Denizi\u2019ni kaplad\u0131\u011f\u0131nda varl\u0131\u011f\u0131ndan haberdar oldu\u011fumuz m\u00fcsilaj, denizle kurdu\u011fumuz yanl\u0131\u015f ili\u015fkinin sonucu. Denizi sihirbaz zannettik. Y\u0131llard\u0131r 25 milyon insan\u0131n evsel at\u0131klar\u0131n\u0131, T\u00fcrkiye\u2019nin yar\u0131s\u0131na hizmet sunan end\u00fcstrinin at\u0131klar\u0131n\u0131, denizcilik faaliyetleri sonucu ortaya \u00e7\u0131kan at\u0131klar\u0131 ve yo\u011fun tar\u0131msal \u00fcretimden kaynaklanan at\u0131klar\u0131 yeterince ar\u0131tmadan denize boca ettik. Denizin can damar\u0131 olan akarsular\u0131 birer at\u0131k kanal\u0131 haline getirdik. Yanl\u0131\u015f avc\u0131l\u0131k teknikleriyle dibini kaz\u0131d\u0131k. Orijinal yap\u0131s\u0131n\u0131n asl\u0131nda k\u0131r\u0131lganl\u0131\u011f\u0131n\u0131n da bir g\u00f6stergesi oldu\u011funu dikkate almad\u0131k. Nedeni insan olan iklim de\u011fi\u015fiminin y\u0131k\u0131c\u0131 etkilerinin denizleri de \u0131s\u0131taca\u011f\u0131n\u0131 d\u00fc\u015f\u00fcnmedik. Sonra m\u00fcsilaj ortaya \u00e7\u0131k\u0131nca su\u00e7lu aramaya ba\u015flad\u0131k. Oysa m\u00fcsilaj, kirlenen ruhlar\u0131m\u0131z\u0131n, denize kar\u015f\u0131 kaybetti\u011fimiz sayg\u0131n\u0131n bir d\u0131\u015favurumuydu asl\u0131nda. E\u011fer denizle olan ili\u015fkimizi do\u011fru bir temele oturtmazsak zaman\u0131 me\u00e7hul, tekrar\u0131 kesin yeni m\u00fcsilaj k\u00e2buslar\u0131yla y\u00fczle\u015fece\u011fiz. Yol ayr\u0131m\u0131nday\u0131z. Ya denizin m\u00fcsilajla verdi\u011fi mesaj\u0131 al\u0131p denizimizi kurtaraca\u011f\u0131z ya da vazge\u00e7ece\u011fiz. Bu kitap m\u00fcsilaj\u0131 t\u00fcm y\u00f6nleriyle ele al\u0131yor. M\u00fcsilaj\u0131n olu\u015fumunu, nedenlerini, kirlilik kaynaklar\u0131n\u0131 ak\u0131c\u0131 bir dille a\u00e7\u0131kl\u0131yor. M\u00fcsilajla ilgili akla gelebilecek b\u00fct\u00fcn sorular\u0131 hepimiz ad\u0131na sorarak cevapl\u0131yor. A\u011f\u0131t yakmay\u0131 b\u0131rak\u0131p, m\u00fcsilajdan yapt\u0131\u011f\u0131 yuvas\u0131nda neslini devam ettirmeye \u00e7al\u0131\u015fan \u00e7\u0131r\u00e7\u0131r bal\u0131\u011f\u0131n\u0131n yakt\u0131\u011f\u0131 umut \u0131\u015f\u0131\u011f\u0131n\u0131n pe\u015fine d\u00fc\u015fmeyi \u00f6neriyor. Su\u00e7u ba\u015fkalar\u0131na atmak yerine bireysel olarak yapabileceklerimizi bize hat\u0131rlat\u0131yor. <\/p>\n","protected":false},"excerpt":{"rendered":"<p>Marmara Denizi\u2019ni kaplad\u0131\u011f\u0131nda varl\u0131\u011f\u0131ndan haberdar oldu\u011fumuz m\u00fcsilaj, denizle kurdu\u011fumuz yanl\u0131\u015f ili\u015fkinin sonucu. Denizi sihirbaz zannettik. Y\u0131llard\u0131r 25 milyon insan\u0131n evsel at\u0131klar\u0131n\u0131, T\u00fcrkiye\u2019nin yar\u0131s\u0131na hizmet sunan end\u00fcstrinin<span class=\"excerpt-hellip\"> [\u2026]<\/span><\/p>\n","protected":false},"featured_media":0,"template":"","meta":{"_monsterinsights_skip_tracking":false,"_monsterinsights_sitenote_active":false,"_monsterinsights_sitenote_note":"","_monsterinsights_sitenote_category":0},"product_brand":[],"product_cat":[12291,12711],"product_tag":[],"class_list":{"0":"post-741120","1":"product","2":"type-product","3":"status-publish","5":"product_cat-edebiyat","6":"product_cat-roman-oyku","7":"pa_cilt-ciltsiz","8":"pa_tur-kitap","9":"pa_yayinevi-is-bankasi-kultur-yayinlari","10":"pa_yazar-mustafa-sari","12":"first","13":"instock","14":"sale","15":"shipping-taxable","16":"purchasable","17":"product-type-simple"},"_links":{"self":[{"href":"https:\/\/roveyayinevi.com.tr\/index.php\/wp-json\/wp\/v2\/product\/741120","targetHints":{"allow":["GET"]}}],"collection":[{"href":"https:\/\/roveyayinevi.com.tr\/index.php\/wp-json\/wp\/v2\/product"}],"about":[{"href":"https:\/\/roveyayinevi.com.tr\/index.php\/wp-json\/wp\/v2\/types\/product"}],"wp:attachment":[{"href":"https:\/\/roveyayinevi.com.tr\/index.php\/wp-json\/wp\/v2\/media?parent=741120"}],"wp:term":[{"taxonomy":"product_brand","embeddable":true,"href":"https:\/\/roveyayinevi.com.tr\/index.php\/wp-json\/wp\/v2\/product_brand?post=741120"},{"taxonomy":"product_cat","embeddable":true,"href":"https:\/\/roveyayinevi.com.tr\/index.php\/wp-json\/wp\/v2\/product_cat?post=741120"},{"taxonomy":"product_tag","embeddable":true,"href":"https:\/\/roveyayinevi.com.tr\/index.php\/wp-json\/wp\/v2\/product_tag?post=741120"}],"curies":[{"name":"wp","href":"https:\/\/api.w.org\/{rel}","templated":true}]}}