{"id":741119,"date":"2025-08-28T00:42:21","date_gmt":"2025-08-27T21:42:21","guid":{"rendered":"https:\/\/roveyayinevi.com.tr\/index.php\/urun\/kucuk-otel\/"},"modified":"2026-04-16T02:52:14","modified_gmt":"2026-04-15T23:52:14","slug":"kucuk-otel","status":"publish","type":"product","link":"https:\/\/roveyayinevi.com.tr\/index.php\/urun\/kucuk-otel\/","title":{"rendered":"K\u00fc\u00e7\u00fck Otel"},"content":{"rendered":"<p>\u0130kinci D\u00fcnya Sava\u015f\u0131\u2019n\u0131n ard\u0131ndan Cenevre G\u00f6l\u00fc\u2019ndeki k\u00fc\u00e7\u00fck bir otelde, hepsi de hayatlar\u0131ndaki finansal, ki\u015fisel veya politik sorunlardan ka\u00e7an bir grup insan bir araya gelir. \u0130svi\u00e7re-Turu Oteli\u2019nin sahibi Madam Bonnard, konuklar\u0131n\u0131n kendi arkada\u015flar\u0131na, ailelerine ya da avukatlar\u0131na s\u00f6yleyemeyece\u011fi bir\u00e7ok s\u0131rr\u0131na v\u00e2k\u0131ft\u0131r. Her bir konu\u011fun tuhafl\u0131klar\u0131, \u00e7aresizlikleri, k\u0131skan\u00e7l\u0131klar\u0131, \u00f6nyarg\u0131lar\u0131 ve kinleri birbirleriyle kurduklar\u0131 ili\u015fkilere yans\u0131r. Stead karakterleri arac\u0131l\u0131\u011f\u0131yla sava\u015f\u0131n miras\u0131n\u0131, So\u011fuk Sava\u015f\u2019\u0131n etkilerini ve uluslararas\u0131 kara para aklama ile vergi ka\u00e7ak\u00e7\u0131l\u0131\u011f\u0131n\u0131n y\u00fckseli\u015fini analiz eder. \u0130lk olarak 1973\u2019te, Christina Stead\u2019in Avustralya\u2019ya d\u00f6n\u00fc\u015f\u00fcnden k\u0131sa s\u00fcre \u00f6nce yay\u0131mlanan ve yazar\u0131n Avrupa otellerindeki deneyimlerinden esinlenen K\u00fc\u00e7\u00fck Otel, sava\u015f sonras\u0131 Avrupa\u2019da de\u011fi\u015fen hayatlar\u0131n detaylarla peki\u015ftirilmi\u015f incelikli bir hicvidir. Stead kom\u00fcnizm yanl\u0131s\u0131 bir ekonomist olan e\u015fi William J. Blake ile Avrupa\u2019da ya\u015fad\u0131\u011f\u0131 1950\u2019li y\u0131llarda s\u00fcrekli g\u00fcnl\u00fck tutar. Bulunduklar\u0131 yerlerin manzaras\u0131 ve hava durumu, r\u00fcyalar\u0131, sinema ve opera gezileri, otel personeliyle di\u011fer konuklar\u0131n tasvirleri ve ge\u00e7mi\u015fleri, yazar\u0131n neredeyse yirmi y\u0131l boyunca kurgulad\u0131\u011f\u0131 ve \u00e7e\u015fitli taslaklar\u0131n\u0131 yazd\u0131\u011f\u0131 K\u00fc\u00e7\u00fck Otel\u2019in de temelini olu\u015fturur. <\/p>\n","protected":false},"excerpt":{"rendered":"<p>\u0130kinci D\u00fcnya Sava\u015f\u0131\u2019n\u0131n ard\u0131ndan Cenevre G\u00f6l\u00fc\u2019ndeki k\u00fc\u00e7\u00fck bir otelde, hepsi de hayatlar\u0131ndaki finansal, ki\u015fisel veya politik sorunlardan ka\u00e7an bir grup insan bir araya gelir. \u0130svi\u00e7re-Turu Oteli\u2019nin<span class=\"excerpt-hellip\"> [\u2026]<\/span><\/p>\n","protected":false},"featured_media":0,"template":"","meta":{"_monsterinsights_skip_tracking":false,"_monsterinsights_sitenote_active":false,"_monsterinsights_sitenote_note":"","_monsterinsights_sitenote_category":0},"product_brand":[],"product_cat":[12291,12711],"product_tag":[],"class_list":{"0":"post-741119","1":"product","2":"type-product","3":"status-publish","5":"product_cat-edebiyat","6":"product_cat-roman-oyku","7":"pa_cilt-ciltsiz","8":"pa_tur-kitap","9":"pa_yayinevi-is-bankasi-kultur-yayinlari","10":"pa_yazar-christina-stead","12":"first","13":"instock","14":"sale","15":"shipping-taxable","16":"purchasable","17":"product-type-simple"},"_links":{"self":[{"href":"https:\/\/roveyayinevi.com.tr\/index.php\/wp-json\/wp\/v2\/product\/741119","targetHints":{"allow":["GET"]}}],"collection":[{"href":"https:\/\/roveyayinevi.com.tr\/index.php\/wp-json\/wp\/v2\/product"}],"about":[{"href":"https:\/\/roveyayinevi.com.tr\/index.php\/wp-json\/wp\/v2\/types\/product"}],"wp:attachment":[{"href":"https:\/\/roveyayinevi.com.tr\/index.php\/wp-json\/wp\/v2\/media?parent=741119"}],"wp:term":[{"taxonomy":"product_brand","embeddable":true,"href":"https:\/\/roveyayinevi.com.tr\/index.php\/wp-json\/wp\/v2\/product_brand?post=741119"},{"taxonomy":"product_cat","embeddable":true,"href":"https:\/\/roveyayinevi.com.tr\/index.php\/wp-json\/wp\/v2\/product_cat?post=741119"},{"taxonomy":"product_tag","embeddable":true,"href":"https:\/\/roveyayinevi.com.tr\/index.php\/wp-json\/wp\/v2\/product_tag?post=741119"}],"curies":[{"name":"wp","href":"https:\/\/api.w.org\/{rel}","templated":true}]}}