{"id":741118,"date":"2025-08-28T00:42:19","date_gmt":"2025-08-27T21:42:19","guid":{"rendered":"https:\/\/roveyayinevi.com.tr\/index.php\/urun\/bu-bizim-anlasmamiz\/"},"modified":"2026-04-16T02:52:14","modified_gmt":"2026-04-15T23:52:14","slug":"bu-bizim-anlasmamiz","status":"publish","type":"product","link":"https:\/\/roveyayinevi.com.tr\/index.php\/urun\/bu-bizim-anlasmamiz\/","title":{"rendered":"Bu Bizim Anla\u015fmam\u0131z"},"content":{"rendered":"<p>Her y\u0131l, Sonbahar Ekinoksu Festivali gecesinde kasaba halk\u0131 k\u00e2\u011f\u0131t fenerleri nehirden a\u015fa\u011f\u0131 y\u00fczd\u00fcrmek i\u00e7in toplan\u0131r. Efsaneye g\u00f6re, fenerler g\u00f6zden kaybolduktan sonra Samanyolu Galaksisi\u2019ne u\u00e7ar ve g\u00f6kteki parlak y\u0131ld\u0131zlara d\u00f6n\u00fc\u015f\u00fcr. Peki bu efsane ger\u00e7ekten do\u011fru olabilir mi? Bu y\u0131l, Ben ve s\u0131n\u0131f arkada\u015flar\u0131 fenerlerin ger\u00e7ekte nereye gitti\u011fini bulmakta kararl\u0131lar ve bu g\u00f6revde ba\u015far\u0131y\u0131 garantilemek i\u00e7in iki basit kural \u00fczerine bir anla\u015fma yapt\u0131lar: Kimse eve d\u00f6nmeyecek. Kimse arkas\u0131na bakmayacak. Plan, ger\u00e7e\u011fi \u00f6\u011frenmek i\u00e7in ne kadar uzun s\u00fcrerse s\u00fcrs\u00fcn nehir boyunca bisikletleriyle fenerleri takip etmek. Ancak anla\u015fmaya Ben ve s\u0131n\u0131ftan d\u0131\u015flanan arkada\u015f\u0131 Nathaniel d\u0131\u015f\u0131nda kimse uymaz. Nathaniel ve Ben birlikte sihir, merak ve beklenmedik dostluklarla dolu bir yolda hi\u00e7 kimsenin gidemedi\u011fi kadar uza\u011fa gitmekte kararl\u0131. Ta ki konu\u015fan bir ay\u0131 ile tan\u0131\u015fana dek.<\/p>\n","protected":false},"excerpt":{"rendered":"<p>Her y\u0131l, Sonbahar Ekinoksu Festivali gecesinde kasaba halk\u0131 k\u00e2\u011f\u0131t fenerleri nehirden a\u015fa\u011f\u0131 y\u00fczd\u00fcrmek i\u00e7in toplan\u0131r. Efsaneye g\u00f6re, fenerler g\u00f6zden kaybolduktan sonra Samanyolu Galaksisi\u2019ne u\u00e7ar ve g\u00f6kteki<span class=\"excerpt-hellip\"> [\u2026]<\/span><\/p>\n","protected":false},"featured_media":0,"template":"","meta":{"_monsterinsights_skip_tracking":false,"_monsterinsights_sitenote_active":false,"_monsterinsights_sitenote_note":"","_monsterinsights_sitenote_category":0},"product_brand":[],"product_cat":[12689,12274],"product_tag":[],"class_list":{"0":"post-741118","1":"product","2":"type-product","3":"status-publish","5":"product_cat-cizgi-roman-cocuk-ve-genclik-kitaplari","6":"product_cat-cocuk-ve-genclik-kitaplari","7":"pa_cilt-ciltsiz","8":"pa_tur-kitap","9":"pa_yayinevi-genc-timas","10":"pa_yazar-ryan-andrews","12":"first","13":"instock","14":"sale","15":"shipping-taxable","16":"purchasable","17":"product-type-simple"},"_links":{"self":[{"href":"https:\/\/roveyayinevi.com.tr\/index.php\/wp-json\/wp\/v2\/product\/741118","targetHints":{"allow":["GET"]}}],"collection":[{"href":"https:\/\/roveyayinevi.com.tr\/index.php\/wp-json\/wp\/v2\/product"}],"about":[{"href":"https:\/\/roveyayinevi.com.tr\/index.php\/wp-json\/wp\/v2\/types\/product"}],"wp:attachment":[{"href":"https:\/\/roveyayinevi.com.tr\/index.php\/wp-json\/wp\/v2\/media?parent=741118"}],"wp:term":[{"taxonomy":"product_brand","embeddable":true,"href":"https:\/\/roveyayinevi.com.tr\/index.php\/wp-json\/wp\/v2\/product_brand?post=741118"},{"taxonomy":"product_cat","embeddable":true,"href":"https:\/\/roveyayinevi.com.tr\/index.php\/wp-json\/wp\/v2\/product_cat?post=741118"},{"taxonomy":"product_tag","embeddable":true,"href":"https:\/\/roveyayinevi.com.tr\/index.php\/wp-json\/wp\/v2\/product_tag?post=741118"}],"curies":[{"name":"wp","href":"https:\/\/api.w.org\/{rel}","templated":true}]}}