{"id":741117,"date":"2025-08-28T00:42:18","date_gmt":"2025-08-27T21:42:18","guid":{"rendered":"https:\/\/roveyayinevi.com.tr\/index.php\/urun\/faust-asya-ciltli\/"},"modified":"2026-04-16T02:52:14","modified_gmt":"2026-04-15T23:52:14","slug":"faust-asya-ciltli","status":"publish","type":"product","link":"https:\/\/roveyayinevi.com.tr\/index.php\/urun\/faust-asya-ciltli\/","title":{"rendered":"Faust &#8211; Asya &#8211; (Ciltli)"},"content":{"rendered":"<p>\u0130van Sergeyevi\u00e7 Turgenyev (1818-1883): Avrupa\u2019da ve \u00fclkemizde eserleri ilk \u00e7evrilen 19. y\u00fczy\u0131l Rus yazarlardand\u0131r. Moskova, Petersburg ve Paris \u00fcniversitelerinde \u00f6\u011frenim g\u00f6ren Turgenyev, d\u00f6neminin Avrupal\u0131 bak\u0131\u015f a\u00e7\u0131s\u0131na sahip tek Rus yazar\u0131 olarak an\u0131l\u0131r. Zay\u0131f iradeli Rus ayd\u0131nlar\u0131n\u0131, serflerin ya\u015fant\u0131s\u0131n\u0131, toprak sahibi soylular\u0131n a\u015fklar\u0131n\u0131 ve kendisini yak\u0131n hissetmedi\u011fi radikal gen\u00e7 ku\u015fa\u011f\u0131 tarafs\u0131z ve ger\u00e7ek\u00e7i bir dille eserlerine aktarm\u0131\u015ft\u0131r. Turgenyev\u2019in kusursuz do\u011fa tasvirleriyle bezedi\u011fi Asya ve mektup bi\u00e7iminde kaleme ald\u0131\u011f\u0131 Faust \u00f6yk\u00fclerinde de yine zay\u0131f iradeli Rus ayd\u0131nlar\u0131n\u0131n a\u015fklar\u0131 konu edilir.                                                                                                                <\/p>\n","protected":false},"excerpt":{"rendered":"<p>\u0130van Sergeyevi\u00e7 Turgenyev (1818-1883): Avrupa\u2019da ve \u00fclkemizde eserleri ilk \u00e7evrilen 19. y\u00fczy\u0131l Rus yazarlardand\u0131r. Moskova, Petersburg ve Paris \u00fcniversitelerinde \u00f6\u011frenim g\u00f6ren Turgenyev, d\u00f6neminin Avrupal\u0131 bak\u0131\u015f a\u00e7\u0131s\u0131na<span class=\"excerpt-hellip\"> [\u2026]<\/span><\/p>\n","protected":false},"featured_media":0,"template":"","meta":{"_monsterinsights_skip_tracking":false,"_monsterinsights_sitenote_active":false,"_monsterinsights_sitenote_note":"","_monsterinsights_sitenote_category":0},"product_brand":[],"product_cat":[12291,12711],"product_tag":[],"class_list":{"0":"post-741117","1":"product","2":"type-product","3":"status-publish","5":"product_cat-edebiyat","6":"product_cat-roman-oyku","7":"pa_cilt-ciltli","8":"pa_tur-kitap","9":"pa_yayinevi-is-bankasi-kultur-yayinlari","10":"pa_yazar-ivan-sergeyevic-turgenyev","12":"first","13":"instock","14":"sale","15":"shipping-taxable","16":"purchasable","17":"product-type-simple"},"_links":{"self":[{"href":"https:\/\/roveyayinevi.com.tr\/index.php\/wp-json\/wp\/v2\/product\/741117","targetHints":{"allow":["GET"]}}],"collection":[{"href":"https:\/\/roveyayinevi.com.tr\/index.php\/wp-json\/wp\/v2\/product"}],"about":[{"href":"https:\/\/roveyayinevi.com.tr\/index.php\/wp-json\/wp\/v2\/types\/product"}],"wp:attachment":[{"href":"https:\/\/roveyayinevi.com.tr\/index.php\/wp-json\/wp\/v2\/media?parent=741117"}],"wp:term":[{"taxonomy":"product_brand","embeddable":true,"href":"https:\/\/roveyayinevi.com.tr\/index.php\/wp-json\/wp\/v2\/product_brand?post=741117"},{"taxonomy":"product_cat","embeddable":true,"href":"https:\/\/roveyayinevi.com.tr\/index.php\/wp-json\/wp\/v2\/product_cat?post=741117"},{"taxonomy":"product_tag","embeddable":true,"href":"https:\/\/roveyayinevi.com.tr\/index.php\/wp-json\/wp\/v2\/product_tag?post=741117"}],"curies":[{"name":"wp","href":"https:\/\/api.w.org\/{rel}","templated":true}]}}